{"id":5299,"date":"2025-09-03T06:38:45","date_gmt":"2025-09-03T06:38:45","guid":{"rendered":"https:\/\/golf-thaitour.com\/?page_id=5299"},"modified":"2025-09-04T14:16:14","modified_gmt":"2025-09-04T14:16:14","slug":"blue-canyon-country-club","status":"publish","type":"page","link":"https:\/\/golf-thaitour.com\/fr_fr\/blue-canyon-country-club\/","title":{"rendered":"Blue Canyon Country Club"},"content":{"rendered":"\t\t<div data-elementor-type=\"wp-page\" data-elementor-id=\"5299\" class=\"elementor elementor-5299\" data-elementor-post-type=\"page\">\n\t\t\t\t\t\t<section class=\"elementor-section elementor-top-section elementor-element elementor-element-5e82a77f elementor-section-height-min-height elementor-section-boxed elementor-section-height-default elementor-section-items-middle\" data-id=\"5e82a77f\" data-element_type=\"section\" data-settings=\"{&quot;background_background&quot;:&quot;classic&quot;}\">\n\t\t\t\t\t\t\t<div class=\"elementor-background-overlay\"><\/div>\n\t\t\t\t\t\t\t<div class=\"elementor-container elementor-column-gap-no\">\n\t\t\t\t\t<div class=\"elementor-column elementor-col-100 elementor-top-column elementor-element elementor-element-15ff56e2\" data-id=\"15ff56e2\" data-element_type=\"column\">\n\t\t\t<div class=\"elementor-widget-wrap elementor-element-populated\">\n\t\t\t\t\t\t<div class=\"elementor-element elementor-element-582b31a4 elementor-widget elementor-widget-heading\" data-id=\"582b31a4\" data-element_type=\"widget\" data-widget_type=\"heading.default\">\n\t\t\t\t<div class=\"elementor-widget-container\">\n\t\t\t\t\t<h1 class=\"elementor-heading-title elementor-size-default\">Blue Canyon Country Club<\/h1>\t\t\t\t<\/div>\n\t\t\t\t<\/div>\n\t\t\t\t\t<\/div>\n\t\t<\/div>\n\t\t\t\t\t<\/div>\n\t\t<\/section>\n\t\t\t\t<section class=\"elementor-section elementor-top-section elementor-element elementor-element-54c75ba6 elementor-section-boxed elementor-section-height-default elementor-section-height-default\" data-id=\"54c75ba6\" data-element_type=\"section\">\n\t\t\t\t\t\t<div class=\"elementor-container elementor-column-gap-default\">\n\t\t\t\t\t<div class=\"elementor-column elementor-col-100 elementor-top-column elementor-element elementor-element-627c94f4\" data-id=\"627c94f4\" data-element_type=\"column\">\n\t\t\t<div class=\"elementor-widget-wrap elementor-element-populated\">\n\t\t\t\t\t\t<div class=\"elementor-element elementor-element-72f4b632 elementor-widget elementor-widget-text-editor\" data-id=\"72f4b632\" data-element_type=\"widget\" data-widget_type=\"text-editor.default\">\n\t\t\t\t<div class=\"elementor-widget-container\">\n\t\t\t\t\t\t\t\t\t<p><strong>Le Canyon Course du Blue Canyon Country Club<\/strong>\u00a0\u00e9tait le parcours original de 18 trous et est devenu c\u00e9l\u00e8bre lorsqu&rsquo;il a \u00e9t\u00e9 choisi pour accueillir le Johnnie Walker Classic en 1994. Depuis, le m\u00eame tournoi est revenu deux fois et\u00a0<strong>Tiger Woods\u00a0<\/strong>l&rsquo;a remport\u00e9 en 1998. Blue Canyon, reconnu comme un parcours de championnat du monde, est toujours class\u00e9 parmi les meilleurs parcours de golf de Tha\u00eflande.<br \/><br \/>Le parcours, situ\u00e9 dans une mine d&rsquo;\u00e9tain abandonn\u00e9e, pr\u00e9sente les caract\u00e9ristiques d&rsquo;une ancienne mine \u00e0 ciel ouvert sur l&rsquo;ensemble de la propri\u00e9t\u00e9. Des ruisseaux remplis d&rsquo;eau couleur rouille, des canyons avec des falaises abruptes exposant des roches rouges et blanches charg\u00e9es de minerai d&rsquo;\u00e9tain, et des r\u00e9sidus d&rsquo;anciennes exploitations mini\u00e8res ne sont que quelques-uns des nombreux retours \u00e0 des jours r\u00e9volus.<br \/><br \/>Les neuf premiers trous montent et traversent des fairways bord\u00e9s de palmiers \u00e0 huile. Les neuf derniers trous sont encore meilleurs avec les trous 11 \u00e0 15 et probablement les cinq meilleurs parcours de Tha\u00eflande, voire de toute l&rsquo;Asie. Ces cinq trous m\u00e9morables seront sans aucun doute au centre des discussions d&rsquo;apr\u00e8s parcours.<br \/><br \/>Le par 5 du 11e est un par 5 difficile de 560 metres avec de l&rsquo;eau traversant le fairway au premier coup et de l&rsquo;eau prot\u00e9geant le green \u00e0 gauche et \u00e0 droite au troisi\u00e8me coup. Un bogey sans p\u00e9nalit\u00e9 est un bon score ici. Le c\u00e9l\u00e8bre par 4 du 13e, qui traverse un canyon, tente le casse-cou qui sommeille en chaque golfeur, et le par 3 du 14e, qui suit, d&rsquo;un tee sur\u00e9lev\u00e9 \u00e0 un green en forme d&rsquo;\u00eele, est l&rsquo;un des plus beaux par 3, mais aussi l&rsquo;un des plus difficiles pour tous les joueurs qui prennent le d\u00e9part et se lancent. Il n&rsquo;y a pas de zone de secours et, \u00e0 moins d&rsquo;avoir d\u00e9j\u00e0 jou\u00e9 le parcours, il est difficile de faire confiance au bon club et d&rsquo;\u00e9valuer les effets du vent. La plupart des\u00a0golfeurs de\u00a0passage \u00e0\u00a0Phuket\u00a0connaissent des fins de partie arros\u00e9es, et non heureuses.<br \/><br \/>Le 17e est \u00e9galement l&rsquo;un des Par 3 les plus intimidants qui soient, et m\u00eame depuis les tees blancs, il faut un long fer ou un bois de parcours pour atteindre un green partiellement cach\u00e9, nich\u00e9 derri\u00e8re le canyon sur la droite.<\/p>\t\t\t\t\t\t\t\t<\/div>\n\t\t\t\t<\/div>\n\t\t\t\t<div class=\"elementor-element elementor-element-18f42049 elementor-widget elementor-widget-heading\" data-id=\"18f42049\" data-element_type=\"widget\" data-widget_type=\"heading.default\">\n\t\t\t\t<div class=\"elementor-widget-container\">\n\t\t\t\t\t<h2 class=\"elementor-heading-title elementor-size-default\">CLUB HOUSE AND FACILITIES<\/h2>\t\t\t\t<\/div>\n\t\t\t\t<\/div>\n\t\t\t\t<div class=\"elementor-element elementor-element-319bffe8 elementor-widget elementor-widget-text-editor\" data-id=\"319bffe8\" data-element_type=\"widget\" data-widget_type=\"text-editor.default\">\n\t\t\t\t<div class=\"elementor-widget-container\">\n\t\t\t\t\t\t\t\t\t<p>Le Blue Canyon dispose d&rsquo;un grand clubhouse, avec trois restaurants, un pro shop bien achaland\u00e9, des casiers et des douches, des massages et un spa. \u00c0 l&rsquo;\u00e9poque de sa gloire, dans les ann\u00e9es 90, il \u00e9tait la r\u00e9f\u00e9rence en mati\u00e8re d&rsquo;excellence des clubs de golf. D\u2019excellent caddie vous aideront \u00e0 choisir vos clubs et la ligne de jeu<\/p>\t\t\t\t\t\t\t\t<\/div>\n\t\t\t\t<\/div>\n\t\t\t\t\t<\/div>\n\t\t<\/div>\n\t\t\t\t\t<\/div>\n\t\t<\/section>\n\t\t\t\t<section class=\"elementor-section elementor-top-section elementor-element elementor-element-7d2c73c6 elementor-section-boxed elementor-section-height-default elementor-section-height-default\" data-id=\"7d2c73c6\" data-element_type=\"section\" data-settings=\"{&quot;background_background&quot;:&quot;classic&quot;}\">\n\t\t\t\t\t\t\t<div class=\"elementor-background-overlay\"><\/div>\n\t\t\t\t\t\t\t<div class=\"elementor-container elementor-column-gap-default\">\n\t\t\t\t\t<div class=\"elementor-column elementor-col-100 elementor-top-column elementor-element elementor-element-1c947abe\" data-id=\"1c947abe\" data-element_type=\"column\" data-settings=\"{&quot;background_background&quot;:&quot;classic&quot;}\">\n\t\t\t<div class=\"elementor-widget-wrap elementor-element-populated\">\n\t\t\t\t\t\t<div class=\"elementor-element elementor-element-457a64d4 elementor-pagination-position-outside elementor-widget elementor-widget-image-carousel\" data-id=\"457a64d4\" data-element_type=\"widget\" data-settings=\"{&quot;slides_to_show&quot;:&quot;3&quot;,&quot;slides_to_scroll&quot;:&quot;3&quot;,&quot;navigation&quot;:&quot;dots&quot;,&quot;autoplay_speed&quot;:6000,&quot;image_spacing_custom&quot;:{&quot;unit&quot;:&quot;px&quot;,&quot;size&quot;:30,&quot;sizes&quot;:[]},&quot;autoplay&quot;:&quot;yes&quot;,&quot;pause_on_hover&quot;:&quot;yes&quot;,&quot;pause_on_interaction&quot;:&quot;yes&quot;,&quot;infinite&quot;:&quot;yes&quot;,&quot;speed&quot;:500,&quot;image_spacing_custom_tablet&quot;:{&quot;unit&quot;:&quot;px&quot;,&quot;size&quot;:&quot;&quot;,&quot;sizes&quot;:[]},&quot;image_spacing_custom_mobile&quot;:{&quot;unit&quot;:&quot;px&quot;,&quot;size&quot;:&quot;&quot;,&quot;sizes&quot;:[]}}\" data-widget_type=\"image-carousel.default\">\n\t\t\t\t<div class=\"elementor-widget-container\">\n\t\t\t\t\t\t\t<div class=\"elementor-image-carousel-wrapper swiper\" role=\"region\" aria-roledescription=\"carousel\" aria-label=\"Carrousel d\u2019images\" dir=\"ltr\">\n\t\t\t<div class=\"elementor-image-carousel swiper-wrapper swiper-image-stretch\" aria-live=\"off\">\n\t\t\t\t\t\t\t\t<div class=\"swiper-slide\" role=\"group\" aria-roledescription=\"slide\" aria-label=\"1 sur 36\"><figure class=\"swiper-slide-inner\"><img decoding=\"async\" class=\"swiper-slide-image\" src=\"https:\/\/golf-thaitour.com\/wp-content\/uploads\/elementor\/thumbs\/20250813_162306-scaled-rb796fuoymlyu9hqzc9phshkw5p716w83rps7lxf8w.jpg\" alt=\"20250813_162306\" \/><\/figure><\/div><div class=\"swiper-slide\" role=\"group\" aria-roledescription=\"slide\" aria-label=\"2 sur 36\"><figure class=\"swiper-slide-inner\"><img decoding=\"async\" class=\"swiper-slide-image\" src=\"https:\/\/golf-thaitour.com\/wp-content\/uploads\/elementor\/thumbs\/20250814_064412-scaled-rb797vjteikqktenlgm6sxfxkcmdsjlgmvlhltsrqo.jpg\" alt=\"20250814_064412\" \/><\/figure><\/div><div class=\"swiper-slide\" role=\"group\" aria-roledescription=\"slide\" aria-label=\"3 sur 36\"><figure class=\"swiper-slide-inner\"><img decoding=\"async\" class=\"swiper-slide-image\" src=\"https:\/\/golf-thaitour.com\/wp-content\/uploads\/elementor\/thumbs\/20250814_064427-scaled-rb798sg61ptrv62v9cu4q752cu489y82fefheifzow.jpg\" alt=\"20250814_064427\" \/><\/figure><\/div><div class=\"swiper-slide\" role=\"group\" aria-roledescription=\"slide\" aria-label=\"4 sur 36\"><figure class=\"swiper-slide-inner\"><img decoding=\"async\" class=\"swiper-slide-image\" src=\"https:\/\/golf-thaitour.com\/wp-content\/uploads\/elementor\/thumbs\/20250814_070108-scaled-rb79a0mkyxi90uap3dxlhdzq9y2hbq3g9h3ayimhkg.jpg\" alt=\"20250814_070108\" \/><\/figure><\/div><div class=\"swiper-slide\" role=\"group\" aria-roledescription=\"slide\" aria-label=\"5 sur 36\"><figure class=\"swiper-slide-inner\"><img decoding=\"async\" class=\"swiper-slide-image\" src=\"https:\/\/golf-thaitour.com\/wp-content\/uploads\/elementor\/thumbs\/20250814_084754-scaled-rb79aq083ggzqb9tz6wiupl6bcle3jw7cypewzkuwg.jpg\" alt=\"20250814_084754\" \/><\/figure><\/div><div class=\"swiper-slide\" role=\"group\" aria-roledescription=\"slide\" aria-label=\"6 sur 36\"><figure class=\"swiper-slide-inner\"><img decoding=\"async\" class=\"swiper-slide-image\" src=\"https:\/\/golf-thaitour.com\/wp-content\/uploads\/elementor\/thumbs\/20250814_084913-scaled-rb79b7v5pb5fuwjw2wmfo32xlo5d5sv3rf3n18udm8.jpg\" alt=\"20250814_084913\" \/><\/figure><\/div><div class=\"swiper-slide\" role=\"group\" aria-roledescription=\"slide\" aria-label=\"7 sur 36\"><figure class=\"swiper-slide-inner\"><img decoding=\"async\" class=\"swiper-slide-image\" src=\"https:\/\/golf-thaitour.com\/wp-content\/uploads\/elementor\/thumbs\/20250814_085551-rb79beg115eg46ac0hgtnjf5rd8xnol84bo1e6kmeo.jpg\" alt=\"20250814_085551\" \/><\/figure><\/div><div class=\"swiper-slide\" role=\"group\" aria-roledescription=\"slide\" aria-label=\"8 sur 36\"><figure class=\"swiper-slide-inner\"><img decoding=\"async\" class=\"swiper-slide-image\" src=\"https:\/\/golf-thaitour.com\/wp-content\/uploads\/elementor\/thumbs\/20250814_090005-scaled-rb79c02bec81j7exi8t8qvyrf8adkpz1vao7fjokfk.jpg\" alt=\"20250814_090005\" \/><\/figure><\/div><div class=\"swiper-slide\" role=\"group\" aria-roledescription=\"slide\" aria-label=\"9 sur 36\"><figure class=\"swiper-slide-inner\"><img decoding=\"async\" class=\"swiper-slide-image\" src=\"https:\/\/golf-thaitour.com\/wp-content\/uploads\/elementor\/thumbs\/20250814_093418-scaled-rb79ce5w8urcdcug7wwnaaeoc0cvs6j0x8ghmp3nu8.jpg\" alt=\"20250814_093418\" \/><\/figure><\/div><div class=\"swiper-slide\" role=\"group\" aria-roledescription=\"slide\" aria-label=\"10 sur 36\"><figure class=\"swiper-slide-inner\"><img decoding=\"async\" class=\"swiper-slide-image\" src=\"https:\/\/golf-thaitour.com\/wp-content\/uploads\/elementor\/thumbs\/1561277701_1-rb79cg1kmitx0krpwxpwf9xlis3m7kqhlhrgl90vhs.jpg\" alt=\"????????????????????????????????????????????????????????\" \/><\/figure><\/div><div class=\"swiper-slide\" role=\"group\" aria-roledescription=\"slide\" aria-label=\"11 sur 36\"><figure class=\"swiper-slide-inner\"><img decoding=\"async\" class=\"swiper-slide-image\" src=\"https:\/\/golf-thaitour.com\/wp-content\/uploads\/elementor\/thumbs\/1622782296_3-rb79cgzetcv7c6qcrg4izrp245yzf9u7xmey2izhbk.jpg\" alt=\"1622782296_3\" \/><\/figure><\/div><div class=\"swiper-slide\" role=\"group\" aria-roledescription=\"slide\" aria-label=\"12 sur 36\"><figure class=\"swiper-slide-inner\"><img decoding=\"async\" class=\"swiper-slide-image\" src=\"https:\/\/golf-thaitour.com\/wp-content\/uploads\/elementor\/thumbs\/1622782296_5-rb79chx906whnsozlyj5k9gipjucmyxy9r2fjsy35c.jpg\" alt=\"1622782296_5\" \/><\/figure><\/div><div class=\"swiper-slide\" role=\"group\" aria-roledescription=\"slide\" aria-label=\"13 sur 36\"><figure class=\"swiper-slide-inner\"><img decoding=\"async\" class=\"swiper-slide-image\" src=\"https:\/\/golf-thaitour.com\/wp-content\/uploads\/elementor\/thumbs\/1622782296_6-rb79civ370xrzenmggxs4r7zaxppuo1olvpx12woz4.jpg\" alt=\"1622782296_6\" \/><\/figure><\/div><div class=\"swiper-slide\" role=\"group\" aria-roledescription=\"slide\" aria-label=\"14 sur 36\"><figure class=\"swiper-slide-inner\"><img decoding=\"async\" class=\"swiper-slide-image\" src=\"https:\/\/golf-thaitour.com\/wp-content\/uploads\/elementor\/thumbs\/1622782296_7-rb79cjsxduz2b0m9azcep8zfwbl32d5ey0deicvasw.jpg\" alt=\"1622782296_7\" \/><\/figure><\/div><div class=\"swiper-slide\" role=\"group\" aria-roledescription=\"slide\" aria-label=\"15 sur 36\"><figure class=\"swiper-slide-inner\"><img decoding=\"async\" class=\"swiper-slide-image\" src=\"https:\/\/golf-thaitour.com\/wp-content\/uploads\/elementor\/thumbs\/1622782296_9-rb79ckqrkp0cmmkw5hr19qqwhpgga295a50vzmtwmo.jpg\" alt=\"1622782296_9\" \/><\/figure><\/div><div class=\"swiper-slide\" role=\"group\" aria-roledescription=\"slide\" aria-label=\"16 sur 36\"><figure class=\"swiper-slide-inner\"><img decoding=\"async\" class=\"swiper-slide-image\" src=\"https:\/\/golf-thaitour.com\/wp-content\/uploads\/elementor\/thumbs\/1622782296_10-rb79clolrj1my8jj005nu8id33bthrcvm9odgwsigg.jpg\" alt=\"1622782296_10\" \/><\/figure><\/div><div class=\"swiper-slide\" role=\"group\" aria-roledescription=\"slide\" aria-label=\"17 sur 36\"><figure class=\"swiper-slide-inner\"><img decoding=\"async\" class=\"swiper-slide-image\" src=\"https:\/\/golf-thaitour.com\/wp-content\/uploads\/elementor\/thumbs\/1622783838_2-rb79cmmfyd2x9ui5uikaeq9toh76pgglyebuy6r4a8.jpg\" alt=\"1622783838_2\" \/><\/figure><\/div><div class=\"swiper-slide\" role=\"group\" aria-roledescription=\"slide\" aria-label=\"18 sur 36\"><figure class=\"swiper-slide-inner\"><img decoding=\"async\" class=\"swiper-slide-image\" src=\"https:\/\/golf-thaitour.com\/wp-content\/uploads\/elementor\/thumbs\/1622783838_3-rb79cmmfyd2x9ui5uikaeq9toh76pgglyebuy6r4a8.jpg\" alt=\"1622783838_3\" \/><\/figure><\/div><div class=\"swiper-slide\" role=\"group\" aria-roledescription=\"slide\" aria-label=\"19 sur 36\"><figure class=\"swiper-slide-inner\"><img decoding=\"async\" class=\"swiper-slide-image\" src=\"https:\/\/golf-thaitour.com\/wp-content\/uploads\/elementor\/thumbs\/1622783838_5-rb79cnka5747lggsp0ywz81a9v2jx5kcaizcfgpq40.jpg\" alt=\"1622783838_5\" \/><\/figure><\/div><div class=\"swiper-slide\" role=\"group\" aria-roledescription=\"slide\" aria-label=\"20 sur 36\"><figure class=\"swiper-slide-inner\"><img decoding=\"async\" class=\"swiper-slide-image\" src=\"https:\/\/golf-thaitour.com\/wp-content\/uploads\/elementor\/thumbs\/1622783838_7-rb79coi4c15hx2ffjjdjjpsqv8xx4uo2mnmtwqobxs.jpg\" alt=\"1622783838_7\" \/><\/figure><\/div><div class=\"swiper-slide\" role=\"group\" aria-roledescription=\"slide\" aria-label=\"21 sur 36\"><figure class=\"swiper-slide-inner\"><img decoding=\"async\" class=\"swiper-slide-image\" src=\"https:\/\/golf-thaitour.com\/wp-content\/uploads\/elementor\/thumbs\/1622783838_8-rb79cpfyiv6s8oe2e1s647k7gmtacjrsysabe0mxrk.jpg\" alt=\"1622783838_8\" \/><\/figure><\/div><div class=\"swiper-slide\" role=\"group\" aria-roledescription=\"slide\" aria-label=\"22 sur 36\"><figure class=\"swiper-slide-inner\"><img decoding=\"async\" class=\"swiper-slide-image\" src=\"https:\/\/golf-thaitour.com\/wp-content\/uploads\/elementor\/thumbs\/1622783838_9-rb79cpfyiv6s8oe2e1s647k7gmtacjrsysabe0mxrk.jpg\" alt=\"1622783838_9\" \/><\/figure><\/div><div class=\"swiper-slide\" role=\"group\" aria-roledescription=\"slide\" aria-label=\"23 sur 36\"><figure class=\"swiper-slide-inner\"><img decoding=\"async\" class=\"swiper-slide-image\" src=\"https:\/\/golf-thaitour.com\/wp-content\/uploads\/elementor\/thumbs\/1622783838_10-rb79cqdspp82kacp8k6sopbo20onk8vjawxsvaljlc.jpg\" alt=\"1622783838_10\" \/><\/figure><\/div><div class=\"swiper-slide\" role=\"group\" aria-roledescription=\"slide\" aria-label=\"24 sur 36\"><figure class=\"swiper-slide-inner\"><img decoding=\"async\" class=\"swiper-slide-image\" src=\"https:\/\/golf-thaitour.com\/wp-content\/uploads\/elementor\/thumbs\/Blue-Canyon-Course2024-01-rb79crbmwj9cvwbc32lf9734nek0rxz9n1lackk5f4.jpg\" alt=\"Blue-Canyon-Course2024-01\" \/><\/figure><\/div><div class=\"swiper-slide\" role=\"group\" aria-roledescription=\"slide\" aria-label=\"25 sur 36\"><figure class=\"swiper-slide-inner\"><img decoding=\"async\" class=\"swiper-slide-image\" src=\"https:\/\/golf-thaitour.com\/wp-content\/uploads\/elementor\/thumbs\/Blue-Canyon-Course2024-02-rb79ct7ba7bxj48ls3eoe6m1u6ar7c6qbaw9b4hd2o.jpg\" alt=\"Blue-Canyon-Course2024-02\" \/><\/figure><\/div><div class=\"swiper-slide\" role=\"group\" aria-roledescription=\"slide\" aria-label=\"26 sur 36\"><figure class=\"swiper-slide-inner\"><img decoding=\"async\" class=\"swiper-slide-image\" src=\"https:\/\/golf-thaitour.com\/wp-content\/uploads\/elementor\/thumbs\/Blue-Canyon-Course2024-03-rb79cw0tupfshy4ibmmk3nwfmbwuufhxboupqyd6k0.jpg\" alt=\"Blue-Canyon-Course2024-03\" \/><\/figure><\/div><div class=\"swiper-slide\" role=\"group\" aria-roledescription=\"slide\" aria-label=\"27 sur 36\"><figure class=\"swiper-slide-inner\"><img decoding=\"async\" class=\"swiper-slide-image\" src=\"https:\/\/golf-thaitour.com\/wp-content\/uploads\/elementor\/thumbs\/Blue-Canyon-Course2024-04-rb79cwyo1jh2tk356516o5nw7ps824lnnti788bsds.jpg\" alt=\"Blue-Canyon-Course2024-04\" \/><\/figure><\/div><div class=\"swiper-slide\" role=\"group\" aria-roledescription=\"slide\" aria-label=\"28 sur 36\"><figure class=\"swiper-slide-inner\"><img decoding=\"async\" class=\"swiper-slide-image\" src=\"https:\/\/golf-thaitour.com\/wp-content\/uploads\/elementor\/thumbs\/Blue-Canyon-Lakes-Course01-rb79cyucf7jngs0ev5uft56tehiyhit4c2t66s901c.jpg\" alt=\"Blue-Canyon-Lakes-Course01\" \/><\/figure><\/div><div class=\"swiper-slide\" role=\"group\" aria-roledescription=\"slide\" aria-label=\"29 sur 36\"><figure class=\"swiper-slide-inner\"><img decoding=\"async\" class=\"swiper-slide-image\" src=\"https:\/\/golf-thaitour.com\/wp-content\/uploads\/elementor\/thumbs\/Blue-Canyon-Lakes-Course02-rb79d1nuzpniflwbep2bimh76n524m4bcgrmmm4tio.jpg\" alt=\"Blue-Canyon-Lakes-Course02\" \/><\/figure><\/div><div class=\"swiper-slide\" role=\"group\" aria-roledescription=\"slide\" aria-label=\"30 sur 36\"><figure class=\"swiper-slide-inner\"><img decoding=\"async\" class=\"swiper-slide-image\" src=\"https:\/\/golf-thaitour.com\/wp-content\/uploads\/elementor\/thumbs\/Blue-Canyon-Lakes-Course04-rb79d5f7r1snq1qusqotslj1k6mizej8ozdkjpz8ts.jpg\" alt=\"Blue-Canyon-Lakes-Course04\" \/><\/figure><\/div><div class=\"swiper-slide\" role=\"group\" aria-roledescription=\"slide\" aria-label=\"31 sur 36\"><figure class=\"swiper-slide-inner\"><img decoding=\"async\" class=\"swiper-slide-image\" src=\"https:\/\/golf-thaitour.com\/wp-content\/uploads\/elementor\/thumbs\/Blue-Canyon-Lakes-Course07-rb79d96kidxt0hle6sbc2kkvxq3zu6y61hzigtto4w.jpg\" alt=\"Blue-Canyon-Lakes-Course07\" \/><\/figure><\/div><div class=\"swiper-slide\" role=\"group\" aria-roledescription=\"slide\" aria-label=\"32 sur 36\"><figure class=\"swiper-slide-inner\"><img decoding=\"async\" class=\"swiper-slide-image\" src=\"https:\/\/golf-thaitour.com\/wp-content\/uploads\/elementor\/thumbs\/Blue-Canyon-Lakes-Course08-rb79dc032w1nzbhaqbj7s1v9pvq3ha9d1vxywnphm8.jpg\" alt=\"Blue-Canyon-Lakes-Course08\" \/><\/figure><\/div><div class=\"swiper-slide\" role=\"group\" aria-roledescription=\"slide\" aria-label=\"33 sur 36\"><figure class=\"swiper-slide-inner\"><img decoding=\"async\" class=\"swiper-slide-image\" src=\"https:\/\/golf-thaitour.com\/wp-content\/uploads\/elementor\/thumbs\/Blue-Canyon-Lakes-Course9-rb79detlne5iy5d79ur3hj5ni1c74dkk29wfchlb3k.jpg\" alt=\"Blue-Canyon-Lakes-Course9\" \/><\/figure><\/div><div class=\"swiper-slide\" role=\"group\" aria-roledescription=\"slide\" aria-label=\"34 sur 36\"><figure class=\"swiper-slide-inner\"><img decoding=\"async\" class=\"swiper-slide-image\" src=\"https:\/\/golf-thaitour.com\/wp-content\/uploads\/elementor\/thumbs\/phuket-golfcourse-blue-canyon-golf-club-canyon-course-03-rb79dfrfu86t9rbu4d5q20x43f7kc2oaeejwtrjwxc.jpg\" alt=\"phuket-golfcourse-blue-canyon-golf-club-canyon-course-03\" \/><\/figure><\/div><div class=\"swiper-slide\" role=\"group\" aria-roledescription=\"slide\" aria-label=\"35 sur 36\"><figure class=\"swiper-slide-inner\"><img decoding=\"async\" class=\"swiper-slide-image\" src=\"https:\/\/golf-thaitour.com\/wp-content\/uploads\/elementor\/thumbs\/phuket-golfcourse-blue-canyon-golf-club-canyon-course-04-rb79dhn47w9dwz93tdyz70g1a6yargvr2nuvsbh4kw.jpg\" alt=\"phuket-golfcourse-blue-canyon-golf-club-canyon-course-04\" \/><\/figure><\/div><div class=\"swiper-slide\" role=\"group\" aria-roledescription=\"slide\" aria-label=\"36 sur 36\"><figure class=\"swiper-slide-inner\"><img decoding=\"async\" class=\"swiper-slide-image\" src=\"https:\/\/golf-thaitour.com\/wp-content\/uploads\/elementor\/thumbs\/phuket-golfcourse-blue-canyon-golf-club-canyon-course-05-rb79djislkbyk76dies8bzyygyp16v37qx5uqvec8g.jpg\" alt=\"phuket-golfcourse-blue-canyon-golf-club-canyon-course-05\" \/><\/figure><\/div>\t\t\t<\/div>\n\t\t\t\t\t\t\t\n\t\t\t\t\t\t\t\t\t<div class=\"swiper-pagination\"><\/div>\n\t\t\t\t\t\t\t\t\t<\/div>\n\t\t\t\t\t\t<\/div>\n\t\t\t\t<\/div>\n\t\t\t\t<div class=\"elementor-element elementor-element-7424177c elementor-widget elementor-widget-image\" data-id=\"7424177c\" data-element_type=\"widget\" data-widget_type=\"image.default\">\n\t\t\t\t<div class=\"elementor-widget-container\">\n\t\t\t\t\t\t\t\t\t\t\t\t\t\t\t<img fetchpriority=\"high\" decoding=\"async\" width=\"256\" height=\"262\" src=\"https:\/\/golf-thaitour.com\/wp-content\/uploads\/2025\/09\/Capture-decran-2025-09-03-100355.png\" class=\"attachment-large size-large wp-image-5420\" alt=\"\" srcset=\"https:\/\/golf-thaitour.com\/wp-content\/uploads\/2025\/09\/Capture-decran-2025-09-03-100355.png 256w, https:\/\/golf-thaitour.com\/wp-content\/uploads\/2025\/09\/Capture-decran-2025-09-03-100355-12x12.png 12w\" sizes=\"(max-width: 256px) 100vw, 256px\" \/>\t\t\t\t\t\t\t\t\t\t\t\t\t\t\t<\/div>\n\t\t\t\t<\/div>\n\t\t\t\t<div class=\"elementor-element elementor-element-12b99519 elementor-widget elementor-widget-spacer\" data-id=\"12b99519\" data-element_type=\"widget\" data-widget_type=\"spacer.default\">\n\t\t\t\t<div class=\"elementor-widget-container\">\n\t\t\t\t\t\t\t<div class=\"elementor-spacer\">\n\t\t\t<div class=\"elementor-spacer-inner\"><\/div>\n\t\t<\/div>\n\t\t\t\t\t\t<\/div>\n\t\t\t\t<\/div>\n\t\t\t\t\t<\/div>\n\t\t<\/div>\n\t\t\t\t\t<\/div>\n\t\t<\/section>\n\t\t\t\t<\/div>\n\t\t","protected":false},"excerpt":{"rendered":"<p>Le Canyon Course du Blue Canyon Country Club\u00a0\u00e9tait le parcours original de 18 trous et est devenu c\u00e9l\u00e8bre lorsqu&rsquo;il a \u00e9t\u00e9 choisi pour accueillir le Johnnie Walker Classic en 1994. Depuis, le m\u00eame tournoi est revenu deux fois et\u00a0Tiger Woods\u00a0l&rsquo;a remport\u00e9 en 1998. Blue Canyon, reconnu comme un parcours de championnat du monde, est toujours [&hellip;]<\/p>\n","protected":false},"author":2,"featured_media":0,"parent":0,"menu_order":0,"comment_status":"closed","ping_status":"closed","template":"elementor_header_footer","meta":{"footnotes":""},"folder":[21],"class_list":["post-5299","page","type-page","status-publish","hentry"],"_links":{"self":[{"href":"https:\/\/golf-thaitour.com\/fr_fr\/wp-json\/wp\/v2\/pages\/5299","targetHints":{"allow":["GET"]}}],"collection":[{"href":"https:\/\/golf-thaitour.com\/fr_fr\/wp-json\/wp\/v2\/pages"}],"about":[{"href":"https:\/\/golf-thaitour.com\/fr_fr\/wp-json\/wp\/v2\/types\/page"}],"author":[{"embeddable":true,"href":"https:\/\/golf-thaitour.com\/fr_fr\/wp-json\/wp\/v2\/users\/2"}],"replies":[{"embeddable":true,"href":"https:\/\/golf-thaitour.com\/fr_fr\/wp-json\/wp\/v2\/comments?post=5299"}],"version-history":[{"count":19,"href":"https:\/\/golf-thaitour.com\/fr_fr\/wp-json\/wp\/v2\/pages\/5299\/revisions"}],"predecessor-version":[{"id":5772,"href":"https:\/\/golf-thaitour.com\/fr_fr\/wp-json\/wp\/v2\/pages\/5299\/revisions\/5772"}],"wp:attachment":[{"href":"https:\/\/golf-thaitour.com\/fr_fr\/wp-json\/wp\/v2\/media?parent=5299"}],"wp:term":[{"taxonomy":"folder","embeddable":true,"href":"https:\/\/golf-thaitour.com\/fr_fr\/wp-json\/wp\/v2\/folder?post=5299"}],"curies":[{"name":"wp","href":"https:\/\/api.w.org\/{rel}","templated":true}]}}