{"id":4760,"date":"2025-09-02T12:41:16","date_gmt":"2025-09-02T12:41:16","guid":{"rendered":"https:\/\/golf-thaitour.com\/?page_id=4760"},"modified":"2025-09-03T09:02:41","modified_gmt":"2025-09-03T09:02:41","slug":"royal-hua-hin","status":"publish","type":"page","link":"https:\/\/golf-thaitour.com\/fr_fr\/royal-hua-hin\/","title":{"rendered":"ROYAL HUA HIN"},"content":{"rendered":"\t\t<div data-elementor-type=\"wp-page\" data-elementor-id=\"4760\" class=\"elementor elementor-4760\" data-elementor-post-type=\"page\">\n\t\t\t\t\t\t<section class=\"elementor-section elementor-top-section elementor-element elementor-element-200478e2 elementor-section-height-min-height elementor-section-boxed elementor-section-height-default elementor-section-items-middle\" data-id=\"200478e2\" data-element_type=\"section\" data-settings=\"{&quot;background_background&quot;:&quot;classic&quot;}\">\n\t\t\t\t\t\t\t<div class=\"elementor-background-overlay\"><\/div>\n\t\t\t\t\t\t\t<div class=\"elementor-container elementor-column-gap-no\">\n\t\t\t\t\t<div class=\"elementor-column elementor-col-100 elementor-top-column elementor-element elementor-element-254af6a3\" data-id=\"254af6a3\" data-element_type=\"column\">\n\t\t\t<div class=\"elementor-widget-wrap elementor-element-populated\">\n\t\t\t\t\t\t<div class=\"elementor-element elementor-element-30a92e7b elementor-widget elementor-widget-heading\" data-id=\"30a92e7b\" data-element_type=\"widget\" data-widget_type=\"heading.default\">\n\t\t\t\t<div class=\"elementor-widget-container\">\n\t\t\t\t\t<h1 class=\"elementor-heading-title elementor-size-default\">ROYAL HUA HIN<\/h1>\t\t\t\t<\/div>\n\t\t\t\t<\/div>\n\t\t\t\t\t<\/div>\n\t\t<\/div>\n\t\t\t\t\t<\/div>\n\t\t<\/section>\n\t\t\t\t<section class=\"elementor-section elementor-top-section elementor-element elementor-element-c8dca49 elementor-section-boxed elementor-section-height-default elementor-section-height-default\" data-id=\"c8dca49\" data-element_type=\"section\">\n\t\t\t\t\t\t<div class=\"elementor-container elementor-column-gap-default\">\n\t\t\t\t\t<div class=\"elementor-column elementor-col-100 elementor-top-column elementor-element elementor-element-81f81ce\" data-id=\"81f81ce\" data-element_type=\"column\">\n\t\t\t<div class=\"elementor-widget-wrap elementor-element-populated\">\n\t\t\t\t\t\t<div class=\"elementor-element elementor-element-f2acc17 elementor-widget elementor-widget-heading\" data-id=\"f2acc17\" data-element_type=\"widget\" data-widget_type=\"heading.default\">\n\t\t\t\t<div class=\"elementor-widget-container\">\n\t\t\t\t\t<h2 class=\"elementor-heading-title elementor-size-default\">SITUATION ET HISTOIRE<\/h2>\t\t\t\t<\/div>\n\t\t\t\t<\/div>\n\t\t\t\t<div class=\"elementor-element elementor-element-6ba1903 elementor-widget-divider--view-line elementor-widget elementor-widget-divider\" data-id=\"6ba1903\" data-element_type=\"widget\" data-widget_type=\"divider.default\">\n\t\t\t\t<div class=\"elementor-widget-container\">\n\t\t\t\t\t\t\t<div class=\"elementor-divider\">\n\t\t\t<span class=\"elementor-divider-separator\">\n\t\t\t\t\t\t<\/span>\n\t\t<\/div>\n\t\t\t\t\t\t<\/div>\n\t\t\t\t<\/div>\n\t\t\t\t<div class=\"elementor-element elementor-element-e3eeb0f elementor-widget elementor-widget-text-editor\" data-id=\"e3eeb0f\" data-element_type=\"widget\" data-widget_type=\"text-editor.default\">\n\t\t\t\t<div class=\"elementor-widget-container\">\n\t\t\t\t\t\t\t\t\t<p>Le Royal Hua Hin est le plus ancien parcours de 18 trous aux normes internationales de Tha\u00eflande et se trouve \u00e0 seulement 5 minutes du centre-ville de Hua Hin. Le terrain de golf a \u00e9t\u00e9 construit en 1924 pour satisfaire les int\u00e9r\u00eats des cheminots britanniques et de l&rsquo;aristocratie tha\u00eflandaise vivant dans la r\u00e9gion. Le Royal Hua Hin se trouve juste \u00e0 c\u00f4t\u00e9 de la gare de la ville. Le concepteur du parcours \u00e9tait un ing\u00e9nieur \u00e9cossais des chemins de fer.<\/p><p>Le terrain de golf de Hua Hin est construit sur un terrain naturel et situ\u00e9 entre de spectaculaires collines rocheuses. Il s&rsquo;agit d&rsquo;un terrain de golf traditionnel britannique plus ancien. Plusieurs trous offrent d&rsquo;excellentes vues sur le golfe de Tha\u00eflande et le centre-ville.<\/p><p>Une r\u00e9novation majeure dans les ann\u00e9es 1980 a permis \u00e0 ce parcours d&rsquo;atteindre les normes internationales, malgr\u00e9 son \u00e2ge. Les fairways bord\u00e9s d&rsquo;arbres matures sont d\u00e9sormais nombreux, ce qui permet d&rsquo;obtenir de nombreux couloirs ombrag\u00e9s.\u00a0<\/p><p>Cependant, ne pensez pas que la visite du plus ancien terrain de golf de Tha\u00eflande se r\u00e9sume \u00e0 un voyage dans le pass\u00e9. Le jeu de chaque golfeur sera mis \u00e0 l&rsquo;\u00e9preuve ici, avec plusieurs fairways serr\u00e9s bord\u00e9s d&rsquo;arbres, de nombreux trous joliment doglegg\u00e9s et des greens circulaires relativement petits \u00e0 frapper, greens qui sont g\u00e9n\u00e9ralement sur\u00e9lev\u00e9s. Les bunkers sont relativement modestes et l&rsquo;\u00e9tat du parcours n&rsquo;est peut-\u00eatre pas aussi soign\u00e9 que celui de certains parcours de la r\u00e9gion de Hua Hin, mais le Royal Hua Hin poss\u00e8de quelques \u00e9l\u00e9ments charmants et agr\u00e9ables dans son coffre \u00e0 tr\u00e9sors.\u00a0<\/p><p>Il y a de fortes chances qu&rsquo;il y ait des singes sur le 13e par-4, en mont\u00e9e. Le long de ce fairway, de petits singes macaques profitent de la v\u00e9g\u00e9tation environnante et s&rsquo;int\u00e9ressent parfois \u00e0 une ou deux balles de golf. De petits hiboux surveillent la situation juste apr\u00e8s le green du par-4 du 7. Au 14e par-3 et au 3e par-5, des temples s&rsquo;accrochent aux flancs des collines couvertes d&rsquo;arbres. Alors qu&rsquo;une partie du parcours se joue sous une magnifique cr\u00eate rocheuse recouverte d&rsquo;arbres, l&rsquo;autre offre des aper\u00e7us occasionnels de l&rsquo;oc\u00e9an depuis les deux sections l\u00e9g\u00e8rement plus \u00e9lev\u00e9es du parcours.\u00a0<\/p><p>Les conditions de jeu r\u00e9elles varient tout au long de l&rsquo;ann\u00e9e, allant d&rsquo;un terrain tr\u00e8s boueux pendant la p\u00e9riode des pluies \u00e0 un terrain dur lorsque le parcours est \u00e0 son apog\u00e9e pendant les mois d&rsquo;hiver. L&rsquo;entretien des greens est plus r\u00e9gulier tout au long de l&rsquo;ann\u00e9e. L&rsquo;anglais du personnel de service est satisfaisant car de nombreux \u00e9trangers aiment jouer au Royal Hua Hin.<\/p><p>Des kiosques \u00e0 snacks se trouvent sur le site tous les trois trous, ce qui permet \u00e0 tous les golfeurs de jouer confortablement.<\/p>\t\t\t\t\t\t\t\t<\/div>\n\t\t\t\t<\/div>\n\t\t\t\t<div class=\"elementor-element elementor-element-0f65dd0 elementor-widget elementor-widget-heading\" data-id=\"0f65dd0\" data-element_type=\"widget\" data-widget_type=\"heading.default\">\n\t\t\t\t<div class=\"elementor-widget-container\">\n\t\t\t\t\t<h2 class=\"elementor-heading-title elementor-size-default\">CLUB HOUSE AND FACILITIES<\/h2>\t\t\t\t<\/div>\n\t\t\t\t<\/div>\n\t\t\t\t<div class=\"elementor-element elementor-element-27685b9 elementor-widget elementor-widget-text-editor\" data-id=\"27685b9\" data-element_type=\"widget\" data-widget_type=\"text-editor.default\">\n\t\t\t\t<div class=\"elementor-widget-container\">\n\t\t\t\t\t\t\t\t\t<p>Un clubhouse r\u00e9nov\u00e9 constitue un joli 19e trou et permet de se rem\u00e9morer les<br \/>golfeurs qui ont franchi les portes du club au cours du dernier si\u00e8cle d&amp;#39;existence du<br \/>Royal Hua Hin. Ne serait-ce que pour la valeur historique et la commodit\u00e9 de<br \/>l&amp;#39;emplacement, Royal Hua Hin est un parcours qui devrait \u00eatre jou\u00e9 au moins une fois<br \/>par tous les voyageurs de golf \u00e0 Hua Hin.<\/p>\t\t\t\t\t\t\t\t<\/div>\n\t\t\t\t<\/div>\n\t\t\t\t<div class=\"elementor-element elementor-element-f5bcc5b elementor-arrows-position-outside elementor-widget elementor-widget-image-carousel\" data-id=\"f5bcc5b\" data-element_type=\"widget\" data-settings=\"{&quot;slides_to_show&quot;:&quot;3&quot;,&quot;slides_to_scroll&quot;:&quot;2&quot;,&quot;navigation&quot;:&quot;arrows&quot;,&quot;autoplay_speed&quot;:2500,&quot;image_spacing_custom&quot;:{&quot;unit&quot;:&quot;px&quot;,&quot;size&quot;:30,&quot;sizes&quot;:[]},&quot;autoplay&quot;:&quot;yes&quot;,&quot;pause_on_interaction&quot;:&quot;yes&quot;,&quot;infinite&quot;:&quot;yes&quot;,&quot;speed&quot;:500,&quot;image_spacing_custom_tablet&quot;:{&quot;unit&quot;:&quot;px&quot;,&quot;size&quot;:&quot;&quot;,&quot;sizes&quot;:[]},&quot;image_spacing_custom_mobile&quot;:{&quot;unit&quot;:&quot;px&quot;,&quot;size&quot;:&quot;&quot;,&quot;sizes&quot;:[]}}\" data-widget_type=\"image-carousel.default\">\n\t\t\t\t<div class=\"elementor-widget-container\">\n\t\t\t\t\t\t\t<div class=\"elementor-image-carousel-wrapper swiper\" role=\"region\" aria-roledescription=\"carousel\" aria-label=\"Carrousel d\u2019images\" dir=\"ltr\">\n\t\t\t<div class=\"elementor-image-carousel swiper-wrapper swiper-image-stretch\" aria-live=\"off\">\n\t\t\t\t\t\t\t\t<div class=\"swiper-slide\" role=\"group\" aria-roledescription=\"slide\" aria-label=\"1 sur 13\"><figure class=\"swiper-slide-inner\"><img decoding=\"async\" class=\"swiper-slide-image\" src=\"https:\/\/golf-thaitour.com\/wp-content\/uploads\/elementor\/thumbs\/360430917-r96jjtkmbmhmffuoarcboctmsb8p4k1a6qm8fnhe3k.jpg\" alt=\"360430917\" \/><\/figure><\/div><div class=\"swiper-slide\" role=\"group\" aria-roledescription=\"slide\" aria-label=\"2 sur 13\"><figure class=\"swiper-slide-inner\"><img decoding=\"async\" class=\"swiper-slide-image\" src=\"https:\/\/golf-thaitour.com\/wp-content\/uploads\/elementor\/thumbs\/360410926-r96jjroxxyf1s7xelqj2jdapljhyp5ttihb9h3k6g0.jpg\" alt=\"360410926\" \/><\/figure><\/div><div class=\"swiper-slide\" role=\"group\" aria-roledescription=\"slide\" aria-label=\"3 sur 13\"><figure class=\"swiper-slide-inner\"><img decoding=\"async\" class=\"swiper-slide-image\" src=\"https:\/\/golf-thaitour.com\/wp-content\/uploads\/elementor\/thumbs\/255624319-r96jjovfdgb6te1i27b6tw0btdvv22imi3ct19ocyo.jpg\" alt=\"255624319\" \/><\/figure><\/div><div class=\"swiper-slide\" role=\"group\" aria-roledescription=\"slide\" aria-label=\"4 sur 13\"><figure class=\"swiper-slide-inner\"><img decoding=\"async\" class=\"swiper-slide-image\" src=\"https:\/\/golf-thaitour.com\/wp-content\/uploads\/elementor\/thumbs\/255546778-r96jjnxl6m9whs2v7owk9e8v800hudew5ypbjzpr4w.jpg\" alt=\"255546778\" \/><\/figure><\/div><div class=\"swiper-slide\" role=\"group\" aria-roledescription=\"slide\" aria-label=\"5 sur 13\"><figure class=\"swiper-slide-inner\"><img decoding=\"async\" class=\"swiper-slide-image\" src=\"https:\/\/golf-thaitour.com\/wp-content\/uploads\/elementor\/thumbs\/255546710-r96jjm1wsy7buk5lio3b4epy189rez7fhpeclfsjhc.jpg\" alt=\"255546710\" \/><\/figure><\/div><div class=\"swiper-slide\" role=\"group\" aria-roledescription=\"slide\" aria-label=\"6 sur 13\"><figure class=\"swiper-slide-inner\"><img decoding=\"async\" class=\"swiper-slide-image\" src=\"https:\/\/golf-thaitour.com\/wp-content\/uploads\/elementor\/thumbs\/97905674-r96jjl42m461iy6yo5oojwyhfuee7a3p5kqv45txnk.jpg\" alt=\"97905674\" \/><\/figure><\/div><div class=\"swiper-slide\" role=\"group\" aria-roledescription=\"slide\" aria-label=\"7 sur 13\"><figure class=\"swiper-slide-inner\"><img decoding=\"async\" class=\"swiper-slide-image\" src=\"https:\/\/golf-thaitour.com\/wp-content\/uploads\/elementor\/thumbs\/97905638-r96jjj8e8g3gvq9oz4vfexfk92nnrvw8hbfw5lwq00.jpg\" alt=\"97905638\" \/><\/figure><\/div><div class=\"swiper-slide\" role=\"group\" aria-roledescription=\"slide\" aria-label=\"8 sur 13\"><figure class=\"swiper-slide-inner\"><img decoding=\"async\" class=\"swiper-slide-image\" src=\"https:\/\/golf-thaitour.com\/wp-content\/uploads\/elementor\/thumbs\/97894482-r96jjgevnxzlwwdsflnjpg56gx1k4sl1gxhfps0wio.jpg\" alt=\"97894482\" \/><\/figure><\/div><div class=\"swiper-slide\" role=\"group\" aria-roledescription=\"slide\" aria-label=\"9 sur 13\"><figure class=\"swiper-slide-inner\"><img decoding=\"async\" class=\"swiper-slide-image\" src=\"https:\/\/golf-thaitour.com\/wp-content\/uploads\/elementor\/thumbs\/97889177-r96jjfh1h3yblaf5l38x4ydpvj66x3hb4sty8i2aow.jpg\" alt=\"97889177\" \/><\/figure><\/div><div class=\"swiper-slide\" role=\"group\" aria-roledescription=\"slide\" aria-label=\"10 sur 13\"><figure class=\"swiper-slide-inner\"><img decoding=\"async\" class=\"swiper-slide-image\" src=\"https:\/\/golf-thaitour.com\/wp-content\/uploads\/elementor\/thumbs\/97889125-r96jjdld3fvqy2hvw2fnzyusorfghp9ugjiz9y531c.jpg\" alt=\"97889125\" \/><\/figure><\/div><div class=\"swiper-slide\" role=\"group\" aria-roledescription=\"slide\" aria-label=\"11 sur 13\"><figure class=\"swiper-slide-inner\"><img decoding=\"async\" class=\"swiper-slide-image\" src=\"https:\/\/golf-thaitour.com\/wp-content\/uploads\/elementor\/thumbs\/79496312-r96jjcniwlugmgj91k11fh3c3dk3a0644evhso6h7k.jpg\" alt=\"79496312\" \/><\/figure><\/div><div class=\"swiper-slide\" role=\"group\" aria-roledescription=\"slide\" aria-label=\"12 sur 13\"><figure class=\"swiper-slide-inner\"><img decoding=\"async\" class=\"swiper-slide-image\" src=\"https:\/\/golf-thaitour.com\/wp-content\/uploads\/elementor\/thumbs\/56870162-1-r96jjbpoprt6aukm71meuzbvhzoq2b2dsa80be7vds.jpg\" alt=\"56870162\" \/><\/figure><\/div><div class=\"swiper-slide\" role=\"group\" aria-roledescription=\"slide\" aria-label=\"13 sur 13\"><figure class=\"swiper-slide-inner\"><img decoding=\"async\" class=\"swiper-slide-image\" src=\"https:\/\/golf-thaitour.com\/wp-content\/uploads\/elementor\/thumbs\/56755603-r96jjaruixrvz8lzcj7sahkewltculyng5kiu499k0.jpg\" alt=\"56755603\" \/><\/figure><\/div>\t\t\t<\/div>\n\t\t\t\t\t\t\t\t\t\t\t\t<div class=\"elementor-swiper-button elementor-swiper-button-prev\" role=\"button\" tabindex=\"0\">\n\t\t\t\t\t\t<svg aria-hidden=\"true\" class=\"e-font-icon-svg e-eicon-chevron-left\" viewBox=\"0 0 1000 1000\" xmlns=\"http:\/\/www.w3.org\/2000\/svg\"><path d=\"M646 125C629 125 613 133 604 142L308 442C296 454 292 471 292 487 292 504 296 521 308 533L604 854C617 867 629 875 646 875 663 875 679 871 692 858 704 846 713 829 713 812 713 796 708 779 692 767L438 487 692 225C700 217 708 204 708 187 708 171 704 154 692 142 675 129 663 125 646 125Z\"><\/path><\/svg>\t\t\t\t\t<\/div>\n\t\t\t\t\t<div class=\"elementor-swiper-button elementor-swiper-button-next\" role=\"button\" tabindex=\"0\">\n\t\t\t\t\t\t<svg aria-hidden=\"true\" class=\"e-font-icon-svg e-eicon-chevron-right\" viewBox=\"0 0 1000 1000\" xmlns=\"http:\/\/www.w3.org\/2000\/svg\"><path d=\"M696 533C708 521 713 504 713 487 713 471 708 454 696 446L400 146C388 133 375 125 354 125 338 125 325 129 313 142 300 154 292 171 292 187 292 204 296 221 308 233L563 492 304 771C292 783 288 800 288 817 288 833 296 850 308 863 321 871 338 875 354 875 371 875 388 867 400 854L696 533Z\"><\/path><\/svg>\t\t\t\t\t<\/div>\n\t\t\t\t\n\t\t\t\t\t\t\t\t\t<\/div>\n\t\t\t\t\t\t<\/div>\n\t\t\t\t<\/div>\n\t\t\t\t<div class=\"elementor-element elementor-element-c15fe62 elementor-widget elementor-widget-image\" data-id=\"c15fe62\" data-element_type=\"widget\" data-widget_type=\"image.default\">\n\t\t\t\t<div class=\"elementor-widget-container\">\n\t\t\t\t\t\t\t\t\t\t\t\t\t\t\t<img decoding=\"async\" width=\"195\" height=\"161\" src=\"https:\/\/golf-thaitour.com\/wp-content\/uploads\/2025\/09\/logo-royal-hua-hin.png\" class=\"attachment-large size-large wp-image-4800\" alt=\"\" srcset=\"https:\/\/golf-thaitour.com\/wp-content\/uploads\/2025\/09\/logo-royal-hua-hin.png 195w, https:\/\/golf-thaitour.com\/wp-content\/uploads\/2025\/09\/logo-royal-hua-hin-15x12.png 15w\" sizes=\"(max-width: 195px) 100vw, 195px\" \/>\t\t\t\t\t\t\t\t\t\t\t\t\t\t\t<\/div>\n\t\t\t\t<\/div>\n\t\t\t\t\t<\/div>\n\t\t<\/div>\n\t\t\t\t\t<\/div>\n\t\t<\/section>\n\t\t\t\t<\/div>\n\t\t","protected":false},"excerpt":{"rendered":"<p>SITUATION ET HISTOIRE Le Royal Hua Hin est le plus ancien parcours de 18 trous aux normes internationales de Tha\u00eflande et se trouve \u00e0 seulement 5 minutes du centre-ville de Hua Hin. Le terrain de golf a \u00e9t\u00e9 construit en 1924 pour satisfaire les int\u00e9r\u00eats des cheminots britanniques et de l&rsquo;aristocratie tha\u00eflandaise vivant dans la [&hellip;]<\/p>\n","protected":false},"author":2,"featured_media":0,"parent":0,"menu_order":0,"comment_status":"closed","ping_status":"closed","template":"elementor_header_footer","meta":{"footnotes":""},"folder":[21],"class_list":["post-4760","page","type-page","status-publish","hentry"],"_links":{"self":[{"href":"https:\/\/golf-thaitour.com\/fr_fr\/wp-json\/wp\/v2\/pages\/4760","targetHints":{"allow":["GET"]}}],"collection":[{"href":"https:\/\/golf-thaitour.com\/fr_fr\/wp-json\/wp\/v2\/pages"}],"about":[{"href":"https:\/\/golf-thaitour.com\/fr_fr\/wp-json\/wp\/v2\/types\/page"}],"author":[{"embeddable":true,"href":"https:\/\/golf-thaitour.com\/fr_fr\/wp-json\/wp\/v2\/users\/2"}],"replies":[{"embeddable":true,"href":"https:\/\/golf-thaitour.com\/fr_fr\/wp-json\/wp\/v2\/comments?post=4760"}],"version-history":[{"count":10,"href":"https:\/\/golf-thaitour.com\/fr_fr\/wp-json\/wp\/v2\/pages\/4760\/revisions"}],"predecessor-version":[{"id":5545,"href":"https:\/\/golf-thaitour.com\/fr_fr\/wp-json\/wp\/v2\/pages\/4760\/revisions\/5545"}],"wp:attachment":[{"href":"https:\/\/golf-thaitour.com\/fr_fr\/wp-json\/wp\/v2\/media?parent=4760"}],"wp:term":[{"taxonomy":"folder","embeddable":true,"href":"https:\/\/golf-thaitour.com\/fr_fr\/wp-json\/wp\/v2\/folder?post=4760"}],"curies":[{"name":"wp","href":"https:\/\/api.w.org\/{rel}","templated":true}]}}