{"id":4671,"date":"2025-09-01T13:10:40","date_gmt":"2025-09-01T13:10:40","guid":{"rendered":"https:\/\/golf-thaitour.com\/?page_id=4671"},"modified":"2025-09-03T09:12:17","modified_gmt":"2025-09-03T09:12:17","slug":"angsara-laguna","status":"publish","type":"page","link":"https:\/\/golf-thaitour.com\/fr_fr\/angsara-laguna\/","title":{"rendered":"ANGSARA LAGUNA"},"content":{"rendered":"\t\t<div data-elementor-type=\"wp-page\" data-elementor-id=\"4671\" class=\"elementor elementor-4671\" data-elementor-post-type=\"page\">\n\t\t\t\t\t\t<section class=\"elementor-section elementor-top-section elementor-element elementor-element-6dd4392 elementor-section-height-min-height elementor-section-boxed elementor-section-height-default elementor-section-items-middle\" data-id=\"6dd4392\" data-element_type=\"section\" data-settings=\"{&quot;background_background&quot;:&quot;classic&quot;}\">\n\t\t\t\t\t\t\t<div class=\"elementor-background-overlay\"><\/div>\n\t\t\t\t\t\t\t<div class=\"elementor-container elementor-column-gap-no\">\n\t\t\t\t\t<div class=\"elementor-column elementor-col-100 elementor-top-column elementor-element elementor-element-5f92647\" data-id=\"5f92647\" data-element_type=\"column\">\n\t\t\t<div class=\"elementor-widget-wrap elementor-element-populated\">\n\t\t\t\t\t\t<div class=\"elementor-element elementor-element-417120e elementor-widget elementor-widget-heading\" data-id=\"417120e\" data-element_type=\"widget\" data-widget_type=\"heading.default\">\n\t\t\t\t<div class=\"elementor-widget-container\">\n\t\t\t\t\t<h1 class=\"elementor-heading-title elementor-size-default\">ANGSARA LAGUNA\n<\/h1>\t\t\t\t<\/div>\n\t\t\t\t<\/div>\n\t\t\t\t\t<\/div>\n\t\t<\/div>\n\t\t\t\t\t<\/div>\n\t\t<\/section>\n\t\t\t\t<section class=\"elementor-section elementor-top-section elementor-element elementor-element-1a8d726 elementor-section-boxed elementor-section-height-default elementor-section-height-default\" data-id=\"1a8d726\" data-element_type=\"section\">\n\t\t\t\t\t\t<div class=\"elementor-container elementor-column-gap-default\">\n\t\t\t\t\t<div class=\"elementor-column elementor-col-100 elementor-top-column elementor-element elementor-element-e41dc92\" data-id=\"e41dc92\" data-element_type=\"column\">\n\t\t\t<div class=\"elementor-widget-wrap elementor-element-populated\">\n\t\t\t\t\t\t<div class=\"elementor-element elementor-element-155677d elementor-widget elementor-widget-text-editor\" data-id=\"155677d\" data-element_type=\"widget\" data-widget_type=\"text-editor.default\">\n\t\t\t\t<div class=\"elementor-widget-container\">\n\t\t\t\t\t\t\t\t\t<p>L\u2019entr\u00e9e de ce magnifique complexe est d\u00e9j\u00e0 superbe. <br \/>En tournant sur la Gauche, vous irait vers un v\u00e9ritable parc o\u00f9 des arbres \u00e0 fleurs odorantes vous accueillera.<br \/><br \/>La piscine est incroyable puisqu\u2019elle circule entre les arbres comme si c \u00bb \u00e9tait une rivi\u00e8re ou<br \/>une lagune.<br \/><br \/>Les chambres sont dispos\u00e9es dans un b\u00e2timent en cercle ce qui fait que chaque chambre<br \/>dispose d\u2019une tr\u00e8s belle vue.<br \/><br \/>Le complexe est situ\u00e9 dans l\u2019ensemble immobilier LAGUNA qui vous garantit le luxe absolu.<br \/><br \/>Le parcours de golf le LAGUNA ne situe \u00e0 quelques minutes de l\u2019h\u00f4tel.<\/p>\t\t\t\t\t\t\t\t<\/div>\n\t\t\t\t<\/div>\n\t\t\t\t\t<\/div>\n\t\t<\/div>\n\t\t\t\t\t<\/div>\n\t\t<\/section>\n\t\t\t\t<section class=\"elementor-section elementor-top-section elementor-element elementor-element-5af0ce5 elementor-section-boxed elementor-section-height-default elementor-section-height-default\" data-id=\"5af0ce5\" data-element_type=\"section\" data-settings=\"{&quot;background_background&quot;:&quot;classic&quot;}\">\n\t\t\t\t\t\t\t<div class=\"elementor-background-overlay\"><\/div>\n\t\t\t\t\t\t\t<div class=\"elementor-container elementor-column-gap-default\">\n\t\t\t\t\t<div class=\"elementor-column elementor-col-100 elementor-top-column elementor-element elementor-element-0cab7e6\" data-id=\"0cab7e6\" data-element_type=\"column\" data-settings=\"{&quot;background_background&quot;:&quot;classic&quot;}\">\n\t\t\t<div class=\"elementor-widget-wrap elementor-element-populated\">\n\t\t\t\t\t\t<div class=\"elementor-element elementor-element-a92b9df elementor-pagination-position-outside elementor-widget elementor-widget-image-carousel\" data-id=\"a92b9df\" data-element_type=\"widget\" data-settings=\"{&quot;slides_to_show&quot;:&quot;3&quot;,&quot;slides_to_scroll&quot;:&quot;1&quot;,&quot;navigation&quot;:&quot;dots&quot;,&quot;autoplay_speed&quot;:2500,&quot;image_spacing_custom&quot;:{&quot;unit&quot;:&quot;px&quot;,&quot;size&quot;:30,&quot;sizes&quot;:[]},&quot;autoplay&quot;:&quot;yes&quot;,&quot;pause_on_interaction&quot;:&quot;yes&quot;,&quot;infinite&quot;:&quot;yes&quot;,&quot;speed&quot;:500,&quot;image_spacing_custom_tablet&quot;:{&quot;unit&quot;:&quot;px&quot;,&quot;size&quot;:&quot;&quot;,&quot;sizes&quot;:[]},&quot;image_spacing_custom_mobile&quot;:{&quot;unit&quot;:&quot;px&quot;,&quot;size&quot;:&quot;&quot;,&quot;sizes&quot;:[]}}\" data-widget_type=\"image-carousel.default\">\n\t\t\t\t<div class=\"elementor-widget-container\">\n\t\t\t\t\t\t\t<div class=\"elementor-image-carousel-wrapper swiper\" role=\"region\" aria-roledescription=\"carousel\" aria-label=\"Carrousel d\u2019images\" dir=\"ltr\">\n\t\t\t<div class=\"elementor-image-carousel swiper-wrapper swiper-image-stretch\" aria-live=\"off\">\n\t\t\t\t\t\t\t\t<div class=\"swiper-slide\" role=\"group\" aria-roledescription=\"slide\" aria-label=\"1 sur 21\"><figure class=\"swiper-slide-inner\"><img decoding=\"async\" class=\"swiper-slide-image\" src=\"https:\/\/golf-thaitour.com\/wp-content\/uploads\/elementor\/thumbs\/zkssjz2xoo48vw9commc-rb5z9uvtpbykw2yneh72ioopdue4xrn26t0oq08mxc.jpg\" alt=\"zkssjz2xoo48vw9commc\" \/><\/figure><\/div><div class=\"swiper-slide\" role=\"group\" aria-roledescription=\"slide\" aria-label=\"2 sur 21\"><figure class=\"swiper-slide-inner\"><img decoding=\"async\" class=\"swiper-slide-image\" src=\"https:\/\/golf-thaitour.com\/wp-content\/uploads\/elementor\/thumbs\/6fbfd9c32041259d99006baa7316ccc37efed3ee-rb5zan2zed16kdtottdvlhkj7ej5cor0aol94b2tqo.jpg\" alt=\"6fbfd9c32041259d99006baa7316ccc37efed3ee\" \/><\/figure><\/div><div class=\"swiper-slide\" role=\"group\" aria-roledescription=\"slide\" aria-label=\"3 sur 21\"><figure class=\"swiper-slide-inner\"><img decoding=\"async\" class=\"swiper-slide-image\" src=\"https:\/\/golf-thaitour.com\/wp-content\/uploads\/elementor\/thumbs\/z6j9osz1xoxq59aaglql-rb5z9uvtpbykw2yneh72ioopdue4xrn26t0oq08mxc.jpg\" alt=\"z6j9osz1xoxq59aaglql\" \/><\/figure><\/div><div class=\"swiper-slide\" role=\"group\" aria-roledescription=\"slide\" aria-label=\"4 sur 21\"><figure class=\"swiper-slide-inner\"><img decoding=\"async\" class=\"swiper-slide-image\" src=\"https:\/\/golf-thaitour.com\/wp-content\/uploads\/elementor\/thumbs\/f7eed1749f12d8618baf6542b3fb25636d80eee2-rb5za1gp167l5cp3c21gi50xjjhpfnd6jpl32xyvps.jpg\" alt=\"f7eed1749f12d8618baf6542b3fb25636d80eee2\" \/><\/figure><\/div><div class=\"swiper-slide\" role=\"group\" aria-roledescription=\"slide\" aria-label=\"5 sur 21\"><figure class=\"swiper-slide-inner\"><img decoding=\"async\" class=\"swiper-slide-image\" src=\"https:\/\/golf-thaitour.com\/wp-content\/uploads\/elementor\/thumbs\/te9i50hlfi8msh0vhqfr-rb5z9vtnw5zv7oxa8zlp36g5z89i5gqsixo67a78r4.jpg\" alt=\"te9i50hlfi8msh0vhqfr\" \/><\/figure><\/div><div class=\"swiper-slide\" role=\"group\" aria-roledescription=\"slide\" aria-label=\"6 sur 21\"><figure class=\"swiper-slide-inner\"><img decoding=\"async\" class=\"swiper-slide-image\" src=\"https:\/\/golf-thaitour.com\/wp-content\/uploads\/elementor\/thumbs\/pqjorykuvdho3uk3sobk-rb5z9xpc9u2fuwujy0ey85z36008kuy976z55u4geo.jpg\" alt=\"pqjorykuvdho3uk3sobk\" \/><\/figure><\/div><div class=\"swiper-slide\" role=\"group\" aria-roledescription=\"slide\" aria-label=\"7 sur 21\"><figure class=\"swiper-slide-inner\"><img decoding=\"async\" class=\"swiper-slide-image\" src=\"https:\/\/golf-thaitour.com\/wp-content\/uploads\/elementor\/thumbs\/a21stnmtqwoyowcjqve8-rb5za81kd0glemfj9mvuhld5p8l9xj3awm5hfvp4i8.jpg\" alt=\"a21stnmtqwoyowcjqve8\" \/><\/figure><\/div><div class=\"swiper-slide\" role=\"group\" aria-roledescription=\"slide\" aria-label=\"8 sur 21\"><figure class=\"swiper-slide-inner\"><img decoding=\"async\" class=\"swiper-slide-image\" src=\"https:\/\/golf-thaitour.com\/wp-content\/uploads\/elementor\/thumbs\/pcsfvdbrgiu2hgmtwqj7-rb5z9yn6go3q6it6sitksnqjrdvlsk1zjbmmn4328g.jpg\" alt=\"pcsfvdbrgiu2hgmtwqj7\" \/><\/figure><\/div><div class=\"swiper-slide\" role=\"group\" aria-roledescription=\"slide\" aria-label=\"9 sur 21\"><figure class=\"swiper-slide-inner\"><img decoding=\"async\" class=\"swiper-slide-image\" src=\"https:\/\/golf-thaitour.com\/wp-content\/uploads\/elementor\/thumbs\/c99f103cea3654bd06aa59d9d92168dbfdeea892-rb5za581sicqfsjmq3nys42rx2z6afs3w87101tb0w.jpg\" alt=\"c99f103cea3654bd06aa59d9d92168dbfdeea892\" \/><\/figure><\/div><div class=\"swiper-slide\" role=\"group\" aria-roledescription=\"slide\" aria-label=\"10 sur 21\"><figure class=\"swiper-slide-inner\"><img decoding=\"async\" class=\"swiper-slide-image\" src=\"https:\/\/golf-thaitour.com\/wp-content\/uploads\/elementor\/thumbs\/mbvexpzegewjfugfmquc-rb5z9zl0ni50i4rtn187d5i0crqz095pvga44e1o28.jpg\" alt=\"mbvexpzegewjfugfmquc\" \/><\/figure><\/div><div class=\"swiper-slide\" role=\"group\" aria-roledescription=\"slide\" aria-label=\"11 sur 21\"><figure class=\"swiper-slide-inner\"><img decoding=\"async\" class=\"swiper-slide-image\" src=\"https:\/\/golf-thaitour.com\/wp-content\/uploads\/elementor\/thumbs\/dc635f8dc49d17c899a2dbc9e248e816a5a11c78-rb5za2ej808vgynq6kg32mse4xd2ncgwvu8kk7xhjk.jpg\" alt=\"dc635f8dc49d17c899a2dbc9e248e816a5a11c78\" \/><\/figure><\/div><div class=\"swiper-slide\" role=\"group\" aria-roledescription=\"slide\" aria-label=\"12 sur 21\"><figure class=\"swiper-slide-inner\"><img decoding=\"async\" class=\"swiper-slide-image\" src=\"https:\/\/golf-thaitour.com\/wp-content\/uploads\/elementor\/thumbs\/clcveesycmn0exmwiyrg-rb5za4a7lobg46kzvl9c7mbbbp3t2qodk3jjirup74.jpg\" alt=\"clcveesycmn0exmwiyrg\" \/><\/figure><\/div><div class=\"swiper-slide\" role=\"group\" aria-roledescription=\"slide\" aria-label=\"13 sur 21\"><figure class=\"swiper-slide-inner\"><img decoding=\"async\" class=\"swiper-slide-image\" src=\"https:\/\/golf-thaitour.com\/wp-content\/uploads\/elementor\/thumbs\/a2bc3c8d1f83994c5a92f3ce84e253eecd3cb857-rb5za9x8qoj61ucsynp3mkw2w0c0cxarkvggefmc5s.jpg\" alt=\"a2bc3c8d1f83994c5a92f3ce84e253eecd3cb857\" \/><\/figure><\/div><div class=\"swiper-slide\" role=\"group\" aria-roledescription=\"slide\" aria-label=\"14 sur 21\"><figure class=\"swiper-slide-inner\"><img decoding=\"async\" class=\"swiper-slide-image\" src=\"https:\/\/golf-thaitour.com\/wp-content\/uploads\/elementor\/thumbs\/8244662a8ad380ee321bd87b1e36b2e2e752332a-rb5zaav2xikgdgbft63q72njhe7dkmehx03xvpkxzk.jpg\" alt=\"8244662a8ad380ee321bd87b1e36b2e2e752332a\" \/><\/figure><\/div><div class=\"swiper-slide\" role=\"group\" aria-roledescription=\"slide\" aria-label=\"15 sur 21\"><figure class=\"swiper-slide-inner\"><img decoding=\"async\" class=\"swiper-slide-image\" src=\"https:\/\/golf-thaitour.com\/wp-content\/uploads\/elementor\/thumbs\/372553d0c103580285fc5243d87df0bdbc80a200-rb5zacqrb6n10o8pi6wzc26go5y400lyl9ewu9i5n4.jpg\" alt=\"372553d0c103580285fc5243d87df0bdbc80a200\" \/><\/figure><\/div><div class=\"swiper-slide\" role=\"group\" aria-roledescription=\"slide\" aria-label=\"16 sur 21\"><figure class=\"swiper-slide-inner\"><img decoding=\"async\" class=\"swiper-slide-image\" src=\"https:\/\/golf-thaitour.com\/wp-content\/uploads\/elementor\/thumbs\/89051abbcea6c427427f5d08a843504f900a9f81-rb5zaemfouplnw5z77q8h1pduxoufetf9ipvstfdao.jpg\" alt=\"89051abbcea6c427427f5d08a843504f900a9f81\" \/><\/figure><\/div><div class=\"swiper-slide\" role=\"group\" aria-roledescription=\"slide\" aria-label=\"17 sur 21\"><figure class=\"swiper-slide-inner\"><img decoding=\"async\" class=\"swiper-slide-image\" src=\"https:\/\/golf-thaitour.com\/wp-content\/uploads\/elementor\/thumbs\/45205f00c23c88dde285449167d86cb5233d393c-rb5zahfy9ctgmq1vqqy46izrn3ay2i4m9woc8nb6s0.jpg\" alt=\"45205f00c23c88dde285449167d86cb5233d393c\" \/><\/figure><\/div><div class=\"swiper-slide\" role=\"group\" aria-roledescription=\"slide\" aria-label=\"18 sur 21\"><figure class=\"swiper-slide-inner\"><img decoding=\"async\" class=\"swiper-slide-image\" src=\"https:\/\/golf-thaitour.com\/wp-content\/uploads\/elementor\/thumbs\/31dda2d7dd62020ba6d71e573c274cd8b691e101-rb5zajbmn0w19xz5frrdbiiotv1ohwc2y5zb778efk.jpg\" alt=\"31dda2d7dd62020ba6d71e573c274cd8b691e101\" \/><\/figure><\/div><div class=\"swiper-slide\" role=\"group\" aria-roledescription=\"slide\" aria-label=\"19 sur 21\"><figure class=\"swiper-slide-inner\"><img decoding=\"async\" class=\"swiper-slide-image\" src=\"https:\/\/golf-thaitour.com\/wp-content\/uploads\/elementor\/thumbs\/9fa7e98803e16ce57007aed0cb8364b9d4c54301-rb5zal7b0oylx5wf4skmgi1m0msexajjmfaa5r5m34.jpg\" alt=\"9fa7e98803e16ce57007aed0cb8364b9d4c54301\" \/><\/figure><\/div><div class=\"swiper-slide\" role=\"group\" aria-roledescription=\"slide\" aria-label=\"20 sur 21\"><figure class=\"swiper-slide-inner\"><img decoding=\"async\" class=\"swiper-slide-image\" src=\"https:\/\/golf-thaitour.com\/wp-content\/uploads\/elementor\/thumbs\/9ee25e098545dbb07ac48e0b25649c843c897186-rb5zam557izw8rv1zaz90zt2m0ns4zn9yjxrn147ww.jpg\" alt=\"9ee25e098545dbb07ac48e0b25649c843c897186\" \/><\/figure><\/div><div class=\"swiper-slide\" role=\"group\" aria-roledescription=\"slide\" aria-label=\"21 sur 21\"><figure class=\"swiper-slide-inner\"><img decoding=\"async\" class=\"swiper-slide-image\" src=\"https:\/\/golf-thaitour.com\/wp-content\/uploads\/elementor\/thumbs\/6ee374884b29ffb56b3c82a96d935fefb0de0be4-rb5zaoyns13r7lqyiu74qh3ge69vs2ygyxw82v01e8.jpg\" alt=\"6ee374884b29ffb56b3c82a96d935fefb0de0be4\" \/><\/figure><\/div>\t\t\t<\/div>\n\t\t\t\t\t\t\t\n\t\t\t\t\t\t\t\t\t<div class=\"swiper-pagination\"><\/div>\n\t\t\t\t\t\t\t\t\t<\/div>\n\t\t\t\t\t\t<\/div>\n\t\t\t\t<\/div>\n\t\t\t\t<div class=\"elementor-element elementor-element-80cffc4 elementor-widget elementor-widget-image\" data-id=\"80cffc4\" data-element_type=\"widget\" data-widget_type=\"image.default\">\n\t\t\t\t<div class=\"elementor-widget-container\">\n\t\t\t\t\t\t\t\t\t\t\t\t\t\t\t<img decoding=\"async\" width=\"64\" height=\"61\" src=\"https:\/\/golf-thaitour.com\/wp-content\/uploads\/2025\/09\/Angsana-Logoblack.webp\" class=\"attachment-large size-large wp-image-4695\" alt=\"\" srcset=\"https:\/\/golf-thaitour.com\/wp-content\/uploads\/2025\/09\/Angsana-Logoblack.webp 64w, https:\/\/golf-thaitour.com\/wp-content\/uploads\/2025\/09\/Angsana-Logoblack-13x12.webp 13w\" sizes=\"(max-width: 64px) 100vw, 64px\" \/>\t\t\t\t\t\t\t\t\t\t\t\t\t\t\t<\/div>\n\t\t\t\t<\/div>\n\t\t\t\t<div class=\"elementor-element elementor-element-7fee98a elementor-widget elementor-widget-spacer\" data-id=\"7fee98a\" data-element_type=\"widget\" data-widget_type=\"spacer.default\">\n\t\t\t\t<div class=\"elementor-widget-container\">\n\t\t\t\t\t\t\t<div class=\"elementor-spacer\">\n\t\t\t<div class=\"elementor-spacer-inner\"><\/div>\n\t\t<\/div>\n\t\t\t\t\t\t<\/div>\n\t\t\t\t<\/div>\n\t\t\t\t\t<\/div>\n\t\t<\/div>\n\t\t\t\t\t<\/div>\n\t\t<\/section>\n\t\t\t\t<\/div>\n\t\t","protected":false},"excerpt":{"rendered":"<p>ANGSARA LAGUNA L\u2019entr\u00e9e de ce magnifique complexe est d\u00e9j\u00e0 superbe. En tournant sur la Gauche, vous irait vers un v\u00e9ritable parc o\u00f9 des arbres \u00e0 fleurs odorantes vous accueillera. La piscine est incroyable puisqu\u2019elle circule entre les arbres comme si c \u00bb \u00e9tait une rivi\u00e8re ouune lagune. Les chambres sont dispos\u00e9es dans un b\u00e2timent en [&hellip;]<\/p>\n","protected":false},"author":2,"featured_media":0,"parent":0,"menu_order":0,"comment_status":"closed","ping_status":"closed","template":"elementor_header_footer","meta":{"footnotes":""},"folder":[22],"class_list":["post-4671","page","type-page","status-publish","hentry"],"_links":{"self":[{"href":"https:\/\/golf-thaitour.com\/fr_fr\/wp-json\/wp\/v2\/pages\/4671","targetHints":{"allow":["GET"]}}],"collection":[{"href":"https:\/\/golf-thaitour.com\/fr_fr\/wp-json\/wp\/v2\/pages"}],"about":[{"href":"https:\/\/golf-thaitour.com\/fr_fr\/wp-json\/wp\/v2\/types\/page"}],"author":[{"embeddable":true,"href":"https:\/\/golf-thaitour.com\/fr_fr\/wp-json\/wp\/v2\/users\/2"}],"replies":[{"embeddable":true,"href":"https:\/\/golf-thaitour.com\/fr_fr\/wp-json\/wp\/v2\/comments?post=4671"}],"version-history":[{"count":16,"href":"https:\/\/golf-thaitour.com\/fr_fr\/wp-json\/wp\/v2\/pages\/4671\/revisions"}],"predecessor-version":[{"id":5566,"href":"https:\/\/golf-thaitour.com\/fr_fr\/wp-json\/wp\/v2\/pages\/4671\/revisions\/5566"}],"wp:attachment":[{"href":"https:\/\/golf-thaitour.com\/fr_fr\/wp-json\/wp\/v2\/media?parent=4671"}],"wp:term":[{"taxonomy":"folder","embeddable":true,"href":"https:\/\/golf-thaitour.com\/fr_fr\/wp-json\/wp\/v2\/folder?post=4671"}],"curies":[{"name":"wp","href":"https:\/\/api.w.org\/{rel}","templated":true}]}}