{"id":2261,"date":"2025-07-23T13:12:52","date_gmt":"2025-07-23T13:12:52","guid":{"rendered":"https:\/\/golf-thaitour.com\/?page_id=2261"},"modified":"2025-09-03T09:14:23","modified_gmt":"2025-09-03T09:14:23","slug":"hotel-hilton-millenium-bangkok","status":"publish","type":"page","link":"https:\/\/golf-thaitour.com\/fr_fr\/hotel-hilton-millenium-bangkok\/","title":{"rendered":"HOTEL HILTON MILLENIUM BANGKOK"},"content":{"rendered":"\t\t<div data-elementor-type=\"wp-page\" data-elementor-id=\"2261\" class=\"elementor elementor-2261\" data-elementor-post-type=\"page\">\n\t\t\t\t\t\t<section class=\"elementor-section elementor-top-section elementor-element elementor-element-4f5da020 elementor-section-height-min-height elementor-section-boxed elementor-section-height-default elementor-section-items-middle\" data-id=\"4f5da020\" data-element_type=\"section\" data-settings=\"{&quot;background_background&quot;:&quot;classic&quot;}\">\n\t\t\t\t\t\t\t<div class=\"elementor-background-overlay\"><\/div>\n\t\t\t\t\t\t\t<div class=\"elementor-container elementor-column-gap-no\">\n\t\t\t\t\t<div class=\"elementor-column elementor-col-100 elementor-top-column elementor-element elementor-element-572a6a25\" data-id=\"572a6a25\" data-element_type=\"column\">\n\t\t\t<div class=\"elementor-widget-wrap elementor-element-populated\">\n\t\t\t\t\t\t<div class=\"elementor-element elementor-element-299815c1 elementor-widget elementor-widget-heading\" data-id=\"299815c1\" data-element_type=\"widget\" data-widget_type=\"heading.default\">\n\t\t\t\t<div class=\"elementor-widget-container\">\n\t\t\t\t\t<h1 class=\"elementor-heading-title elementor-size-default\">HOTEL HILTON MILLENIUM BANGKOK<\/h1>\t\t\t\t<\/div>\n\t\t\t\t<\/div>\n\t\t\t\t\t<\/div>\n\t\t<\/div>\n\t\t\t\t\t<\/div>\n\t\t<\/section>\n\t\t\t\t<section class=\"elementor-section elementor-top-section elementor-element elementor-element-266e4182 elementor-section-boxed elementor-section-height-default elementor-section-height-default\" data-id=\"266e4182\" data-element_type=\"section\">\n\t\t\t\t\t\t<div class=\"elementor-container elementor-column-gap-default\">\n\t\t\t\t\t<div class=\"elementor-column elementor-col-100 elementor-top-column elementor-element elementor-element-7097fdd6\" data-id=\"7097fdd6\" data-element_type=\"column\">\n\t\t\t<div class=\"elementor-widget-wrap elementor-element-populated\">\n\t\t\t\t\t\t<div class=\"elementor-element elementor-element-61960f54 elementor-widget elementor-widget-text-editor\" data-id=\"61960f54\" data-element_type=\"widget\" data-widget_type=\"text-editor.default\">\n\t\t\t\t<div class=\"elementor-widget-container\">\n\t\t\t\t\t\t\t\t\t<p>L\u2019h\u00f4tel est particuli\u00e8rement bien situ\u00e9 au c\u0153ur de la ville au bord du fleuve Chao Phraya o\u00f9 se d\u00e9roule la plupart des activit\u00e9s touristiques.<\/p><p>L\u2019un des plus beaux centres commerciaux de Bangkok,\u00a0 ICONSIAM est \u00e0 quelques m\u00e8tres de l\u2019H\u00f4tel et l\u2019embarcad\u00e8re vous permettra de prendre l\u2019un des bateaux qui vous fera d\u00e9couvrir une partie des tr\u00e9sors de Bangkok.<\/p><p>Le Roof-top Bar vous offrira une vue splendide qui restera graver dans votre m\u00e9moire.<\/p>\t\t\t\t\t\t\t\t<\/div>\n\t\t\t\t<\/div>\n\t\t\t\t\t<\/div>\n\t\t<\/div>\n\t\t\t\t\t<\/div>\n\t\t<\/section>\n\t\t\t\t<section class=\"elementor-section elementor-top-section elementor-element elementor-element-26639241 elementor-section-boxed elementor-section-height-default elementor-section-height-default\" data-id=\"26639241\" data-element_type=\"section\" data-settings=\"{&quot;background_background&quot;:&quot;classic&quot;}\">\n\t\t\t\t\t\t\t<div class=\"elementor-background-overlay\"><\/div>\n\t\t\t\t\t\t\t<div class=\"elementor-container elementor-column-gap-default\">\n\t\t\t\t\t<div class=\"elementor-column elementor-col-100 elementor-top-column elementor-element elementor-element-7d2b4a6c\" data-id=\"7d2b4a6c\" data-element_type=\"column\" data-settings=\"{&quot;background_background&quot;:&quot;classic&quot;}\">\n\t\t\t<div class=\"elementor-widget-wrap elementor-element-populated\">\n\t\t\t\t\t\t<div class=\"elementor-element elementor-element-9574256 elementor-pagination-position-outside elementor-widget elementor-widget-image-carousel\" data-id=\"9574256\" data-element_type=\"widget\" data-settings=\"{&quot;slides_to_show&quot;:&quot;3&quot;,&quot;slides_to_scroll&quot;:&quot;1&quot;,&quot;navigation&quot;:&quot;dots&quot;,&quot;autoplay_speed&quot;:2500,&quot;image_spacing_custom&quot;:{&quot;unit&quot;:&quot;px&quot;,&quot;size&quot;:30,&quot;sizes&quot;:[]},&quot;autoplay&quot;:&quot;yes&quot;,&quot;pause_on_interaction&quot;:&quot;yes&quot;,&quot;infinite&quot;:&quot;yes&quot;,&quot;speed&quot;:500,&quot;image_spacing_custom_tablet&quot;:{&quot;unit&quot;:&quot;px&quot;,&quot;size&quot;:&quot;&quot;,&quot;sizes&quot;:[]},&quot;image_spacing_custom_mobile&quot;:{&quot;unit&quot;:&quot;px&quot;,&quot;size&quot;:&quot;&quot;,&quot;sizes&quot;:[]}}\" data-widget_type=\"image-carousel.default\">\n\t\t\t\t<div class=\"elementor-widget-container\">\n\t\t\t\t\t\t\t<div class=\"elementor-image-carousel-wrapper swiper\" role=\"region\" aria-roledescription=\"carousel\" aria-label=\"Carrousel d\u2019images\" dir=\"ltr\">\n\t\t\t<div class=\"elementor-image-carousel swiper-wrapper swiper-image-stretch\" aria-live=\"off\">\n\t\t\t\t\t\t\t\t<div class=\"swiper-slide\" role=\"group\" aria-roledescription=\"slide\" aria-label=\"1 \u0e02\u0e2d\u0e07 13\"><figure class=\"swiper-slide-inner\"><img decoding=\"async\" class=\"swiper-slide-image\" src=\"https:\/\/golf-thaitour.com\/wp-content\/uploads\/elementor\/thumbs\/2-2-scaled-r96maev761hh47bp9iwi9ou6my731fe3lozcmecrjk.jpg\" alt=\"2\" \/><\/figure><\/div><div class=\"swiper-slide\" role=\"group\" aria-roledescription=\"slide\" aria-label=\"2 \u0e02\u0e2d\u0e07 13\"><figure class=\"swiper-slide-inner\"><img decoding=\"async\" class=\"swiper-slide-image\" src=\"https:\/\/golf-thaitour.com\/wp-content\/uploads\/elementor\/thumbs\/3-2-r96maimjxdmmen68nkj0jnw10hojw7t0y7laji76uo.jpg\" alt=\"3\" \/><\/figure><\/div><div class=\"swiper-slide\" role=\"group\" aria-roledescription=\"slide\" aria-label=\"3 \u0e02\u0e2d\u0e07 13\"><figure class=\"swiper-slide-inner\"><img decoding=\"async\" class=\"swiper-slide-image\" src=\"https:\/\/golf-thaitour.com\/wp-content\/uploads\/elementor\/thumbs\/4-2-r96maki8b1p71v3iclc9oney79fabm0hmgw9i24ei8.jpg\" alt=\"4\" \/><\/figure><\/div><div class=\"swiper-slide\" role=\"group\" aria-roledescription=\"slide\" aria-label=\"4 \u0e02\u0e2d\u0e07 13\"><figure class=\"swiper-slide-inner\"><img decoding=\"async\" class=\"swiper-slide-image\" src=\"https:\/\/golf-thaitour.com\/wp-content\/uploads\/elementor\/thumbs\/5-2-r96mamdwoprrp30s1m5itmxve160r07yaq78gm1m5s.jpg\" alt=\"5\" \/><\/figure><\/div><div class=\"swiper-slide\" role=\"group\" aria-roledescription=\"slide\" aria-label=\"5 \u0e02\u0e2d\u0e07 13\"><figure class=\"swiper-slide-inner\"><img decoding=\"async\" class=\"swiper-slide-image\" src=\"https:\/\/golf-thaitour.com\/wp-content\/uploads\/elementor\/thumbs\/6-2-r96mao9l2duccay1qmyrymgskswr6efeyzi7f5yttc.jpg\" alt=\"6\" \/><\/figure><\/div><div class=\"swiper-slide\" role=\"group\" aria-roledescription=\"slide\" aria-label=\"6 \u0e02\u0e2d\u0e07 13\"><figure class=\"swiper-slide-inner\"><img decoding=\"async\" class=\"swiper-slide-image\" src=\"https:\/\/golf-thaitour.com\/wp-content\/uploads\/elementor\/thumbs\/7.1-r96maq59g1wwzivbfns13lzprknhlsmvn8t6dpw1gw.jpg\" alt=\"7.1\" \/><\/figure><\/div><div class=\"swiper-slide\" role=\"group\" aria-roledescription=\"slide\" aria-label=\"7 \u0e02\u0e2d\u0e07 13\"><figure class=\"swiper-slide-inner\"><img decoding=\"async\" class=\"swiper-slide-image\" src=\"https:\/\/golf-thaitour.com\/wp-content\/uploads\/elementor\/thumbs\/7-r96maq59g1wwzivbfns13lzprknhlsmvn8t6dpw1gw.avif\" alt=\"7\" \/><\/figure><\/div><div class=\"swiper-slide\" role=\"group\" aria-roledescription=\"slide\" aria-label=\"8 \u0e02\u0e2d\u0e07 13\"><figure class=\"swiper-slide-inner\"><img decoding=\"async\" class=\"swiper-slide-image\" src=\"https:\/\/golf-thaitour.com\/wp-content\/uploads\/elementor\/thumbs\/8-2-r96mas0xtpzhmqsl4ola8limyce816ucbi45c9t94g.jpg\" alt=\"8\" \/><\/figure><\/div><div class=\"swiper-slide\" role=\"group\" aria-roledescription=\"slide\" aria-label=\"9 \u0e02\u0e2d\u0e07 13\"><figure class=\"swiper-slide-inner\"><img decoding=\"async\" class=\"swiper-slide-image\" src=\"https:\/\/golf-thaitour.com\/wp-content\/uploads\/elementor\/thumbs\/9-1-r96masys0k0rycr7z6zwt3a3jq9l8vy2nmrmtjruy8.jpg\" alt=\"9\" \/><\/figure><\/div><div class=\"swiper-slide\" role=\"group\" aria-roledescription=\"slide\" aria-label=\"10 \u0e02\u0e2d\u0e07 13\"><figure class=\"swiper-slide-inner\"><img decoding=\"async\" class=\"swiper-slide-image\" src=\"https:\/\/golf-thaitour.com\/wp-content\/uploads\/elementor\/thumbs\/10-1-r96matwm7e229yputpejdl1k544ygl1szrf4atqgs0.jpg\" alt=\"10\" \/><\/figure><\/div><div class=\"swiper-slide\" role=\"group\" aria-roledescription=\"slide\" aria-label=\"11 \u0e02\u0e2d\u0e07 13\"><figure class=\"swiper-slide-inner\"><img decoding=\"async\" class=\"swiper-slide-image\" src=\"https:\/\/golf-thaitour.com\/wp-content\/uploads\/elementor\/thumbs\/11-1-r96matwm7e229yputpejdl1k544ygl1szrf4atqgs0.jpg\" alt=\"11\" \/><\/figure><\/div><div class=\"swiper-slide\" role=\"group\" aria-roledescription=\"slide\" aria-label=\"12 \u0e02\u0e2d\u0e07 13\"><figure class=\"swiper-slide-inner\"><img decoding=\"async\" class=\"swiper-slide-image\" src=\"https:\/\/golf-thaitour.com\/wp-content\/uploads\/elementor\/thumbs\/12-r96mauuge83clkoho7t5y2t0qi0boa5jbw2ls3p2ls.jpg\" alt=\"12\" \/><\/figure><\/div><div class=\"swiper-slide\" role=\"group\" aria-roledescription=\"slide\" aria-label=\"13 \u0e02\u0e2d\u0e07 13\"><figure class=\"swiper-slide-inner\"><img decoding=\"async\" class=\"swiper-slide-image\" src=\"https:\/\/golf-thaitour.com\/wp-content\/uploads\/elementor\/thumbs\/1-3-r96m7hl9wlhczvkmc9eaifek3slz3bs5v7wyveouwg.jpg\" alt=\"1\" \/><\/figure><\/div>\t\t\t<\/div>\n\t\t\t\t\t\t\t\n\t\t\t\t\t\t\t\t\t<div class=\"swiper-pagination\"><\/div>\n\t\t\t\t\t\t\t\t\t<\/div>\n\t\t\t\t\t\t<\/div>\n\t\t\t\t<\/div>\n\t\t\t\t<div class=\"elementor-element elementor-element-1a996cd elementor-widget elementor-widget-image\" data-id=\"1a996cd\" data-element_type=\"widget\" data-widget_type=\"image.default\">\n\t\t\t\t<div class=\"elementor-widget-container\">\n\t\t\t\t\t\t\t\t\t\t\t\t\t\t\t<img fetchpriority=\"high\" decoding=\"async\" width=\"257\" height=\"196\" src=\"https:\/\/golf-thaitour.com\/wp-content\/uploads\/2025\/07\/images-5.png\" class=\"attachment-large size-large wp-image-2338\" alt=\"\" \/>\t\t\t\t\t\t\t\t\t\t\t\t\t\t\t<\/div>\n\t\t\t\t<\/div>\n\t\t\t\t<div class=\"elementor-element elementor-element-35e22fdc elementor-widget elementor-widget-spacer\" data-id=\"35e22fdc\" data-element_type=\"widget\" data-widget_type=\"spacer.default\">\n\t\t\t\t<div class=\"elementor-widget-container\">\n\t\t\t\t\t\t\t<div class=\"elementor-spacer\">\n\t\t\t<div class=\"elementor-spacer-inner\"><\/div>\n\t\t<\/div>\n\t\t\t\t\t\t<\/div>\n\t\t\t\t<\/div>\n\t\t\t\t\t<\/div>\n\t\t<\/div>\n\t\t\t\t\t<\/div>\n\t\t<\/section>\n\t\t\t\t<\/div>\n\t\t","protected":false},"excerpt":{"rendered":"<p>HOTEL HILTON MILLENIUM BANGKOK L\u2019h\u00f4tel est particuli\u00e8rement bien situ\u00e9 au c\u0153ur de la ville au bord du fleuve Chao Phraya o\u00f9 se d\u00e9roule la plupart des activit\u00e9s touristiques. L\u2019un des plus beaux centres commerciaux de Bangkok,\u00a0 ICONSIAM est \u00e0 quelques m\u00e8tres de l\u2019H\u00f4tel et l\u2019embarcad\u00e8re vous permettra de prendre l\u2019un des bateaux qui vous fera [&hellip;]<\/p>\n","protected":false},"author":2,"featured_media":0,"parent":0,"menu_order":0,"comment_status":"closed","ping_status":"closed","template":"elementor_header_footer","meta":{"footnotes":""},"folder":[22],"class_list":["post-2261","page","type-page","status-publish","hentry"],"_links":{"self":[{"href":"https:\/\/golf-thaitour.com\/fr_fr\/wp-json\/wp\/v2\/pages\/2261","targetHints":{"allow":["GET"]}}],"collection":[{"href":"https:\/\/golf-thaitour.com\/fr_fr\/wp-json\/wp\/v2\/pages"}],"about":[{"href":"https:\/\/golf-thaitour.com\/fr_fr\/wp-json\/wp\/v2\/types\/page"}],"author":[{"embeddable":true,"href":"https:\/\/golf-thaitour.com\/fr_fr\/wp-json\/wp\/v2\/users\/2"}],"replies":[{"embeddable":true,"href":"https:\/\/golf-thaitour.com\/fr_fr\/wp-json\/wp\/v2\/comments?post=2261"}],"version-history":[{"count":10,"href":"https:\/\/golf-thaitour.com\/fr_fr\/wp-json\/wp\/v2\/pages\/2261\/revisions"}],"predecessor-version":[{"id":5587,"href":"https:\/\/golf-thaitour.com\/fr_fr\/wp-json\/wp\/v2\/pages\/2261\/revisions\/5587"}],"wp:attachment":[{"href":"https:\/\/golf-thaitour.com\/fr_fr\/wp-json\/wp\/v2\/media?parent=2261"}],"wp:term":[{"taxonomy":"folder","embeddable":true,"href":"https:\/\/golf-thaitour.com\/fr_fr\/wp-json\/wp\/v2\/folder?post=2261"}],"curies":[{"name":"wp","href":"https:\/\/api.w.org\/{rel}","templated":true}]}}