{"id":2054,"date":"2025-07-23T11:14:32","date_gmt":"2025-07-23T11:14:32","guid":{"rendered":"https:\/\/golf-thaitour.com\/?page_id=2054"},"modified":"2025-09-03T09:14:18","modified_gmt":"2025-09-03T09:14:18","slug":"kwan-beach-resort","status":"publish","type":"page","link":"https:\/\/golf-thaitour.com\/fr_fr\/kwan-beach-resort\/","title":{"rendered":"KWAN BEACH RESORT"},"content":{"rendered":"\t\t<div data-elementor-type=\"wp-page\" data-elementor-id=\"2054\" class=\"elementor elementor-2054\" data-elementor-post-type=\"page\">\n\t\t\t\t\t\t<section class=\"elementor-section elementor-top-section elementor-element elementor-element-3a0a2df7 elementor-section-height-min-height elementor-section-boxed elementor-section-height-default elementor-section-items-middle\" data-id=\"3a0a2df7\" data-element_type=\"section\" data-settings=\"{&quot;background_background&quot;:&quot;classic&quot;}\">\n\t\t\t\t\t\t\t<div class=\"elementor-background-overlay\"><\/div>\n\t\t\t\t\t\t\t<div class=\"elementor-container elementor-column-gap-no\">\n\t\t\t\t\t<div class=\"elementor-column elementor-col-100 elementor-top-column elementor-element elementor-element-1bcdcf4\" data-id=\"1bcdcf4\" data-element_type=\"column\">\n\t\t\t<div class=\"elementor-widget-wrap elementor-element-populated\">\n\t\t\t\t\t\t<div class=\"elementor-element elementor-element-70c5ab43 elementor-widget elementor-widget-heading\" data-id=\"70c5ab43\" data-element_type=\"widget\" data-widget_type=\"heading.default\">\n\t\t\t\t<div class=\"elementor-widget-container\">\n\t\t\t\t\t<h1 class=\"elementor-heading-title elementor-size-default\">KWAN BEACH RESORT<\/h1>\t\t\t\t<\/div>\n\t\t\t\t<\/div>\n\t\t\t\t\t<\/div>\n\t\t<\/div>\n\t\t\t\t\t<\/div>\n\t\t<\/section>\n\t\t\t\t<section class=\"elementor-section elementor-top-section elementor-element elementor-element-4a4bda40 elementor-section-boxed elementor-section-height-default elementor-section-height-default\" data-id=\"4a4bda40\" data-element_type=\"section\">\n\t\t\t\t\t\t<div class=\"elementor-container elementor-column-gap-default\">\n\t\t\t\t\t<div class=\"elementor-column elementor-col-100 elementor-top-column elementor-element elementor-element-19ef50a6\" data-id=\"19ef50a6\" data-element_type=\"column\">\n\t\t\t<div class=\"elementor-widget-wrap elementor-element-populated\">\n\t\t\t\t\t\t<div class=\"elementor-element elementor-element-2888e59b elementor-widget elementor-widget-text-editor\" data-id=\"2888e59b\" data-element_type=\"widget\" data-widget_type=\"text-editor.default\">\n\t\t\t\t<div class=\"elementor-widget-container\">\n\t\t\t\t\t\t\t\t\t<p>Super h\u00f4tel au bord de mer avec des chambres duplex sous une tente. La douche est superbe avec sa vue sur les \u00e9toiles ou la baignoire sous un coin de tente.<\/p><p>Une belle exp\u00e9rience reposante avec une plage situ\u00e9 \u00e0 2 minutes remplies de restaurants et de bar.<\/p>\t\t\t\t\t\t\t\t<\/div>\n\t\t\t\t<\/div>\n\t\t\t\t\t<\/div>\n\t\t<\/div>\n\t\t\t\t\t<\/div>\n\t\t<\/section>\n\t\t\t\t<section class=\"elementor-section elementor-top-section elementor-element elementor-element-3fa7fdd7 elementor-section-boxed elementor-section-height-default elementor-section-height-default\" data-id=\"3fa7fdd7\" data-element_type=\"section\" data-settings=\"{&quot;background_background&quot;:&quot;classic&quot;}\">\n\t\t\t\t\t\t\t<div class=\"elementor-background-overlay\"><\/div>\n\t\t\t\t\t\t\t<div class=\"elementor-container elementor-column-gap-default\">\n\t\t\t\t\t<div class=\"elementor-column elementor-col-100 elementor-top-column elementor-element elementor-element-61b9090\" data-id=\"61b9090\" data-element_type=\"column\" data-settings=\"{&quot;background_background&quot;:&quot;classic&quot;}\">\n\t\t\t<div class=\"elementor-widget-wrap elementor-element-populated\">\n\t\t\t\t\t\t<div class=\"elementor-element elementor-element-5f71dea0 elementor-pagination-position-outside elementor-widget elementor-widget-image-carousel\" data-id=\"5f71dea0\" data-element_type=\"widget\" data-settings=\"{&quot;slides_to_show&quot;:&quot;3&quot;,&quot;slides_to_scroll&quot;:&quot;1&quot;,&quot;navigation&quot;:&quot;dots&quot;,&quot;autoplay_speed&quot;:2500,&quot;image_spacing_custom&quot;:{&quot;unit&quot;:&quot;px&quot;,&quot;size&quot;:30,&quot;sizes&quot;:[]},&quot;autoplay&quot;:&quot;yes&quot;,&quot;pause_on_interaction&quot;:&quot;yes&quot;,&quot;infinite&quot;:&quot;yes&quot;,&quot;speed&quot;:500,&quot;image_spacing_custom_tablet&quot;:{&quot;unit&quot;:&quot;px&quot;,&quot;size&quot;:&quot;&quot;,&quot;sizes&quot;:[]},&quot;image_spacing_custom_mobile&quot;:{&quot;unit&quot;:&quot;px&quot;,&quot;size&quot;:&quot;&quot;,&quot;sizes&quot;:[]}}\" data-widget_type=\"image-carousel.default\">\n\t\t\t\t<div class=\"elementor-widget-container\">\n\t\t\t\t\t\t\t<div class=\"elementor-image-carousel-wrapper swiper\" role=\"region\" aria-roledescription=\"carousel\" aria-label=\"Carrousel d\u2019images\" dir=\"ltr\">\n\t\t\t<div class=\"elementor-image-carousel swiper-wrapper swiper-image-stretch\" aria-live=\"off\">\n\t\t\t\t\t\t\t\t<div class=\"swiper-slide\" role=\"group\" aria-roledescription=\"slide\" aria-label=\"1 sur 11\"><figure class=\"swiper-slide-inner\"><img decoding=\"async\" class=\"swiper-slide-image\" src=\"https:\/\/golf-thaitour.com\/wp-content\/uploads\/elementor\/thumbs\/687511818-r96h2e7e423os6fk5r410mvwzawyczyzf37vsv4q5s.jpg\" alt=\"687511818\" \/><\/figure><\/div><div class=\"swiper-slide\" role=\"group\" aria-roledescription=\"slide\" aria-label=\"2 sur 11\"><figure class=\"swiper-slide-inner\"><img decoding=\"async\" class=\"swiper-slide-image\" src=\"https:\/\/golf-thaitour.com\/wp-content\/uploads\/elementor\/thumbs\/324798764-r96h2d9jx82egkgxb8peg54gdx1l5av92ykebl64c0.jpg\" alt=\"324798764\" \/><\/figure><\/div><div class=\"swiper-slide\" role=\"group\" aria-roledescription=\"slide\" aria-label=\"3 sur 11\"><figure class=\"swiper-slide-inner\"><img decoding=\"async\" class=\"swiper-slide-image\" src=\"https:\/\/golf-thaitour.com\/wp-content\/uploads\/elementor\/thumbs\/324793785-r96h2cbpqe144yiagqarvnczsj67xlriqtwwub7ii8.jpg\" alt=\"324793785\" \/><\/figure><\/div><div class=\"swiper-slide\" role=\"group\" aria-roledescription=\"slide\" aria-label=\"4 sur 11\"><figure class=\"swiper-slide-inner\"><img decoding=\"async\" class=\"swiper-slide-image\" src=\"https:\/\/golf-thaitour.com\/wp-content\/uploads\/elementor\/thumbs\/315492213-r96h2ag1cpyjhql0rphiqnu2lrfhi7k22klxvraauo.jpg\" alt=\"315492213\" \/><\/figure><\/div><div class=\"swiper-slide\" role=\"group\" aria-roledescription=\"slide\" aria-label=\"5 sur 11\"><figure class=\"swiper-slide-inner\"><img decoding=\"async\" class=\"swiper-slide-image\" src=\"https:\/\/golf-thaitour.com\/wp-content\/uploads\/elementor\/thumbs\/315491867-r96h29i75vx964mdx72w662m0dk4aigbqfygehbp0w.jpg\" alt=\"315491867\" \/><\/figure><\/div><div class=\"swiper-slide\" role=\"group\" aria-roledescription=\"slide\" aria-label=\"6 sur 11\"><figure class=\"swiper-slide-inner\"><img decoding=\"async\" class=\"swiper-slide-image\" src=\"https:\/\/golf-thaitour.com\/wp-content\/uploads\/elementor\/thumbs\/315491863-r96h28kcz1vyuinr2oo9lob5ezor2tclebayx7d374.jpg\" alt=\"315491863\" \/><\/figure><\/div><div class=\"swiper-slide\" role=\"group\" aria-roledescription=\"slide\" aria-label=\"7 sur 11\"><figure class=\"swiper-slide-inner\"><img decoding=\"async\" class=\"swiper-slide-image\" src=\"https:\/\/golf-thaitour.com\/wp-content\/uploads\/elementor\/thumbs\/315491528-r96h27mis7uoiwp4869n16jotltdv48v26nhfxehdc.jpg\" alt=\"315491528\" \/><\/figure><\/div><div class=\"swiper-slide\" role=\"group\" aria-roledescription=\"slide\" aria-label=\"8 sur 11\"><figure class=\"swiper-slide-inner\"><img decoding=\"async\" class=\"swiper-slide-image\" src=\"https:\/\/golf-thaitour.com\/wp-content\/uploads\/elementor\/thumbs\/315490906-r96h26ooldte7aqhdnv0gos887y0nf54q1zzynfvjk.jpg\" alt=\"315490906\" \/><\/figure><\/div><div class=\"swiper-slide\" role=\"group\" aria-roledescription=\"slide\" aria-label=\"9 sur 11\"><figure class=\"swiper-slide-inner\"><img decoding=\"async\" class=\"swiper-slide-image\" src=\"https:\/\/golf-thaitour.com\/wp-content\/uploads\/elementor\/thumbs\/101759169-r96h26ooldte7aqhdnv0gos887y0nf54q1zzynfvjk.jpg\" alt=\"101759169\" \/><\/figure><\/div><div class=\"swiper-slide\" role=\"group\" aria-roledescription=\"slide\" aria-label=\"10 sur 11\"><figure class=\"swiper-slide-inner\"><img decoding=\"async\" class=\"swiper-slide-image\" src=\"https:\/\/golf-thaitour.com\/wp-content\/uploads\/elementor\/thumbs\/101759129-r96h25quejs3voruj5gdw70rmu2nfq1edxcihdh9ps.jpg\" alt=\"101759129\" \/><\/figure><\/div><div class=\"swiper-slide\" role=\"group\" aria-roledescription=\"slide\" aria-label=\"11 sur 11\"><figure class=\"swiper-slide-inner\"><img decoding=\"async\" class=\"swiper-slide-image\" src=\"https:\/\/golf-thaitour.com\/wp-content\/uploads\/elementor\/thumbs\/101758803-r96h24t07pqtk2t7on1rbp9b1g7a80xo1sp103inw0.jpg\" alt=\"101758803\" \/><\/figure><\/div>\t\t\t<\/div>\n\t\t\t\t\t\t\t\n\t\t\t\t\t\t\t\t\t<div class=\"swiper-pagination\"><\/div>\n\t\t\t\t\t\t\t\t\t<\/div>\n\t\t\t\t\t\t<\/div>\n\t\t\t\t<\/div>\n\t\t\t\t<div class=\"elementor-element elementor-element-3250e18 elementor-widget elementor-widget-image\" data-id=\"3250e18\" data-element_type=\"widget\" data-widget_type=\"image.default\">\n\t\t\t\t<div class=\"elementor-widget-container\">\n\t\t\t\t\t\t\t\t\t\t\t\t\t\t\t<img fetchpriority=\"high\" decoding=\"async\" width=\"768\" height=\"101\" src=\"https:\/\/golf-thaitour.com\/wp-content\/uploads\/2025\/07\/logo-khwan-gold-768x101.webp\" class=\"attachment-medium_large size-medium_large wp-image-2304\" alt=\"\" srcset=\"https:\/\/golf-thaitour.com\/wp-content\/uploads\/2025\/07\/logo-khwan-gold-768x101.webp 768w, https:\/\/golf-thaitour.com\/wp-content\/uploads\/2025\/07\/logo-khwan-gold-300x40.webp 300w, https:\/\/golf-thaitour.com\/wp-content\/uploads\/2025\/07\/logo-khwan-gold.webp 1024w\" sizes=\"(max-width: 768px) 100vw, 768px\" \/>\t\t\t\t\t\t\t\t\t\t\t\t\t\t\t<\/div>\n\t\t\t\t<\/div>\n\t\t\t\t<div class=\"elementor-element elementor-element-636c1eb9 elementor-widget elementor-widget-spacer\" data-id=\"636c1eb9\" data-element_type=\"widget\" data-widget_type=\"spacer.default\">\n\t\t\t\t<div class=\"elementor-widget-container\">\n\t\t\t\t\t\t\t<div class=\"elementor-spacer\">\n\t\t\t<div class=\"elementor-spacer-inner\"><\/div>\n\t\t<\/div>\n\t\t\t\t\t\t<\/div>\n\t\t\t\t<\/div>\n\t\t\t\t\t<\/div>\n\t\t<\/div>\n\t\t\t\t\t<\/div>\n\t\t<\/section>\n\t\t\t\t<\/div>\n\t\t","protected":false},"excerpt":{"rendered":"<p>KWAN BEACH RESORT Super h\u00f4tel au bord de mer avec des chambres duplex sous une tente. La douche est superbe avec sa vue sur les \u00e9toiles ou la baignoire sous un coin de tente. Une belle exp\u00e9rience reposante avec une plage situ\u00e9 \u00e0 2 minutes remplies de restaurants et de bar.<\/p>\n","protected":false},"author":2,"featured_media":0,"parent":0,"menu_order":0,"comment_status":"closed","ping_status":"closed","template":"elementor_header_footer","meta":{"footnotes":""},"folder":[22],"class_list":["post-2054","page","type-page","status-publish","hentry"],"_links":{"self":[{"href":"https:\/\/golf-thaitour.com\/fr_fr\/wp-json\/wp\/v2\/pages\/2054","targetHints":{"allow":["GET"]}}],"collection":[{"href":"https:\/\/golf-thaitour.com\/fr_fr\/wp-json\/wp\/v2\/pages"}],"about":[{"href":"https:\/\/golf-thaitour.com\/fr_fr\/wp-json\/wp\/v2\/types\/page"}],"author":[{"embeddable":true,"href":"https:\/\/golf-thaitour.com\/fr_fr\/wp-json\/wp\/v2\/users\/2"}],"replies":[{"embeddable":true,"href":"https:\/\/golf-thaitour.com\/fr_fr\/wp-json\/wp\/v2\/comments?post=2054"}],"version-history":[{"count":19,"href":"https:\/\/golf-thaitour.com\/fr_fr\/wp-json\/wp\/v2\/pages\/2054\/revisions"}],"predecessor-version":[{"id":5584,"href":"https:\/\/golf-thaitour.com\/fr_fr\/wp-json\/wp\/v2\/pages\/2054\/revisions\/5584"}],"wp:attachment":[{"href":"https:\/\/golf-thaitour.com\/fr_fr\/wp-json\/wp\/v2\/media?parent=2054"}],"wp:term":[{"taxonomy":"folder","embeddable":true,"href":"https:\/\/golf-thaitour.com\/fr_fr\/wp-json\/wp\/v2\/folder?post=2054"}],"curies":[{"name":"wp","href":"https:\/\/api.w.org\/{rel}","templated":true}]}}