{"id":1759,"date":"2025-07-23T08:49:45","date_gmt":"2025-07-23T08:49:45","guid":{"rendered":"https:\/\/golf-thaitour.com\/?page_id=1759"},"modified":"2025-12-05T13:04:47","modified_gmt":"2025-12-05T13:04:47","slug":"black-moutain-golf-course-incroyable-green","status":"publish","type":"page","link":"https:\/\/golf-thaitour.com\/fr_fr\/black-moutain-golf-course-incroyable-green\/","title":{"rendered":"BLACK MOUNTAIN GOLF COURSE"},"content":{"rendered":"\t\t<div data-elementor-type=\"wp-page\" data-elementor-id=\"1759\" class=\"elementor elementor-1759\" data-elementor-post-type=\"page\">\n\t\t\t\t\t\t<section class=\"elementor-section elementor-top-section elementor-element elementor-element-520443e9 elementor-section-height-min-height elementor-section-boxed elementor-section-height-default elementor-section-items-middle\" data-id=\"520443e9\" data-element_type=\"section\" data-settings=\"{&quot;background_background&quot;:&quot;classic&quot;}\">\n\t\t\t\t\t\t\t<div class=\"elementor-background-overlay\"><\/div>\n\t\t\t\t\t\t\t<div class=\"elementor-container elementor-column-gap-no\">\n\t\t\t\t\t<div class=\"elementor-column elementor-col-100 elementor-top-column elementor-element elementor-element-7870ad39\" data-id=\"7870ad39\" data-element_type=\"column\">\n\t\t\t<div class=\"elementor-widget-wrap elementor-element-populated\">\n\t\t\t\t\t\t<div class=\"elementor-element elementor-element-38e22336 elementor-widget elementor-widget-heading\" data-id=\"38e22336\" data-element_type=\"widget\" data-widget_type=\"heading.default\">\n\t\t\t\t<div class=\"elementor-widget-container\">\n\t\t\t\t\t<h1 class=\"elementor-heading-title elementor-size-default\">BLACK MOUNTAIN GOLF COURSE<\/h1>\t\t\t\t<\/div>\n\t\t\t\t<\/div>\n\t\t\t\t\t<\/div>\n\t\t<\/div>\n\t\t\t\t\t<\/div>\n\t\t<\/section>\n\t\t\t\t<section class=\"elementor-section elementor-top-section elementor-element elementor-element-102cbbc9 elementor-section-boxed elementor-section-height-default elementor-section-height-default\" data-id=\"102cbbc9\" data-element_type=\"section\">\n\t\t\t\t\t\t<div class=\"elementor-container elementor-column-gap-default\">\n\t\t\t\t\t<div class=\"elementor-column elementor-col-100 elementor-top-column elementor-element elementor-element-211a2a8c\" data-id=\"211a2a8c\" data-element_type=\"column\">\n\t\t\t<div class=\"elementor-widget-wrap elementor-element-populated\">\n\t\t\t\t\t\t<div class=\"elementor-element elementor-element-62a1625e elementor-widget elementor-widget-text-editor\" data-id=\"62a1625e\" data-element_type=\"widget\" data-widget_type=\"text-editor.default\">\n\t\t\t\t<div class=\"elementor-widget-container\">\n\t\t\t\t\t\t\t\t\t<p data-start=\"101\" data-end=\"659\">Black Mountain a \u00e9t\u00e9 transform\u00e9 \u00e0 partir d\u2019une jungle luxuriante et de plantations d\u2019ananas. Il se situe \u00e0 environ 25 minutes \u00e0 l\u2019ouest de Hua Hin. Install\u00e9 dans une vall\u00e9e entour\u00e9e d\u2019immenses montagnes couvertes de granit noir, le parcours de golf de Hua Hin a accueilli les \u00e9preuves de l\u2019Asian PGA Tour en 2009 et 2010 ainsi que le match play Europe contre Asie du Royal Trophy en 2011. En 2012, et chaque ann\u00e9e depuis, Black Mountain a \u00e9t\u00e9 s\u00e9lectionn\u00e9 par le magazine <em data-start=\"572\" data-end=\"585\">Golf Digest<\/em> comme l\u2019un des 100 meilleurs terrains de golf en dehors des \u00c9tats-Unis.<\/p><p data-start=\"661\" data-end=\"809\">Il est situ\u00e9 \u00e0 environ 10 km \u00e0 l\u2019ouest de Hua Hin. Les bunkers et les fairways sont en excellent \u00e9tat compte tenu de la nature expos\u00e9e du paysage.<\/p><p data-start=\"811\" data-end=\"1130\">Le Black Mountain Golf Club t\u00e9moigne du m\u00e9lange harmonieux entre beaut\u00e9 naturelle et excellence golfique. Situ\u00e9e au c\u0153ur de Hua Hin, en Tha\u00eflande, cette destination de golf de classe mondiale offre aux golfeurs une exp\u00e9rience inoubliable au milieu de paysages \u00e9poustouflants et de fairways m\u00e9ticuleusement entretenus.<\/p><p data-start=\"1132\" data-end=\"1508\">Con\u00e7u par l\u2019architecte de renom Phil Ryan, le parcours de championnat de Black Mountain se d\u00e9ploie sur un terrain vallonn\u00e9, offrant aux golfeurs un voyage captivant et stimulant. Des collines imposantes, une v\u00e9g\u00e9tation luxuriante et des plans d\u2019eau strat\u00e9giquement plac\u00e9s compl\u00e8tent le parcours, cr\u00e9ant une toile de fond pittoresque qui rehausse l\u2019ambiance g\u00e9n\u00e9rale du golf.<\/p><p data-start=\"1510\" data-end=\"1868\">Le parcours de championnat s\u2019adresse aux golfeurs de tous niveaux, avec plusieurs options de d\u00e9part garantissant une partie agr\u00e9able et stimulante pour les d\u00e9butants comme pour les joueurs chevronn\u00e9s. Chaque trou est un chef-d\u2019\u0153uvre unique, avec des fairways bien d\u00e9finis, des bunkers strat\u00e9giquement plac\u00e9s et des greens qui exigent pr\u00e9cision et habilet\u00e9.<\/p>\t\t\t\t\t\t\t\t<\/div>\n\t\t\t\t<\/div>\n\t\t\t\t<div class=\"elementor-element elementor-element-613f467 elementor-widget elementor-widget-heading\" data-id=\"613f467\" data-element_type=\"widget\" data-widget_type=\"heading.default\">\n\t\t\t\t<div class=\"elementor-widget-container\">\n\t\t\t\t\t<h2 class=\"elementor-heading-title elementor-size-default\">CLUB HOUSE AND FACILITIES<\/h2>\t\t\t\t<\/div>\n\t\t\t\t<\/div>\n\t\t\t\t<div class=\"elementor-element elementor-element-6201978 elementor-widget elementor-widget-text-editor\" data-id=\"6201978\" data-element_type=\"widget\" data-widget_type=\"text-editor.default\">\n\t\t\t\t<div class=\"elementor-widget-container\">\n\t\t\t\t\t\t\t\t\t<p data-start=\"58\" data-end=\"255\">Le clubhouse est un \u00e9tablissement 5 \u00e9toiles, dot\u00e9 d\u2019une terrasse ouverte o\u00f9 circulent des brises fra\u00eeches, avec un grand bar et un menu vari\u00e9 m\u00ealant cuisine su\u00e9doise, tha\u00eflandaise et occidentale.<\/p><p data-start=\"257\" data-end=\"465\">Les caddies, parmi les mieux habill\u00e9s de Tha\u00eflande, portent de magnifiques tenues or et noires. Ils sont form\u00e9s au plus haut niveau, offrant un service irr\u00e9prochable aussi bien sur le parcours qu\u2019en dehors.<\/p><p data-start=\"467\" data-end=\"909\">Le clubhouse du Black Mountain Golf Club est un v\u00e9ritable symbole d\u2019hospitalit\u00e9 et de d\u00e9tente. Son design contemporain s\u2019int\u00e8gre harmonieusement \u00e0 l\u2019environnement naturel et propose aux golfeurs un cadre \u00e9l\u00e9gant et confortable apr\u00e8s une journ\u00e9e sur le parcours. Les vues panoramiques qu\u2019il offre sur le terrain et les paysages environnants en font un lieu privil\u00e9gi\u00e9, aussi agr\u00e9able pour se reposer que pour prolonger l\u2019exp\u00e9rience golfique.<\/p>\t\t\t\t\t\t\t\t<\/div>\n\t\t\t\t<\/div>\n\t\t\t\t\t<\/div>\n\t\t<\/div>\n\t\t\t\t\t<\/div>\n\t\t<\/section>\n\t\t\t\t<section class=\"elementor-section elementor-top-section elementor-element elementor-element-43cdb143 elementor-section-boxed elementor-section-height-default elementor-section-height-default\" data-id=\"43cdb143\" data-element_type=\"section\" data-settings=\"{&quot;background_background&quot;:&quot;classic&quot;}\">\n\t\t\t\t\t\t\t<div class=\"elementor-background-overlay\"><\/div>\n\t\t\t\t\t\t\t<div class=\"elementor-container elementor-column-gap-default\">\n\t\t\t\t\t<div class=\"elementor-column elementor-col-100 elementor-top-column elementor-element elementor-element-47d130\" data-id=\"47d130\" data-element_type=\"column\" data-settings=\"{&quot;background_background&quot;:&quot;classic&quot;}\">\n\t\t\t<div class=\"elementor-widget-wrap elementor-element-populated\">\n\t\t\t\t\t\t<div class=\"elementor-element elementor-element-406f825f elementor-pagination-position-outside elementor-widget elementor-widget-image-carousel\" data-id=\"406f825f\" data-element_type=\"widget\" data-settings=\"{&quot;slides_to_show&quot;:&quot;3&quot;,&quot;slides_to_scroll&quot;:&quot;1&quot;,&quot;navigation&quot;:&quot;dots&quot;,&quot;autoplay_speed&quot;:6000,&quot;image_spacing_custom&quot;:{&quot;unit&quot;:&quot;px&quot;,&quot;size&quot;:30,&quot;sizes&quot;:[]},&quot;autoplay&quot;:&quot;yes&quot;,&quot;pause_on_hover&quot;:&quot;yes&quot;,&quot;pause_on_interaction&quot;:&quot;yes&quot;,&quot;infinite&quot;:&quot;yes&quot;,&quot;speed&quot;:500,&quot;image_spacing_custom_tablet&quot;:{&quot;unit&quot;:&quot;px&quot;,&quot;size&quot;:&quot;&quot;,&quot;sizes&quot;:[]},&quot;image_spacing_custom_mobile&quot;:{&quot;unit&quot;:&quot;px&quot;,&quot;size&quot;:&quot;&quot;,&quot;sizes&quot;:[]}}\" data-widget_type=\"image-carousel.default\">\n\t\t\t\t<div class=\"elementor-widget-container\">\n\t\t\t\t\t\t\t<div class=\"elementor-image-carousel-wrapper swiper\" role=\"region\" aria-roledescription=\"carousel\" aria-label=\"Carrousel d\u2019images\" dir=\"ltr\">\n\t\t\t<div class=\"elementor-image-carousel swiper-wrapper swiper-image-stretch\" aria-live=\"off\">\n\t\t\t\t\t\t\t\t<div class=\"swiper-slide\" role=\"group\" aria-roledescription=\"slide\" aria-label=\"1 \u0e02\u0e2d\u0e07 10\"><figure class=\"swiper-slide-inner\"><img decoding=\"async\" class=\"swiper-slide-image\" src=\"https:\/\/golf-thaitour.com\/wp-content\/uploads\/elementor\/thumbs\/HoleE1Panorama-1-min-rb613bd579xuspjec811u6ujelzgts55aqv4h0nafc.jpg\" alt=\"Hole+E1+Panorama-1-min\" \/><\/figure><\/div><div class=\"swiper-slide\" role=\"group\" aria-roledescription=\"slide\" aria-label=\"2 \u0e02\u0e2d\u0e07 10\"><figure class=\"swiper-slide-inner\"><img decoding=\"async\" class=\"swiper-slide-image\" src=\"https:\/\/golf-thaitour.com\/wp-content\/uploads\/elementor\/thumbs\/Galleryimages21-min-rb613d8tky0ffxgo18uaz6dgldq796clz063fkki2w.jpg\" alt=\"Gallery+images21-min\" \/><\/figure><\/div><div class=\"swiper-slide\" role=\"group\" aria-roledescription=\"slide\" aria-label=\"3 \u0e02\u0e2d\u0e07 10\"><figure class=\"swiper-slide-inner\"><img decoding=\"async\" class=\"swiper-slide-image\" src=\"https:\/\/golf-thaitour.com\/wp-content\/uploads\/elementor\/thumbs\/Galleryimages19-min-rb613e6nrs1prjfavr8xjo4x6rlkgvgcb4tkwuj3wo.jpg\" alt=\"Gallery+images19-min\" \/><\/figure><\/div><div class=\"swiper-slide\" role=\"group\" aria-roledescription=\"slide\" aria-label=\"4 \u0e02\u0e2d\u0e07 10\"><figure class=\"swiper-slide-inner\"><img decoding=\"async\" class=\"swiper-slide-image\" src=\"https:\/\/golf-thaitour.com\/wp-content\/uploads\/elementor\/thumbs\/Galleryimages17-min-rb613f4hym3035dxq9nk45wds5gxokk2n9h2e4hpqg.jpg\" alt=\"Gallery+images17-min\" \/><\/figure><\/div><div class=\"swiper-slide\" role=\"group\" aria-roledescription=\"slide\" aria-label=\"5 \u0e02\u0e2d\u0e07 10\"><figure class=\"swiper-slide-inner\"><img decoding=\"async\" class=\"swiper-slide-image\" src=\"https:\/\/golf-thaitour.com\/wp-content\/uploads\/elementor\/thumbs\/Galleryimages14-min-rb613g2c5g4aerckks26onnudjcaw9nsze4jvegbk8.jpg\" alt=\"Gallery+images14-min\" \/><\/figure><\/div><div class=\"swiper-slide\" role=\"group\" aria-roledescription=\"slide\" aria-label=\"6 \u0e02\u0e2d\u0e07 10\"><figure class=\"swiper-slide-inner\"><img decoding=\"async\" class=\"swiper-slide-image\" src=\"https:\/\/golf-thaitour.com\/wp-content\/uploads\/elementor\/thumbs\/Galleryimages13-min-rb613h06ca5kqdb7fagt95fayx7o3yrjbis1coexe0.jpg\" alt=\"Gallery+images13-min\" \/><\/figure><\/div><div class=\"swiper-slide\" role=\"group\" aria-roledescription=\"slide\" aria-label=\"7 \u0e02\u0e2d\u0e07 10\"><figure class=\"swiper-slide-inner\"><img decoding=\"async\" class=\"swiper-slide-image\" src=\"https:\/\/golf-thaitour.com\/wp-content\/uploads\/elementor\/thumbs\/Galleryimages12-min-rb613hy0j46v1z9u9svftn6rkb31bnv9nnfitydj7s.jpg\" alt=\"Gallery+images12-min\" \/><\/figure><\/div><div class=\"swiper-slide\" role=\"group\" aria-roledescription=\"slide\" aria-label=\"8 \u0e02\u0e2d\u0e07 10\"><figure class=\"swiper-slide-inner\"><img decoding=\"async\" class=\"swiper-slide-image\" src=\"https:\/\/golf-thaitour.com\/wp-content\/uploads\/elementor\/thumbs\/Galleryimages6-min-rb613ivupy85dl8h4ba2e4y85oyejcyzzs30b8c51k.jpg\" alt=\"Gallery+images6-min\" \/><\/figure><\/div><div class=\"swiper-slide\" role=\"group\" aria-roledescription=\"slide\" aria-label=\"9 \u0e02\u0e2d\u0e07 10\"><figure class=\"swiper-slide-inner\"><img decoding=\"async\" class=\"swiper-slide-image\" src=\"https:\/\/golf-thaitour.com\/wp-content\/uploads\/elementor\/thumbs\/Galleryimages3-min-rb613krj3maq0t5qtc3bj4h5cgp4yr6go1dz9s9cp4.jpg\" alt=\"Gallery+images3-min\" \/><\/figure><\/div><div class=\"swiper-slide\" role=\"group\" aria-roledescription=\"slide\" aria-label=\"10 \u0e02\u0e2d\u0e07 10\"><figure class=\"swiper-slide-inner\"><img decoding=\"async\" class=\"swiper-slide-image\" src=\"https:\/\/golf-thaitour.com\/wp-content\/uploads\/elementor\/thumbs\/Galleryimages1-min-rb613mn7hadao130icwko402j8fve5dxcaoy8c6kco.jpg\" alt=\"Gallery+images1-min\" \/><\/figure><\/div>\t\t\t<\/div>\n\t\t\t\t\t\t\t\n\t\t\t\t\t\t\t\t\t<div class=\"swiper-pagination\"><\/div>\n\t\t\t\t\t\t\t\t\t<\/div>\n\t\t\t\t\t\t<\/div>\n\t\t\t\t<\/div>\n\t\t\t\t<div class=\"elementor-element elementor-element-3365488 elementor-widget elementor-widget-image\" data-id=\"3365488\" data-element_type=\"widget\" data-widget_type=\"image.default\">\n\t\t\t\t<div class=\"elementor-widget-container\">\n\t\t\t\t\t\t\t\t\t\t\t\t\t\t\t<img fetchpriority=\"high\" decoding=\"async\" width=\"800\" height=\"519\" src=\"https:\/\/golf-thaitour.com\/wp-content\/uploads\/2025\/07\/BM_logo_solid_GCHH-01-1024x664.png\" class=\"attachment-large size-large wp-image-1769\" alt=\"\" srcset=\"https:\/\/golf-thaitour.com\/wp-content\/uploads\/2025\/07\/BM_logo_solid_GCHH-01-1024x664.png 1024w, https:\/\/golf-thaitour.com\/wp-content\/uploads\/2025\/07\/BM_logo_solid_GCHH-01-300x194.png 300w, https:\/\/golf-thaitour.com\/wp-content\/uploads\/2025\/07\/BM_logo_solid_GCHH-01-768x498.png 768w, https:\/\/golf-thaitour.com\/wp-content\/uploads\/2025\/07\/BM_logo_solid_GCHH-01.png 1500w\" sizes=\"(max-width: 800px) 100vw, 800px\" \/>\t\t\t\t\t\t\t\t\t\t\t\t\t\t\t<\/div>\n\t\t\t\t<\/div>\n\t\t\t\t<div class=\"elementor-element elementor-element-45dcc003 elementor-widget elementor-widget-spacer\" data-id=\"45dcc003\" data-element_type=\"widget\" data-widget_type=\"spacer.default\">\n\t\t\t\t<div class=\"elementor-widget-container\">\n\t\t\t\t\t\t\t<div class=\"elementor-spacer\">\n\t\t\t<div class=\"elementor-spacer-inner\"><\/div>\n\t\t<\/div>\n\t\t\t\t\t\t<\/div>\n\t\t\t\t<\/div>\n\t\t\t\t\t<\/div>\n\t\t<\/div>\n\t\t\t\t\t<\/div>\n\t\t<\/section>\n\t\t\t\t<\/div>\n\t\t","protected":false},"excerpt":{"rendered":"<p>Black Mountain a \u00e9t\u00e9 transform\u00e9 \u00e0 partir d\u2019une jungle luxuriante et de plantations d\u2019ananas. Il se situe \u00e0 environ 25 minutes \u00e0 l\u2019ouest de Hua Hin. Install\u00e9 dans une vall\u00e9e entour\u00e9e d\u2019immenses montagnes couvertes de granit noir, le parcours de golf de Hua Hin a accueilli les \u00e9preuves de l\u2019Asian PGA Tour en 2009 et [&hellip;]<\/p>\n","protected":false},"author":2,"featured_media":0,"parent":0,"menu_order":0,"comment_status":"closed","ping_status":"closed","template":"elementor_header_footer","meta":{"footnotes":""},"folder":[21],"class_list":["post-1759","page","type-page","status-publish","hentry"],"_links":{"self":[{"href":"https:\/\/golf-thaitour.com\/fr_fr\/wp-json\/wp\/v2\/pages\/1759","targetHints":{"allow":["GET"]}}],"collection":[{"href":"https:\/\/golf-thaitour.com\/fr_fr\/wp-json\/wp\/v2\/pages"}],"about":[{"href":"https:\/\/golf-thaitour.com\/fr_fr\/wp-json\/wp\/v2\/types\/page"}],"author":[{"embeddable":true,"href":"https:\/\/golf-thaitour.com\/fr_fr\/wp-json\/wp\/v2\/users\/2"}],"replies":[{"embeddable":true,"href":"https:\/\/golf-thaitour.com\/fr_fr\/wp-json\/wp\/v2\/comments?post=1759"}],"version-history":[{"count":39,"href":"https:\/\/golf-thaitour.com\/fr_fr\/wp-json\/wp\/v2\/pages\/1759\/revisions"}],"predecessor-version":[{"id":6113,"href":"https:\/\/golf-thaitour.com\/fr_fr\/wp-json\/wp\/v2\/pages\/1759\/revisions\/6113"}],"wp:attachment":[{"href":"https:\/\/golf-thaitour.com\/fr_fr\/wp-json\/wp\/v2\/media?parent=1759"}],"wp:term":[{"taxonomy":"folder","embeddable":true,"href":"https:\/\/golf-thaitour.com\/fr_fr\/wp-json\/wp\/v2\/folder?post=1759"}],"curies":[{"name":"wp","href":"https:\/\/api.w.org\/{rel}","templated":true}]}}