{"id":1688,"date":"2025-07-23T08:11:52","date_gmt":"2025-07-23T08:11:52","guid":{"rendered":"https:\/\/golf-thaitour.com\/?page_id=1688"},"modified":"2025-09-05T13:56:57","modified_gmt":"2025-09-05T13:56:57","slug":"red-mountain-golf-club","status":"publish","type":"page","link":"https:\/\/golf-thaitour.com\/fr_fr\/red-mountain-golf-club\/","title":{"rendered":"RED MOUNTAIN\u00a0GOLF\u00a0CLUB"},"content":{"rendered":"\t\t<div data-elementor-type=\"wp-page\" data-elementor-id=\"1688\" class=\"elementor elementor-1688\" data-elementor-post-type=\"page\">\n\t\t\t\t\t\t<section class=\"elementor-section elementor-top-section elementor-element elementor-element-750187a7 elementor-section-height-min-height elementor-section-boxed elementor-section-height-default elementor-section-items-middle\" data-id=\"750187a7\" data-element_type=\"section\" data-settings=\"{&quot;background_background&quot;:&quot;classic&quot;}\">\n\t\t\t\t\t\t\t<div class=\"elementor-background-overlay\"><\/div>\n\t\t\t\t\t\t\t<div class=\"elementor-container elementor-column-gap-no\">\n\t\t\t\t\t<div class=\"elementor-column elementor-col-100 elementor-top-column elementor-element elementor-element-6c62085c\" data-id=\"6c62085c\" data-element_type=\"column\">\n\t\t\t<div class=\"elementor-widget-wrap elementor-element-populated\">\n\t\t\t\t\t\t<div class=\"elementor-element elementor-element-66365e9e elementor-widget elementor-widget-heading\" data-id=\"66365e9e\" data-element_type=\"widget\" data-widget_type=\"heading.default\">\n\t\t\t\t<div class=\"elementor-widget-container\">\n\t\t\t\t\t<h1 class=\"elementor-heading-title elementor-size-default\">Red Mountain Golf Club<\/h1>\t\t\t\t<\/div>\n\t\t\t\t<\/div>\n\t\t\t\t\t<\/div>\n\t\t<\/div>\n\t\t\t\t\t<\/div>\n\t\t<\/section>\n\t\t\t\t<section class=\"elementor-section elementor-top-section elementor-element elementor-element-1c5d281 elementor-section-boxed elementor-section-height-default elementor-section-height-default\" data-id=\"1c5d281\" data-element_type=\"section\">\n\t\t\t\t\t\t<div class=\"elementor-container elementor-column-gap-default\">\n\t\t\t\t\t<div class=\"elementor-column elementor-col-100 elementor-top-column elementor-element elementor-element-f517339\" data-id=\"f517339\" data-element_type=\"column\">\n\t\t\t<div class=\"elementor-widget-wrap elementor-element-populated\">\n\t\t\t\t\t\t<div class=\"elementor-element elementor-element-17ef91f elementor-widget elementor-widget-text-editor\" data-id=\"17ef91f\" data-element_type=\"widget\" data-widget_type=\"text-editor.default\">\n\t\t\t\t<div class=\"elementor-widget-container\">\n\t\t\t\t\t\t\t\t\t<p data-start=\"101\" data-end=\"659\">Il n&rsquo;est pas difficile de comprendre pourquoi ce\u00a0parcours de golf de Phuket\u00a0a \u00e9t\u00e9 baptis\u00e9 Red Mountain. Il est cependant plus difficile d&rsquo;imaginer comment un paysage aussi spectaculairement, o\u00f9 la roche rouge tendre et la jungle dense sont les principaux ingr\u00e9dients, a pu \u00eatre transform\u00e9 en un parcours \u00e0 la fois difficile et jouable.<br \/><br \/>Red Mountain Golf Course\u00a0a ouvert en 2007 et est d\u00e9sormais consid\u00e9r\u00e9 comme\u00a0le parcours de golf le plus spectaculaire de Phuket. Le parcours a \u00e9t\u00e9 con\u00e7u pour tirer parti d&rsquo;une grande vari\u00e9t\u00e9 de reliefs et de changements d&rsquo;altitude spectaculaires, ce qui en fait le parcours le plus accident\u00e9 de Phuket.<br \/><br \/>L&rsquo;ensemble du site de Red Mountain est une mine d&rsquo;\u00e9tain abandonn\u00e9e. Le trac\u00e9 des trous explore les quatre coins de l&rsquo;ancienne mine d&rsquo;\u00e9tain, ce qui repr\u00e9sente une visite m\u00e9morable des paysages historiques de Phuket. Les falaises et les ravins grav\u00e9s dans les r\u00e9sidus sablonneux au fil des ans par les eaux de temp\u00eate sont pr\u00e9sents sur plusieurs trous. Des falaises imposantes d\u00e9coup\u00e9es dans les collines et des canyons inond\u00e9s encadrent plusieurs autres trous. Les golfeurs sont confront\u00e9s \u00e0 tous les dangers de la nature : le vent, l&rsquo;eau, les pentes et les d\u00e9nivel\u00e9s. Il s&rsquo;agit du parcours de golf le plus \u00e9lev\u00e9 de l&rsquo;\u00eele de Phuket et des vues spectaculaires sont offertes depuis de nombreux points du parcours.<br \/><br \/>Le concept de vari\u00e9t\u00e9 a \u00e9t\u00e9 repris dans tous les domaines du Red Mountain. Il y a de grands et de petits greens, certains avec des ruptures subtiles, d&rsquo;autres avec des contours plus sauvages. Les greens sont recouverts de gazon bermuda, ce qui permet d&rsquo;obtenir des surfaces de putting rapides mais douces. Les fairways et les tees sont recouverts de Seashore Paspalum, un gazon populaire utilis\u00e9 sur d&rsquo;autres parcours de championnat tha\u00eflandais. Des herbes sauvages locales ont \u00e9t\u00e9 pr\u00e9serv\u00e9es dans certaines zones de rough pour compl\u00e9ter l&rsquo;aspect naturel.<br \/><br \/>En ce qui concerne la jouabilit\u00e9, les six derniers trous et les derniers tron\u00e7ons ne sont pas beaucoup plus difficiles. Les d\u00e9nivel\u00e9s, les falaises de roches rouges et la v\u00e9g\u00e9tation tropicale dense se combinent pour faire de ces six trous l&rsquo;un des plus spectaculaires de Tha\u00eflande. Un panorama \u00e0 couper le souffle vous attend \u00e0 l&rsquo;arri\u00e8re du green du 16e trou. Le court par-3 du 17 est une descente spectaculaire : frapper un timbre-poste dans les profondeurs de la jungle n&rsquo;a jamais \u00e9t\u00e9 aussi amusant ! Le par-5 suivant, en descente, exige un placement strat\u00e9gique du d\u00e9part au green et peut facilement ajouter un nombre \u00e0 deux chiffres \u00e0 une carte de score par ailleurs respectable. Avant ce magnifique six de cl\u00f4ture, le reste du parcours contient son lot d&rsquo;ondulations, d&rsquo;affleurements rocheux, de merveilleux trous \u00e0 risque et de nombreux obstacles d&rsquo;eau. Pour \u00e9viter que votre parcours de Red Mountain, immens\u00e9ment pittoresque, ne se transforme en un spectacle d&rsquo;horreur rocailleux, le conseil est simple : consultez attentivement votre caddie sur le choix des clubs, visez droit au but et faites confiance \u00e0 votre swing.<br \/><br \/><\/p>\t\t\t\t\t\t\t\t<\/div>\n\t\t\t\t<\/div>\n\t\t\t\t<div class=\"elementor-element elementor-element-0e1689d elementor-widget elementor-widget-heading\" data-id=\"0e1689d\" data-element_type=\"widget\" data-widget_type=\"heading.default\">\n\t\t\t\t<div class=\"elementor-widget-container\">\n\t\t\t\t\t<h2 class=\"elementor-heading-title elementor-size-default\">CLUB HOUSE AND FACILITIES<\/h2>\t\t\t\t<\/div>\n\t\t\t\t<\/div>\n\t\t\t\t<div class=\"elementor-element elementor-element-8c37d72 elementor-widget elementor-widget-text-editor\" data-id=\"8c37d72\" data-element_type=\"widget\" data-widget_type=\"text-editor.default\">\n\t\t\t\t<div class=\"elementor-widget-container\">\n\t\t\t\t\t\t\t\t\t<p>Pour les golfeurs qui souhaitent passer plus de temps sur le parcours, il y a d&rsquo;excellentes installations d&rsquo;entra\u00eenement, un practice en herbe, ainsi qu&rsquo;un club house moderne enti\u00e8rement \u00e9quip\u00e9 pour les formalit\u00e9s du 19e trou. Les voiturettes de golf sont obligatoires \u00e0 Red Mountain et c&rsquo;est une bonne chose car toute personne qui choisirait de marcher sur ce parcours le regretterait certainement.<br \/><br \/>Il n&rsquo;est pas fr\u00e9quent qu&rsquo;un tel parcours soit cr\u00e9\u00e9. Chapeau au Red Mountain pour ce que la documentation du club d\u00e9crit comme \u00ab\u00a0le parcours de golf le plus excitant de Phuket\u00a0\u00bb &#8230; peut-\u00eatre que \u00ab\u00a0d&rsquo;Asie\u00a0\u00bb pourrait \u00e9galement s&rsquo;appliquer.<\/p>\t\t\t\t\t\t\t\t<\/div>\n\t\t\t\t<\/div>\n\t\t\t\t\t<\/div>\n\t\t<\/div>\n\t\t\t\t\t<\/div>\n\t\t<\/section>\n\t\t\t\t<section class=\"elementor-section elementor-top-section elementor-element elementor-element-61c70eff elementor-section-boxed elementor-section-height-default elementor-section-height-default\" data-id=\"61c70eff\" data-element_type=\"section\" data-settings=\"{&quot;background_background&quot;:&quot;classic&quot;}\">\n\t\t\t\t\t\t\t<div class=\"elementor-background-overlay\"><\/div>\n\t\t\t\t\t\t\t<div class=\"elementor-container elementor-column-gap-default\">\n\t\t\t\t\t<div class=\"elementor-column elementor-col-100 elementor-top-column elementor-element elementor-element-1d256fc7\" data-id=\"1d256fc7\" data-element_type=\"column\" data-settings=\"{&quot;background_background&quot;:&quot;classic&quot;}\">\n\t\t\t<div class=\"elementor-widget-wrap elementor-element-populated\">\n\t\t\t\t\t\t<div class=\"elementor-element elementor-element-169b0f77 elementor-pagination-position-outside elementor-widget elementor-widget-image-carousel\" data-id=\"169b0f77\" data-element_type=\"widget\" data-settings=\"{&quot;slides_to_show&quot;:&quot;3&quot;,&quot;slides_to_scroll&quot;:&quot;1&quot;,&quot;navigation&quot;:&quot;dots&quot;,&quot;autoplay_speed&quot;:6000,&quot;image_spacing_custom&quot;:{&quot;unit&quot;:&quot;px&quot;,&quot;size&quot;:30,&quot;sizes&quot;:[]},&quot;autoplay&quot;:&quot;yes&quot;,&quot;pause_on_hover&quot;:&quot;yes&quot;,&quot;pause_on_interaction&quot;:&quot;yes&quot;,&quot;infinite&quot;:&quot;yes&quot;,&quot;speed&quot;:500,&quot;image_spacing_custom_tablet&quot;:{&quot;unit&quot;:&quot;px&quot;,&quot;size&quot;:&quot;&quot;,&quot;sizes&quot;:[]},&quot;image_spacing_custom_mobile&quot;:{&quot;unit&quot;:&quot;px&quot;,&quot;size&quot;:&quot;&quot;,&quot;sizes&quot;:[]}}\" data-widget_type=\"image-carousel.default\">\n\t\t\t\t<div class=\"elementor-widget-container\">\n\t\t\t\t\t\t\t<div class=\"elementor-image-carousel-wrapper swiper\" role=\"region\" aria-roledescription=\"carousel\" aria-label=\"Carrousel d\u2019images\" dir=\"ltr\">\n\t\t\t<div class=\"elementor-image-carousel swiper-wrapper swiper-image-stretch\" aria-live=\"off\">\n\t\t\t\t\t\t\t\t<div class=\"swiper-slide\" role=\"group\" aria-roledescription=\"slide\" aria-label=\"1 \u0e02\u0e2d\u0e07 19\"><figure class=\"swiper-slide-inner\"><img decoding=\"async\" class=\"swiper-slide-image\" src=\"https:\/\/golf-thaitour.com\/wp-content\/uploads\/elementor\/thumbs\/18th-fairway-red.m.-2-rb9j9lm1ii01w6yhx83l2keuje3brzobegc5q2a73k.jpg\" alt=\"18th-fairway-red.m.-2\" \/><\/figure><\/div><div class=\"swiper-slide\" role=\"group\" aria-roledescription=\"slide\" aria-label=\"2 \u0e02\u0e2d\u0e07 19\"><figure class=\"swiper-slide-inner\"><img decoding=\"async\" class=\"swiper-slide-image\" src=\"https:\/\/golf-thaitour.com\/wp-content\/uploads\/elementor\/thumbs\/20250814_114159-scaled-rb9j9pde9u576mt1b9q3cjgowxksms38qyy3n64meo.jpg\" alt=\"20250814_114159\" \/><\/figure><\/div><div class=\"swiper-slide\" role=\"group\" aria-roledescription=\"slide\" aria-label=\"3 \u0e02\u0e2d\u0e07 19\"><figure class=\"swiper-slide-inner\"><img decoding=\"async\" class=\"swiper-slide-image\" src=\"https:\/\/golf-thaitour.com\/wp-content\/uploads\/elementor\/thumbs\/20250814_114206-scaled-rb9j9v0feucx4akuec5uri1gh8szwypmrqv0itw9dc.jpg\" alt=\"20250814_114206\" \/><\/figure><\/div><div class=\"swiper-slide\" role=\"group\" aria-roledescription=\"slide\" aria-label=\"4 \u0e02\u0e2d\u0e07 19\"><figure class=\"swiper-slide-inner\"><img decoding=\"async\" class=\"swiper-slide-image\" src=\"https:\/\/golf-thaitour.com\/wp-content\/uploads\/elementor\/thumbs\/20250814_120448-scaled-rb9ja0ngjukn1ycnhelm6gm81k1775c0sirxehnwc0.jpg\" alt=\"20250814_120448\" \/><\/figure><\/div><div class=\"swiper-slide\" role=\"group\" aria-roledescription=\"slide\" aria-label=\"5 \u0e02\u0e2d\u0e07 19\"><figure class=\"swiper-slide-inner\"><img decoding=\"async\" class=\"swiper-slide-image\" src=\"https:\/\/golf-thaitour.com\/wp-content\/uploads\/elementor\/thumbs\/20250814_120941-scaled-rb9ja78bvotnb833ezg05wyg794rp1255fcbrfe54g.jpg\" alt=\"20250814_120941\" \/><\/figure><\/div><div class=\"swiper-slide\" role=\"group\" aria-roledescription=\"slide\" aria-label=\"6 \u0e02\u0e2d\u0e07 19\"><figure class=\"swiper-slide-inner\"><img decoding=\"async\" class=\"swiper-slide-image\" src=\"https:\/\/golf-thaitour.com\/wp-content\/uploads\/elementor\/thumbs\/20250814_121425-rb9jaazon0yslnxmt12ifw0aksm8jth2hxy9oj8kfk.jpg\" alt=\"20250814_121425\" \/><\/figure><\/div><div class=\"swiper-slide\" role=\"group\" aria-roledescription=\"slide\" aria-label=\"7 \u0e02\u0e2d\u0e07 19\"><figure class=\"swiper-slide-inner\"><img decoding=\"async\" class=\"swiper-slide-image\" src=\"https:\/\/golf-thaitour.com\/wp-content\/uploads\/elementor\/thumbs\/20250814_122100-scaled-rb9jafovl7587pqt1l3nactljpz2mazq6l7p2x1lkg.jpg\" alt=\"20250814_122100\" \/><\/figure><\/div><div class=\"swiper-slide\" role=\"group\" aria-roledescription=\"slide\" aria-label=\"8 \u0e02\u0e2d\u0e07 19\"><figure class=\"swiper-slide-inner\"><img decoding=\"async\" class=\"swiper-slide-image\" src=\"https:\/\/golf-thaitour.com\/wp-content\/uploads\/elementor\/thumbs\/20250814_124921-scaled-rb9jan7l3vfislfvtocnuaxaasy0bvtkvmfkx4qg6o.jpg\" alt=\"20250814_124921\" \/><\/figure><\/div><div class=\"swiper-slide\" role=\"group\" aria-roledescription=\"slide\" aria-label=\"9 \u0e02\u0e2d\u0e07 19\"><figure class=\"swiper-slide-inner\"><img decoding=\"async\" class=\"swiper-slide-image\" src=\"https:\/\/golf-thaitour.com\/wp-content\/uploads\/elementor\/thumbs\/20250814_130002-scaled-rb9jarws21lyen9228dsorql9qauedc8k9p0bijhbk.jpg\" alt=\"20250814_130002\" \/><\/figure><\/div><div class=\"swiper-slide\" role=\"group\" aria-roledescription=\"slide\" aria-label=\"10 \u0e02\u0e2d\u0e07 19\"><figure class=\"swiper-slide-inner\"><img decoding=\"async\" class=\"swiper-slide-image\" src=\"https:\/\/golf-thaitour.com\/wp-content\/uploads\/elementor\/thumbs\/hole-14-2-mod-rb9jauqamjptdh4ylrloe90z1vwy1gnfknngrcfasw.jpg\" alt=\"hole 14-2-mod\" \/><\/figure><\/div><div class=\"swiper-slide\" role=\"group\" aria-roledescription=\"slide\" aria-label=\"11 \u0e02\u0e2d\u0e07 19\"><figure class=\"swiper-slide-inner\"><img decoding=\"async\" class=\"swiper-slide-image\" src=\"https:\/\/golf-thaitour.com\/wp-content\/uploads\/elementor\/thumbs\/hole-14-20-rb9jawlz07se0p28asexj8jw8nnoguuw8wyfpwcigg.jpg\" alt=\"OLYMPUS DIGITAL CAMERA\" \/><\/figure><\/div><div class=\"swiper-slide\" role=\"group\" aria-roledescription=\"slide\" aria-label=\"12 \u0e02\u0e2d\u0e07 19\"><figure class=\"swiper-slide-inner\"><img decoding=\"async\" class=\"swiper-slide-image\" src=\"https:\/\/golf-thaitour.com\/wp-content\/uploads\/elementor\/thumbs\/hole-17-Signature-1-rb9jayhndvuynwzhzt86o82tffeew92cx69eog9q40.jpg\" alt=\"hole-17-Signature-1\" \/><\/figure><\/div><div class=\"swiper-slide\" role=\"group\" aria-roledescription=\"slide\" aria-label=\"13 \u0e02\u0e2d\u0e07 19\"><figure class=\"swiper-slide-inner\"><img decoding=\"async\" class=\"swiper-slide-image\" src=\"https:\/\/golf-thaitour.com\/wp-content\/uploads\/elementor\/thumbs\/red-mountain-10th-from-clubhouse-1-rb9jazfhkpw8ziy4ubmt8pua0t9s3y639aww5q8bxs.jpeg\" alt=\"red-mountain-10th-from-clubhouse-1\" \/><\/figure><\/div><div class=\"swiper-slide\" role=\"group\" aria-roledescription=\"slide\" aria-label=\"14 \u0e02\u0e2d\u0e07 19\"><figure class=\"swiper-slide-inner\"><img decoding=\"async\" class=\"swiper-slide-image\" src=\"https:\/\/golf-thaitour.com\/wp-content\/uploads\/elementor\/thumbs\/Red-Mountain-GC-18th-May-2023-rb9jb1b5ydytmqvejcg2dpd77l0ijcdjxk7v4a5jlc.jpg\" alt=\"Red-Mountain-GC-18th-May-2023\" \/><\/figure><\/div><div class=\"swiper-slide\" role=\"group\" aria-roledescription=\"slide\" aria-label=\"15 \u0e02\u0e2d\u0e07 19\"><figure class=\"swiper-slide-inner\"><img decoding=\"async\" class=\"swiper-slide-image\" src=\"https:\/\/golf-thaitour.com\/wp-content\/uploads\/elementor\/thumbs\/Red-Mountain-Golf-Club_2024-03-rb9jb36uc21e9yso8d9biow4ecr8yql0ltiu2u2r8w.jpg\" alt=\"Red-Mountain-Golf-Club_2024-03\" \/><\/figure><\/div><div class=\"swiper-slide\" role=\"group\" aria-roledescription=\"slide\" aria-label=\"16 \u0e02\u0e2d\u0e07 19\"><figure class=\"swiper-slide-inner\"><img decoding=\"async\" class=\"swiper-slide-image\" src=\"https:\/\/golf-thaitour.com\/wp-content\/uploads\/elementor\/thumbs\/Red-Mountain-Golf-Club_2024-11-rb9jb52ipq3yx6pxxe2knof1l4hze4sha2tt1dzywg.jpg\" alt=\"Red-Mountain-Golf-Club_2024-11\" \/><\/figure><\/div><div class=\"swiper-slide\" role=\"group\" aria-roledescription=\"slide\" aria-label=\"17 \u0e02\u0e2d\u0e07 19\"><figure class=\"swiper-slide-inner\"><img decoding=\"async\" class=\"swiper-slide-image\" src=\"https:\/\/golf-thaitour.com\/wp-content\/uploads\/elementor\/thumbs\/Red-Mountain-High-quality-resolution-image-cropped-little-bit-2-rb9jb8tvh2947mkhbfp2xngvynzg8x7emlfqyhue7k.jpg\" alt=\"Red-Mountain-High-quality-resolution-image-cropped-little-bit-2\" \/><\/figure><\/div><div class=\"swiper-slide\" role=\"group\" aria-roledescription=\"slide\" aria-label=\"18 \u0e02\u0e2d\u0e07 19\"><figure class=\"swiper-slide-inner\"><img decoding=\"async\" class=\"swiper-slide-image\" src=\"https:\/\/golf-thaitour.com\/wp-content\/uploads\/elementor\/thumbs\/RM-18-2-rb9jbcl88ee9i2f0phbl7miqc7gx3pmbz41ovlotio.jpg\" alt=\"RM-18-2\" \/><\/figure><\/div><div class=\"swiper-slide\" role=\"group\" aria-roledescription=\"slide\" aria-label=\"19 \u0e02\u0e2d\u0e07 19\"><figure class=\"swiper-slide-inner\"><img decoding=\"async\" class=\"swiper-slide-image\" src=\"https:\/\/golf-thaitour.com\/wp-content\/uploads\/elementor\/thumbs\/RM16-3-rb9jbgckzqjesi9k3iy3hlkkpqydyi19bmnmspj8ts.jpg\" alt=\"OLYMPUS DIGITAL CAMERA\" \/><\/figure><\/div>\t\t\t<\/div>\n\t\t\t\t\t\t\t\n\t\t\t\t\t\t\t\t\t<div class=\"swiper-pagination\"><\/div>\n\t\t\t\t\t\t\t\t\t<\/div>\n\t\t\t\t\t\t<\/div>\n\t\t\t\t<\/div>\n\t\t\t\t<div class=\"elementor-element elementor-element-0af3063 elementor-widget elementor-widget-image\" data-id=\"0af3063\" data-element_type=\"widget\" data-widget_type=\"image.default\">\n\t\t\t\t<div class=\"elementor-widget-container\">\n\t\t\t\t\t\t\t\t\t\t\t\t\t\t\t<img fetchpriority=\"high\" decoding=\"async\" width=\"300\" height=\"300\" src=\"https:\/\/golf-thaitour.com\/wp-content\/uploads\/2025\/07\/red-logo.svg\" class=\"attachment-large size-large wp-image-1943\" alt=\"\" \/>\t\t\t\t\t\t\t\t\t\t\t\t\t\t\t<\/div>\n\t\t\t\t<\/div>\n\t\t\t\t<div class=\"elementor-element elementor-element-39cbef6a elementor-widget elementor-widget-spacer\" data-id=\"39cbef6a\" data-element_type=\"widget\" data-widget_type=\"spacer.default\">\n\t\t\t\t<div class=\"elementor-widget-container\">\n\t\t\t\t\t\t\t<div class=\"elementor-spacer\">\n\t\t\t<div class=\"elementor-spacer-inner\"><\/div>\n\t\t<\/div>\n\t\t\t\t\t\t<\/div>\n\t\t\t\t<\/div>\n\t\t\t\t\t<\/div>\n\t\t<\/div>\n\t\t\t\t\t<\/div>\n\t\t<\/section>\n\t\t\t\t<\/div>\n\t\t","protected":false},"excerpt":{"rendered":"<p>Red Mountain Golf Club Il n&rsquo;est pas difficile de comprendre pourquoi ce\u00a0parcours de golf de Phuket\u00a0a \u00e9t\u00e9 baptis\u00e9 Red Mountain. Il est cependant plus difficile d&rsquo;imaginer comment un paysage aussi spectaculairement, o\u00f9 la roche rouge tendre et la jungle dense sont les principaux ingr\u00e9dients, a pu \u00eatre transform\u00e9 en un parcours \u00e0 la fois difficile [&hellip;]<\/p>\n","protected":false},"author":2,"featured_media":0,"parent":0,"menu_order":0,"comment_status":"closed","ping_status":"closed","template":"elementor_header_footer","meta":{"footnotes":""},"folder":[21],"class_list":["post-1688","page","type-page","status-publish","hentry"],"_links":{"self":[{"href":"https:\/\/golf-thaitour.com\/fr_fr\/wp-json\/wp\/v2\/pages\/1688","targetHints":{"allow":["GET"]}}],"collection":[{"href":"https:\/\/golf-thaitour.com\/fr_fr\/wp-json\/wp\/v2\/pages"}],"about":[{"href":"https:\/\/golf-thaitour.com\/fr_fr\/wp-json\/wp\/v2\/types\/page"}],"author":[{"embeddable":true,"href":"https:\/\/golf-thaitour.com\/fr_fr\/wp-json\/wp\/v2\/users\/2"}],"replies":[{"embeddable":true,"href":"https:\/\/golf-thaitour.com\/fr_fr\/wp-json\/wp\/v2\/comments?post=1688"}],"version-history":[{"count":23,"href":"https:\/\/golf-thaitour.com\/fr_fr\/wp-json\/wp\/v2\/pages\/1688\/revisions"}],"predecessor-version":[{"id":5793,"href":"https:\/\/golf-thaitour.com\/fr_fr\/wp-json\/wp\/v2\/pages\/1688\/revisions\/5793"}],"wp:attachment":[{"href":"https:\/\/golf-thaitour.com\/fr_fr\/wp-json\/wp\/v2\/media?parent=1688"}],"wp:term":[{"taxonomy":"folder","embeddable":true,"href":"https:\/\/golf-thaitour.com\/fr_fr\/wp-json\/wp\/v2\/folder?post=1688"}],"curies":[{"name":"wp","href":"https:\/\/api.w.org\/{rel}","templated":true}]}}