{"id":1687,"date":"2025-07-23T08:11:46","date_gmt":"2025-07-23T08:11:46","guid":{"rendered":"https:\/\/golf-thaitour.com\/?page_id=1687"},"modified":"2025-09-04T13:59:11","modified_gmt":"2025-09-04T13:59:11","slug":"phuket-country-club","status":"publish","type":"page","link":"https:\/\/golf-thaitour.com\/fr_fr\/phuket-country-club\/","title":{"rendered":"PHUKET COUNTRY CLUB"},"content":{"rendered":"\t\t<div data-elementor-type=\"wp-page\" data-elementor-id=\"1687\" class=\"elementor elementor-1687\" data-elementor-post-type=\"page\">\n\t\t\t\t\t\t<section class=\"elementor-section elementor-top-section elementor-element elementor-element-187c0964 elementor-section-height-min-height elementor-section-boxed elementor-section-height-default elementor-section-items-middle\" data-id=\"187c0964\" data-element_type=\"section\" data-settings=\"{&quot;background_background&quot;:&quot;classic&quot;}\">\n\t\t\t\t\t\t\t<div class=\"elementor-background-overlay\"><\/div>\n\t\t\t\t\t\t\t<div class=\"elementor-container elementor-column-gap-no\">\n\t\t\t\t\t<div class=\"elementor-column elementor-col-100 elementor-top-column elementor-element elementor-element-4ac9f5c4\" data-id=\"4ac9f5c4\" data-element_type=\"column\">\n\t\t\t<div class=\"elementor-widget-wrap elementor-element-populated\">\n\t\t\t\t\t\t<div class=\"elementor-element elementor-element-5644edfe elementor-widget elementor-widget-heading\" data-id=\"5644edfe\" data-element_type=\"widget\" data-widget_type=\"heading.default\">\n\t\t\t\t<div class=\"elementor-widget-container\">\n\t\t\t\t\t<h1 class=\"elementor-heading-title elementor-size-default\">PHUKET COUNTRY CLUB<\/h1>\t\t\t\t<\/div>\n\t\t\t\t<\/div>\n\t\t\t\t\t<\/div>\n\t\t<\/div>\n\t\t\t\t\t<\/div>\n\t\t<\/section>\n\t\t\t\t<section class=\"elementor-section elementor-top-section elementor-element elementor-element-ead9a43 elementor-section-boxed elementor-section-height-default elementor-section-height-default\" data-id=\"ead9a43\" data-element_type=\"section\">\n\t\t\t\t\t\t<div class=\"elementor-container elementor-column-gap-default\">\n\t\t\t\t\t<div class=\"elementor-column elementor-col-100 elementor-top-column elementor-element elementor-element-1037288\" data-id=\"1037288\" data-element_type=\"column\">\n\t\t\t<div class=\"elementor-widget-wrap elementor-element-populated\">\n\t\t\t\t\t\t<div class=\"elementor-element elementor-element-8ea05ee elementor-widget elementor-widget-text-editor\" data-id=\"8ea05ee\" data-element_type=\"widget\" data-widget_type=\"text-editor.default\">\n\t\t\t\t<div class=\"elementor-widget-container\">\n\t\t\t\t\t\t\t\t\t<p>Le Phuket Country Club a fait ses d\u00e9buts en tant que premier parcours de golf 18 trous de niveau championnat de l&rsquo;\u00eele. Gr\u00e2ce \u00e0 sa situation centrale, le\u00a0centre de Phuket\u00a0n&rsquo;est qu&rsquo;\u00e0 une courte distance en voiture de toutes les plages et de tous les h\u00f4tels.<\/p><p>Le parcours de golf de Phuket est situ\u00e9 dans une vall\u00e9e, le parcours de golf serpentant \u00e0 travers des collines et des falaises calcaires et traversant trois environnements distincts (six trous dans des collines ondulantes, six trous au niveau de la ville et six trous \u00e0 travers une for\u00eat paysag\u00e8re).<\/p><p>Le parcours commence par un parcours assez difficile, les neuf premiers trous \u00e9tant les plus ondul\u00e9s et les plus difficiles. Le parcours requiert des drives pr\u00e9cis. Les par-4 courts cons\u00e9cutifs aux num\u00e9ros 6 et 7 se jouent \u00e0 partir de tees sur\u00e9lev\u00e9s situ\u00e9s juste \u00e0 la lisi\u00e8re de la jungle. Les neuf derniers trous, l\u00e9g\u00e8rement plus ouverts et plus plats, pr\u00e9sentent le premier obstacle d&rsquo;eau de quelque importance au par 5, 493 metres, 10e, et quelle introduction !<\/p><p>Le trou de golf le plus c\u00e9l\u00e8bre de tout Phuket, le 10e, part d&rsquo;un tee box sur\u00e9lev\u00e9 et fait un tour \u00e0 180 degr\u00e9s autour d&rsquo;un fairway en forme de U am\u00e9nag\u00e9 autour d&rsquo;un grand lac. C&rsquo;est \u00e0 chaque golfeur de mordre dans la quantit\u00e9 d&rsquo;eau qui l&rsquo;entoure. Les longs frappeurs peuvent aller directement vers le green, avec une possibilit\u00e9 d&rsquo;albatros ou de trou en un. Que vous l&rsquo;aimiez ou non, ce trou est sans aucun doute diff\u00e9rent et r\u00e9clame des dizaines de balles par jour.<\/p><p>L&rsquo;eau est \u00e9galement pr\u00e9sente sur le court par-4 du 16e trou et \u00e0 nouveau sur le par-3 du 17e trou, l&rsquo;un des meilleurs trous courts de Phuket. Un excellent ensemble de bunkers droits prot\u00e8gent plusieurs greens, tandis que les bunkers de fairway plus ouverts montrent la ligne de d\u00e9part.<\/p>\t\t\t\t\t\t\t\t<\/div>\n\t\t\t\t<\/div>\n\t\t\t\t<div class=\"elementor-element elementor-element-18f6d10 elementor-widget elementor-widget-heading\" data-id=\"18f6d10\" data-element_type=\"widget\" data-widget_type=\"heading.default\">\n\t\t\t\t<div class=\"elementor-widget-container\">\n\t\t\t\t\t<h2 class=\"elementor-heading-title elementor-size-default\">CLUB HOUSE AND FACILITIES<\/h2>\t\t\t\t<\/div>\n\t\t\t\t<\/div>\n\t\t\t\t<div class=\"elementor-element elementor-element-56faab8 elementor-widget elementor-widget-text-editor\" data-id=\"56faab8\" data-element_type=\"widget\" data-widget_type=\"text-editor.default\">\n\t\t\t\t<div class=\"elementor-widget-container\">\n\t\t\t\t\t\t\t\t\t<p>Le clubhouse et les installations n\u00e9cessitent quelques r\u00e9novations pour les mettre au niveau du parcours de golf. N\u00e9anmoins, toutes les zones d&rsquo;entra\u00eenement sont ouvertes au public et constituent peut-\u00eatre le centre d&rsquo;entra\u00eenement de golf le plus complet de l&rsquo;\u00eele de Phuket. La beaut\u00e9 et l&rsquo;\u00e9l\u00e9gance du parcours, ainsi que le charme typiquement tha\u00eflandais et l&rsquo;hospitalit\u00e9 des caddies, garantissent \u00e0 toutes les parties de golf au\u00a0Phuket Country Club\u00a0un moment vraiment m\u00e9morable.<\/p>\t\t\t\t\t\t\t\t<\/div>\n\t\t\t\t<\/div>\n\t\t\t\t\t<\/div>\n\t\t<\/div>\n\t\t\t\t\t<\/div>\n\t\t<\/section>\n\t\t\t\t<section class=\"elementor-section elementor-top-section elementor-element elementor-element-396dffc0 elementor-section-boxed elementor-section-height-default elementor-section-height-default\" data-id=\"396dffc0\" data-element_type=\"section\" data-settings=\"{&quot;background_background&quot;:&quot;classic&quot;}\">\n\t\t\t\t\t\t\t<div class=\"elementor-background-overlay\"><\/div>\n\t\t\t\t\t\t\t<div class=\"elementor-container elementor-column-gap-default\">\n\t\t\t\t\t<div class=\"elementor-column elementor-col-100 elementor-top-column elementor-element elementor-element-6698726a\" data-id=\"6698726a\" data-element_type=\"column\" data-settings=\"{&quot;background_background&quot;:&quot;classic&quot;}\">\n\t\t\t<div class=\"elementor-widget-wrap elementor-element-populated\">\n\t\t\t\t\t\t<div class=\"elementor-element elementor-element-36c72529 elementor-pagination-position-outside elementor-widget elementor-widget-image-carousel\" data-id=\"36c72529\" data-element_type=\"widget\" data-settings=\"{&quot;slides_to_show&quot;:&quot;3&quot;,&quot;slides_to_scroll&quot;:&quot;1&quot;,&quot;navigation&quot;:&quot;dots&quot;,&quot;autoplay_speed&quot;:6000,&quot;image_spacing_custom&quot;:{&quot;unit&quot;:&quot;px&quot;,&quot;size&quot;:30,&quot;sizes&quot;:[]},&quot;autoplay&quot;:&quot;yes&quot;,&quot;pause_on_hover&quot;:&quot;yes&quot;,&quot;pause_on_interaction&quot;:&quot;yes&quot;,&quot;infinite&quot;:&quot;yes&quot;,&quot;speed&quot;:500,&quot;image_spacing_custom_tablet&quot;:{&quot;unit&quot;:&quot;px&quot;,&quot;size&quot;:&quot;&quot;,&quot;sizes&quot;:[]},&quot;image_spacing_custom_mobile&quot;:{&quot;unit&quot;:&quot;px&quot;,&quot;size&quot;:&quot;&quot;,&quot;sizes&quot;:[]}}\" data-widget_type=\"image-carousel.default\">\n\t\t\t\t<div class=\"elementor-widget-container\">\n\t\t\t\t\t\t\t<div class=\"elementor-image-carousel-wrapper swiper\" role=\"region\" aria-roledescription=\"carousel\" aria-label=\"Carrousel d\u2019images\" dir=\"ltr\">\n\t\t\t<div class=\"elementor-image-carousel swiper-wrapper swiper-image-stretch\" aria-live=\"off\">\n\t\t\t\t\t\t\t\t<div class=\"swiper-slide\" role=\"group\" aria-roledescription=\"slide\" aria-label=\"1 \u0e02\u0e2d\u0e07 16\"><figure class=\"swiper-slide-inner\"><img decoding=\"async\" class=\"swiper-slide-image\" src=\"https:\/\/golf-thaitour.com\/wp-content\/uploads\/elementor\/thumbs\/20250817_074527-scaled-rb65yazhixi4nwp4uxr5k4zt0txn34tdycl4ufpr3k.jpg\" alt=\"20250817_074527\" \/><\/figure><\/div><div class=\"swiper-slide\" role=\"group\" aria-roledescription=\"slide\" aria-label=\"2 \u0e02\u0e2d\u0e07 16\"><figure class=\"swiper-slide-inner\"><img decoding=\"async\" class=\"swiper-slide-image\" src=\"https:\/\/golf-thaitour.com\/wp-content\/uploads\/elementor\/thumbs\/20250817_081734-scaled-rb65yqyqr4405a1x9mnt8iyn4dqvpzktojoe05225s.jpg\" alt=\"20250817_081734\" \/><\/figure><\/div><div class=\"swiper-slide\" role=\"group\" aria-roledescription=\"slide\" aria-label=\"3 \u0e02\u0e2d\u0e07 16\"><figure class=\"swiper-slide-inner\"><img decoding=\"async\" class=\"swiper-slide-image\" src=\"https:\/\/golf-thaitour.com\/wp-content\/uploads\/elementor\/thumbs\/20250817_081743-scaled-rb65z44hesm0ntit4scl7fn3fry0pr12ect6q0ijqo.jpg\" alt=\"20250817_081743\" \/><\/figure><\/div><div class=\"swiper-slide\" role=\"group\" aria-roledescription=\"slide\" aria-label=\"4 \u0e02\u0e2d\u0e07 16\"><figure class=\"swiper-slide-inner\"><img decoding=\"async\" class=\"swiper-slide-image\" src=\"https:\/\/golf-thaitour.com\/wp-content\/uploads\/elementor\/thumbs\/20250817_082236-scaled-raminsq781913qes0mmxtihsmje350fein1u69886o.jpg\" alt=\"20250817_082236\" \/><\/figure><\/div><div class=\"swiper-slide\" role=\"group\" aria-roledescription=\"slide\" aria-label=\"5 \u0e02\u0e2d\u0e07 16\"><figure class=\"swiper-slide-inner\"><img decoding=\"async\" class=\"swiper-slide-image\" src=\"https:\/\/golf-thaitour.com\/wp-content\/uploads\/elementor\/thumbs\/20250817_082821-scaled-rb660bd25697hvs04b1fe4qari0wjtspwatisqqfsg.jpg\" alt=\"20250817_082821\" \/><\/figure><\/div><div class=\"swiper-slide\" role=\"group\" aria-roledescription=\"slide\" aria-label=\"6 \u0e02\u0e2d\u0e07 16\"><figure class=\"swiper-slide-inner\"><img decoding=\"async\" class=\"swiper-slide-image\" src=\"https:\/\/golf-thaitour.com\/wp-content\/uploads\/elementor\/thumbs\/20250817_084409-scaled-rb6616dqepfo50iy36g46ewid7s0lu7v0kcjmvgg34.jpg\" alt=\"20250817_084409\" \/><\/figure><\/div><div class=\"swiper-slide\" role=\"group\" aria-roledescription=\"slide\" aria-label=\"7 \u0e02\u0e2d\u0e07 16\"><figure class=\"swiper-slide-inner\"><img decoding=\"async\" class=\"swiper-slide-image\" src=\"https:\/\/golf-thaitour.com\/wp-content\/uploads\/elementor\/thumbs\/20250817_084935-scaled-rb661s00rw99k1njkxsj9rg412tgivlorjcpo8ke40.jpg\" alt=\"20250817_084935\" \/><\/figure><\/div><div class=\"swiper-slide\" role=\"group\" aria-roledescription=\"slide\" aria-label=\"8 \u0e02\u0e2d\u0e07 16\"><figure class=\"swiper-slide-inner\"><img decoding=\"async\" class=\"swiper-slide-image\" src=\"https:\/\/golf-thaitour.com\/wp-content\/uploads\/elementor\/thumbs\/20250817_085502-scaled-rb662wf2xrslfa0u0x9hqz8xkna8pv2593elb4wgog.jpg\" alt=\"20250817_085502\" \/><\/figure><\/div><div class=\"swiper-slide\" role=\"group\" aria-roledescription=\"slide\" aria-label=\"9 \u0e02\u0e2d\u0e07 16\"><figure class=\"swiper-slide-inner\"><img decoding=\"async\" class=\"swiper-slide-image\" src=\"https:\/\/golf-thaitour.com\/wp-content\/uploads\/elementor\/thumbs\/20250817_085556-scaled-rb663w4y5h5hogky8cpbdq8g5ae6uczy2071jnfi40.jpg\" alt=\"20250817_085556\" \/><\/figure><\/div><div class=\"swiper-slide\" role=\"group\" aria-roledescription=\"slide\" aria-label=\"10 \u0e02\u0e2d\u0e07 16\"><figure class=\"swiper-slide-inner\"><img decoding=\"async\" class=\"swiper-slide-image\" src=\"https:\/\/golf-thaitour.com\/wp-content\/uploads\/elementor\/thumbs\/20250817_102137-scaled-rb6645jc1ticwk7apgrl2nv2353uzc19fapwcf1kds.jpg\" alt=\"20250817_102137\" \/><\/figure><\/div><div class=\"swiper-slide\" role=\"group\" aria-roledescription=\"slide\" aria-label=\"11 \u0e02\u0e2d\u0e07 16\"><figure class=\"swiper-slide-inner\"><img decoding=\"async\" class=\"swiper-slide-image\" src=\"https:\/\/golf-thaitour.com\/wp-content\/uploads\/elementor\/thumbs\/20250817_104105-scaled-rb664hr8inz33hpjq41qh2s1t5fmredrsz77l0jg4w.jpg\" alt=\"20250817_104105\" \/><\/figure><\/div><div class=\"swiper-slide\" role=\"group\" aria-roledescription=\"slide\" aria-label=\"12 \u0e02\u0e2d\u0e07 16\"><figure class=\"swiper-slide-inner\"><img decoding=\"async\" class=\"swiper-slide-image\" src=\"https:\/\/golf-thaitour.com\/wp-content\/uploads\/elementor\/thumbs\/20250817_104120-scaled-rb664p9y1c9dodemi7ar10vqk8ekgz7mi0f3f88ar4.jpg\" alt=\"20250817_104120\" \/><\/figure><\/div><div class=\"swiper-slide\" role=\"group\" aria-roledescription=\"slide\" aria-label=\"13 \u0e02\u0e2d\u0e07 16\"><figure class=\"swiper-slide-inner\"><img decoding=\"async\" class=\"swiper-slide-image\" src=\"https:\/\/golf-thaitour.com\/wp-content\/uploads\/elementor\/thumbs\/1562048191_2-rb664r5mf0byblbw784060enr05awdf369q2ds5ieo.jpg\" alt=\"1562048191_2\" \/><\/figure><\/div><div class=\"swiper-slide\" role=\"group\" aria-roledescription=\"slide\" aria-label=\"14 \u0e02\u0e2d\u0e07 16\"><figure class=\"swiper-slide-inner\"><img decoding=\"async\" class=\"swiper-slide-image\" src=\"https:\/\/golf-thaitour.com\/wp-content\/uploads\/elementor\/thumbs\/1562048191_6-rb664s3glud8n7aj1qimqi64ce0o42itiedjv2448g.jpg\" alt=\"1562048191_6\" \/><\/figure><\/div><div class=\"swiper-slide\" role=\"group\" aria-roledescription=\"slide\" aria-label=\"15 \u0e02\u0e2d\u0e07 16\"><figure class=\"swiper-slide-inner\"><img decoding=\"async\" class=\"swiper-slide-image\" src=\"https:\/\/golf-thaitour.com\/wp-content\/uploads\/elementor\/thumbs\/1562048191_7-rb664uwz6ch3m16fl9qifzgi4jmrr5u0isc0avzxps.jpg\" alt=\"1562048191_7\" \/><\/figure><\/div><div class=\"swiper-slide\" role=\"group\" aria-roledescription=\"slide\" aria-label=\"16 \u0e02\u0e2d\u0e07 16\"><figure class=\"swiper-slide-inner\"><img decoding=\"async\" class=\"swiper-slide-image\" src=\"https:\/\/golf-thaitour.com\/wp-content\/uploads\/elementor\/thumbs\/phuket-country-green-rb664wsnk0jo993paajrkyzfbbdi6k1h71mz9fx5dc.jpg\" alt=\"phuket-country-green\" \/><\/figure><\/div>\t\t\t<\/div>\n\t\t\t\t\t\t\t\n\t\t\t\t\t\t\t\t\t<div class=\"swiper-pagination\"><\/div>\n\t\t\t\t\t\t\t\t\t<\/div>\n\t\t\t\t\t\t<\/div>\n\t\t\t\t<\/div>\n\t\t\t\t<div class=\"elementor-element elementor-element-983b206 elementor-widget elementor-widget-image\" data-id=\"983b206\" data-element_type=\"widget\" data-widget_type=\"image.default\">\n\t\t\t\t<div class=\"elementor-widget-container\">\n\t\t\t\t\t\t\t\t\t\t\t\t\t\t\t<img fetchpriority=\"high\" decoding=\"async\" width=\"225\" height=\"225\" src=\"https:\/\/golf-thaitour.com\/wp-content\/uploads\/2025\/07\/images-1-1.png\" class=\"attachment-large size-large wp-image-1898\" alt=\"\" srcset=\"https:\/\/golf-thaitour.com\/wp-content\/uploads\/2025\/07\/images-1-1.png 225w, https:\/\/golf-thaitour.com\/wp-content\/uploads\/2025\/07\/images-1-1-150x150.png 150w\" sizes=\"(max-width: 225px) 100vw, 225px\" \/>\t\t\t\t\t\t\t\t\t\t\t\t\t\t\t<\/div>\n\t\t\t\t<\/div>\n\t\t\t\t<div class=\"elementor-element elementor-element-74cca13b elementor-widget elementor-widget-spacer\" data-id=\"74cca13b\" data-element_type=\"widget\" data-widget_type=\"spacer.default\">\n\t\t\t\t<div class=\"elementor-widget-container\">\n\t\t\t\t\t\t\t<div class=\"elementor-spacer\">\n\t\t\t<div class=\"elementor-spacer-inner\"><\/div>\n\t\t<\/div>\n\t\t\t\t\t\t<\/div>\n\t\t\t\t<\/div>\n\t\t\t\t\t<\/div>\n\t\t<\/div>\n\t\t\t\t\t<\/div>\n\t\t<\/section>\n\t\t\t\t<\/div>\n\t\t","protected":false},"excerpt":{"rendered":"<p>PHUKET COUNTRY CLUB Le Phuket Country Club a fait ses d\u00e9buts en tant que premier parcours de golf 18 trous de niveau championnat de l&rsquo;\u00eele. Gr\u00e2ce \u00e0 sa situation centrale, le\u00a0centre de Phuket\u00a0n&rsquo;est qu&rsquo;\u00e0 une courte distance en voiture de toutes les plages et de tous les h\u00f4tels. Le parcours de golf de Phuket est [&hellip;]<\/p>\n","protected":false},"author":2,"featured_media":0,"parent":0,"menu_order":0,"comment_status":"closed","ping_status":"closed","template":"elementor_header_footer","meta":{"footnotes":""},"folder":[21],"class_list":["post-1687","page","type-page","status-publish","hentry"],"_links":{"self":[{"href":"https:\/\/golf-thaitour.com\/fr_fr\/wp-json\/wp\/v2\/pages\/1687","targetHints":{"allow":["GET"]}}],"collection":[{"href":"https:\/\/golf-thaitour.com\/fr_fr\/wp-json\/wp\/v2\/pages"}],"about":[{"href":"https:\/\/golf-thaitour.com\/fr_fr\/wp-json\/wp\/v2\/types\/page"}],"author":[{"embeddable":true,"href":"https:\/\/golf-thaitour.com\/fr_fr\/wp-json\/wp\/v2\/users\/2"}],"replies":[{"embeddable":true,"href":"https:\/\/golf-thaitour.com\/fr_fr\/wp-json\/wp\/v2\/comments?post=1687"}],"version-history":[{"count":20,"href":"https:\/\/golf-thaitour.com\/fr_fr\/wp-json\/wp\/v2\/pages\/1687\/revisions"}],"predecessor-version":[{"id":5699,"href":"https:\/\/golf-thaitour.com\/fr_fr\/wp-json\/wp\/v2\/pages\/1687\/revisions\/5699"}],"wp:attachment":[{"href":"https:\/\/golf-thaitour.com\/fr_fr\/wp-json\/wp\/v2\/media?parent=1687"}],"wp:term":[{"taxonomy":"folder","embeddable":true,"href":"https:\/\/golf-thaitour.com\/fr_fr\/wp-json\/wp\/v2\/folder?post=1687"}],"curies":[{"name":"wp","href":"https:\/\/api.w.org\/{rel}","templated":true}]}}