{"id":1686,"date":"2025-07-23T08:11:39","date_gmt":"2025-07-23T08:11:39","guid":{"rendered":"https:\/\/golf-thaitour.com\/?page_id=1686"},"modified":"2025-09-03T08:52:25","modified_gmt":"2025-09-03T08:52:25","slug":"mission-hills-phuket-golf","status":"publish","type":"page","link":"https:\/\/golf-thaitour.com\/fr_fr\/mission-hills-phuket-golf\/","title":{"rendered":"MISSION HILLS PHUKET GOLF"},"content":{"rendered":"\t\t<div data-elementor-type=\"wp-page\" data-elementor-id=\"1686\" class=\"elementor elementor-1686\" data-elementor-post-type=\"page\">\n\t\t\t\t\t\t<section class=\"elementor-section elementor-top-section elementor-element elementor-element-4baa66d3 elementor-section-height-min-height elementor-section-boxed elementor-section-height-default elementor-section-items-middle\" data-id=\"4baa66d3\" data-element_type=\"section\" data-settings=\"{&quot;background_background&quot;:&quot;classic&quot;}\">\n\t\t\t\t\t\t\t<div class=\"elementor-background-overlay\"><\/div>\n\t\t\t\t\t\t\t<div class=\"elementor-container elementor-column-gap-no\">\n\t\t\t\t\t<div class=\"elementor-column elementor-col-100 elementor-top-column elementor-element elementor-element-601c18e1\" data-id=\"601c18e1\" data-element_type=\"column\">\n\t\t\t<div class=\"elementor-widget-wrap elementor-element-populated\">\n\t\t\t\t\t\t<div class=\"elementor-element elementor-element-437746aa elementor-widget elementor-widget-heading\" data-id=\"437746aa\" data-element_type=\"widget\" data-widget_type=\"heading.default\">\n\t\t\t\t<div class=\"elementor-widget-container\">\n\t\t\t\t\t<h1 class=\"elementor-heading-title elementor-size-default\">Mission Hills Phuket Golf Resort<\/h1>\t\t\t\t<\/div>\n\t\t\t\t<\/div>\n\t\t\t\t\t<\/div>\n\t\t<\/div>\n\t\t\t\t\t<\/div>\n\t\t<\/section>\n\t\t\t\t<section class=\"elementor-section elementor-top-section elementor-element elementor-element-bda7c52 elementor-section-boxed elementor-section-height-default elementor-section-height-default\" data-id=\"bda7c52\" data-element_type=\"section\">\n\t\t\t\t\t\t<div class=\"elementor-container elementor-column-gap-default\">\n\t\t\t\t\t<div class=\"elementor-column elementor-col-100 elementor-top-column elementor-element elementor-element-b1c5086\" data-id=\"b1c5086\" data-element_type=\"column\">\n\t\t\t<div class=\"elementor-widget-wrap elementor-element-populated\">\n\t\t\t\t\t\t<div class=\"elementor-element elementor-element-096e8c0 elementor-widget elementor-widget-text-editor\" data-id=\"096e8c0\" data-element_type=\"widget\" data-widget_type=\"text-editor.default\">\n\t\t\t\t<div class=\"elementor-widget-container\">\n\t\t\t\t\t\t\t\t\t<p data-start=\"101\" data-end=\"659\">Si vous cherchez un parcours de golf de carte postale face \u00e0 la mer pour jouer \u00e0 Phuket, le parcours con\u00e7u par Jack Nicklaus au Mission Hills Golf Resort de Phuket est celui qu&rsquo;il vous faut. Le parcours de golf est situ\u00e9 au milieu de for\u00eats de mangroves sur la c\u00f4te nord-est de Phuket. Le parcours de golf offre une vue incroyable sur l&rsquo;oc\u00e9an \u00e0 partir de presque tous les trous et comprend m\u00eame plusieurs trous surplombant la mer d&rsquo;Andaman, comme on peut parfois le voir lors des tournois t\u00e9l\u00e9vis\u00e9s de la PGA.<br \/><br \/>Les grands bunkers de sable blanc contrastent avec les teintes bleues translucides des eaux de l&rsquo;oc\u00e9an et les verts \u00e9clatants du gazon Bermuda sur les fairways et du gazon Paspalum Sea Isle 2000 sur les surfaces d&rsquo;entra\u00eenement. La vue sur l&rsquo;oc\u00e9an a un prix, car l&rsquo;eau entre en jeu sur sept trous et les brises marines dominantes rendent le jeu tr\u00e8s d\u00e9licat \u00e0 certains moments de la journ\u00e9e.<br \/><br \/>Jack Nicklaus a dessin\u00e9 quelques \u00e9l\u00e9ments distinctifs au Mission Hills Phuket. Parmi les meilleurs trous, le 2e trou, par 5, n\u00e9cessite deux coups bien plac\u00e9s pour permettre un troisi\u00e8me coup raisonnable vers le green de l&rsquo;\u00eele. Vient ensuite le 4e trou, le premier des trous oc\u00e9aniques, un par-3 de longueur moyenne qui offre des vues spectaculaires sur la mer. La surface de putting est une \u00eele de gazon dans une mer de sable blanc.<br \/><br \/>Par-4, le 5e trou se joue sur un green insulaire \u00e0 partir d&rsquo;un tee insulaire. Un solide d\u00e9chet de sable pr\u00e8s de la plage avec un changement d&rsquo;\u00e9l\u00e9vation substantiel qui traverse le milieu du fairway ajoute \u00e0 l&rsquo;excitation de ce trou.<br \/><br \/>Le 12e trou, signature et index 1, est le plus long par-4 du parcours, mesurant 440 metres depuis les tees noirs. Deux longs coups droits sont n\u00e9cessaires, ou un coup pr\u00e9cis d&rsquo;un chip et d&rsquo;un putt pour un joueur plus court, afin d&rsquo;atteindre le par. Le coup de d\u00e9part doit porter sur plus de 220 metres depuis les tees noirs et atterrir sur le c\u00f4t\u00e9 gauche du fairway. L&rsquo;angle donnera le coup le plus court vers un green bien gard\u00e9.<br \/><br \/>Le green est prot\u00e9g\u00e9 par un lac sur le c\u00f4t\u00e9 droit et un creux profond sur la gauche, ce qui p\u00e9nalise ceux qui sortent de l&rsquo;eau pour s&rsquo;en \u00e9loigner. Si vous avez la chance de placer votre deuxi\u00e8me coup en toute s\u00e9curit\u00e9 sur le green ou \u00e0 proximit\u00e9, vous devriez vous contenter d&rsquo;un par, voire d&rsquo;un bogey respectable. Quel que soit le r\u00e9sultat, prenez votre temps sur ce trou tr\u00e8s difficile et appr\u00e9ciez la vue \u00e9poustouflante sur l&rsquo;oc\u00e9an pr\u00e8s du green et les pics montagneux pittoresques au loin.<br \/><br \/>Les conditions de jeu de Mission Hills peuvent varier. Les fairways et les greens sont toujours en cours d&rsquo;am\u00e9lioration, alors v\u00e9rifiez avec nous l&rsquo;entretien exact. Les voiturettes individuelles sont obligatoires, m\u00eame si le parcours est relativement plat et facile \u00e0 parcourir.<br \/><br \/><\/p>\t\t\t\t\t\t\t\t<\/div>\n\t\t\t\t<\/div>\n\t\t\t\t<div class=\"elementor-element elementor-element-f269629 elementor-widget elementor-widget-heading\" data-id=\"f269629\" data-element_type=\"widget\" data-widget_type=\"heading.default\">\n\t\t\t\t<div class=\"elementor-widget-container\">\n\t\t\t\t\t<h2 class=\"elementor-heading-title elementor-size-default\">CLUB HOUSE AND FACILITIES<\/h2>\t\t\t\t<\/div>\n\t\t\t\t<\/div>\n\t\t\t\t<div class=\"elementor-element elementor-element-a7778ab elementor-widget elementor-widget-text-editor\" data-id=\"a7778ab\" data-element_type=\"widget\" data-widget_type=\"text-editor.default\">\n\t\t\t\t<div class=\"elementor-widget-container\">\n\t\t\t\t\t\t\t\t\t<p>Le service, tant sur le terrain de golf que dans le spa et le centre de vill\u00e9giature qui l&rsquo;accompagnent, est de premi\u00e8re classe. Vous pouvez m\u00eame commander de la nourriture et des boissons qui vous seront livr\u00e9es sur le parcours pendant que vous jouez. Ensuite, le spa et le restaurant du clubhouse conviennent parfaitement aux golfeurs qui ont le temps et qui souhaitent faire de leur parcours \u00e0 Mission Hills une journ\u00e9e compl\u00e8te de golf \u00e0 Phuket !<\/p>\t\t\t\t\t\t\t\t<\/div>\n\t\t\t\t<\/div>\n\t\t\t\t\t<\/div>\n\t\t<\/div>\n\t\t\t\t\t<\/div>\n\t\t<\/section>\n\t\t\t\t<section class=\"elementor-section elementor-top-section elementor-element elementor-element-3e7adb29 elementor-section-boxed elementor-section-height-default elementor-section-height-default\" data-id=\"3e7adb29\" data-element_type=\"section\" data-settings=\"{&quot;background_background&quot;:&quot;classic&quot;}\">\n\t\t\t\t\t\t\t<div class=\"elementor-background-overlay\"><\/div>\n\t\t\t\t\t\t\t<div class=\"elementor-container elementor-column-gap-default\">\n\t\t\t\t\t<div class=\"elementor-column elementor-col-100 elementor-top-column elementor-element elementor-element-733fe12a\" data-id=\"733fe12a\" data-element_type=\"column\" data-settings=\"{&quot;background_background&quot;:&quot;classic&quot;}\">\n\t\t\t<div class=\"elementor-widget-wrap elementor-element-populated\">\n\t\t\t\t\t\t<div class=\"elementor-element elementor-element-2a53a848 elementor-pagination-position-outside elementor-widget elementor-widget-image-carousel\" data-id=\"2a53a848\" data-element_type=\"widget\" data-settings=\"{&quot;slides_to_show&quot;:&quot;3&quot;,&quot;slides_to_scroll&quot;:&quot;1&quot;,&quot;navigation&quot;:&quot;dots&quot;,&quot;autoplay_speed&quot;:6000,&quot;image_spacing_custom&quot;:{&quot;unit&quot;:&quot;px&quot;,&quot;size&quot;:30,&quot;sizes&quot;:[]},&quot;autoplay&quot;:&quot;yes&quot;,&quot;pause_on_hover&quot;:&quot;yes&quot;,&quot;pause_on_interaction&quot;:&quot;yes&quot;,&quot;infinite&quot;:&quot;yes&quot;,&quot;speed&quot;:500,&quot;image_spacing_custom_tablet&quot;:{&quot;unit&quot;:&quot;px&quot;,&quot;size&quot;:&quot;&quot;,&quot;sizes&quot;:[]},&quot;image_spacing_custom_mobile&quot;:{&quot;unit&quot;:&quot;px&quot;,&quot;size&quot;:&quot;&quot;,&quot;sizes&quot;:[]}}\" data-widget_type=\"image-carousel.default\">\n\t\t\t\t<div class=\"elementor-widget-container\">\n\t\t\t\t\t\t\t<div class=\"elementor-image-carousel-wrapper swiper\" role=\"region\" aria-roledescription=\"carousel\" aria-label=\"Carrousel d\u2019images\" dir=\"ltr\">\n\t\t\t<div class=\"elementor-image-carousel swiper-wrapper swiper-image-stretch\" aria-live=\"off\">\n\t\t\t\t\t\t\t\t<div class=\"swiper-slide\" role=\"group\" aria-roledescription=\"slide\" aria-label=\"1 sur 8\"><figure class=\"swiper-slide-inner\"><img decoding=\"async\" class=\"swiper-slide-image\" src=\"https:\/\/golf-thaitour.com\/wp-content\/uploads\/elementor\/thumbs\/13434747-1-r96d39c5ea58d903mt2rsnd035ykydr9t5e8x0tymg.jpg\" alt=\"13434747\" \/><\/figure><\/div><div class=\"swiper-slide\" role=\"group\" aria-roledescription=\"slide\" aria-label=\"2 sur 8\"><figure class=\"swiper-slide-inner\"><img decoding=\"async\" class=\"swiper-slide-image\" src=\"https:\/\/golf-thaitour.com\/wp-content\/uploads\/elementor\/thumbs\/13431211-r96d1bs3cji0i3t4wz0do4ww4nhf4s34vl4bejp3ew.jpg\" alt=\"13431211\" \/><\/figure><\/div><div class=\"swiper-slide\" role=\"group\" aria-roledescription=\"slide\" aria-label=\"3 sur 8\"><figure class=\"swiper-slide-inner\"><img decoding=\"async\" class=\"swiper-slide-image\" src=\"https:\/\/golf-thaitour.com\/wp-content\/uploads\/elementor\/thumbs\/13434811-1-r96d39c5ea58d903mt2rsnd035ykydr9t5e8x0tymg.jpg\" alt=\"13434811\" \/><\/figure><\/div><div class=\"swiper-slide\" role=\"group\" aria-roledescription=\"slide\" aria-label=\"4 sur 8\"><figure class=\"swiper-slide-inner\"><img decoding=\"async\" class=\"swiper-slide-image\" src=\"https:\/\/golf-thaitour.com\/wp-content\/uploads\/elementor\/thumbs\/13430858-1-r96d38eb7g3y1n1gsao585ljhs37qonjh0qrfqvcso.jpg\" alt=\"13430858\" \/><\/figure><\/div><div class=\"swiper-slide\" role=\"group\" aria-roledescription=\"slide\" aria-label=\"5 sur 8\"><figure class=\"swiper-slide-inner\"><img decoding=\"async\" class=\"swiper-slide-image\" src=\"https:\/\/golf-thaitour.com\/wp-content\/uploads\/elementor\/thumbs\/14217741-1-r96d3a9zl46iouyqhbhed54gojty62v05a1qeaskg8.jpg\" alt=\"14217741\" \/><\/figure><\/div><div class=\"swiper-slide\" role=\"group\" aria-roledescription=\"slide\" aria-label=\"6 sur 8\"><figure class=\"swiper-slide-inner\"><img decoding=\"async\" class=\"swiper-slide-image\" src=\"https:\/\/golf-thaitour.com\/wp-content\/uploads\/elementor\/thumbs\/1562042445_1-1-r96d3a9zl46iouyqhbhed54gojty62v05a1qeaskg8.jpg\" alt=\"1562042445_1\" \/><\/figure><\/div><div class=\"swiper-slide\" role=\"group\" aria-roledescription=\"slide\" aria-label=\"7 sur 8\"><figure class=\"swiper-slide-inner\"><img decoding=\"async\" class=\"swiper-slide-image\" src=\"https:\/\/golf-thaitour.com\/wp-content\/uploads\/elementor\/thumbs\/197320669-r96d1dnrq7kl5bqelztmt4ftbf85k6aljufad3mb2g.jpg\" alt=\"197320669\" \/><\/figure><\/div><div class=\"swiper-slide\" role=\"group\" aria-roledescription=\"slide\" aria-label=\"8 sur 8\"><figure class=\"swiper-slide-inner\"><img decoding=\"async\" class=\"swiper-slide-image\" src=\"https:\/\/golf-thaitour.com\/wp-content\/uploads\/elementor\/thumbs\/mission-hills-golf-and-resort-rb61kjqmhxj3nci9po6tjuargx1py0jzo1fl7n3gco.webp\" alt=\"mission-hills-golf-and-resort\" \/><\/figure><\/div>\t\t\t<\/div>\n\t\t\t\t\t\t\t\n\t\t\t\t\t\t\t\t\t<div class=\"swiper-pagination\"><\/div>\n\t\t\t\t\t\t\t\t\t<\/div>\n\t\t\t\t\t\t<\/div>\n\t\t\t\t<\/div>\n\t\t\t\t<div class=\"elementor-element elementor-element-30b7a6e elementor-widget elementor-widget-image\" data-id=\"30b7a6e\" data-element_type=\"widget\" data-widget_type=\"image.default\">\n\t\t\t\t<div class=\"elementor-widget-container\">\n\t\t\t\t\t\t\t\t\t\t\t\t\t\t\t<img fetchpriority=\"high\" decoding=\"async\" width=\"300\" height=\"225\" src=\"https:\/\/golf-thaitour.com\/wp-content\/uploads\/2025\/07\/logoMissionHillGolfResort.png\" class=\"attachment-large size-large wp-image-1869\" alt=\"\" \/>\t\t\t\t\t\t\t\t\t\t\t\t\t\t\t<\/div>\n\t\t\t\t<\/div>\n\t\t\t\t<div class=\"elementor-element elementor-element-49598b46 elementor-widget elementor-widget-spacer\" data-id=\"49598b46\" data-element_type=\"widget\" data-widget_type=\"spacer.default\">\n\t\t\t\t<div class=\"elementor-widget-container\">\n\t\t\t\t\t\t\t<div class=\"elementor-spacer\">\n\t\t\t<div class=\"elementor-spacer-inner\"><\/div>\n\t\t<\/div>\n\t\t\t\t\t\t<\/div>\n\t\t\t\t<\/div>\n\t\t\t\t\t<\/div>\n\t\t<\/div>\n\t\t\t\t\t<\/div>\n\t\t<\/section>\n\t\t\t\t<\/div>\n\t\t","protected":false},"excerpt":{"rendered":"<p>Mission Hills Phuket Golf Resort Si vous cherchez un parcours de golf de carte postale face \u00e0 la mer pour jouer \u00e0 Phuket, le parcours con\u00e7u par Jack Nicklaus au Mission Hills Golf Resort de Phuket est celui qu&rsquo;il vous faut. Le parcours de golf est situ\u00e9 au milieu de for\u00eats de mangroves sur la [&hellip;]<\/p>\n","protected":false},"author":2,"featured_media":0,"parent":0,"menu_order":0,"comment_status":"closed","ping_status":"closed","template":"elementor_header_footer","meta":{"footnotes":""},"folder":[21],"class_list":["post-1686","page","type-page","status-publish","hentry"],"_links":{"self":[{"href":"https:\/\/golf-thaitour.com\/fr_fr\/wp-json\/wp\/v2\/pages\/1686","targetHints":{"allow":["GET"]}}],"collection":[{"href":"https:\/\/golf-thaitour.com\/fr_fr\/wp-json\/wp\/v2\/pages"}],"about":[{"href":"https:\/\/golf-thaitour.com\/fr_fr\/wp-json\/wp\/v2\/types\/page"}],"author":[{"embeddable":true,"href":"https:\/\/golf-thaitour.com\/fr_fr\/wp-json\/wp\/v2\/users\/2"}],"replies":[{"embeddable":true,"href":"https:\/\/golf-thaitour.com\/fr_fr\/wp-json\/wp\/v2\/comments?post=1686"}],"version-history":[{"count":20,"href":"https:\/\/golf-thaitour.com\/fr_fr\/wp-json\/wp\/v2\/pages\/1686\/revisions"}],"predecessor-version":[{"id":5507,"href":"https:\/\/golf-thaitour.com\/fr_fr\/wp-json\/wp\/v2\/pages\/1686\/revisions\/5507"}],"wp:attachment":[{"href":"https:\/\/golf-thaitour.com\/fr_fr\/wp-json\/wp\/v2\/media?parent=1686"}],"wp:term":[{"taxonomy":"folder","embeddable":true,"href":"https:\/\/golf-thaitour.com\/fr_fr\/wp-json\/wp\/v2\/folder?post=1686"}],"curies":[{"name":"wp","href":"https:\/\/api.w.org\/{rel}","templated":true}]}}