{"id":1685,"date":"2025-07-23T08:11:30","date_gmt":"2025-07-23T08:11:30","guid":{"rendered":"https:\/\/golf-thaitour.com\/?page_id=1685"},"modified":"2025-09-04T13:55:07","modified_gmt":"2025-09-04T13:55:07","slug":"loch-palm-golf-club","status":"publish","type":"page","link":"https:\/\/golf-thaitour.com\/fr_fr\/loch-palm-golf-club\/","title":{"rendered":"LOCH PALM GOLF CLUB"},"content":{"rendered":"\t\t<div data-elementor-type=\"wp-page\" data-elementor-id=\"1685\" class=\"elementor elementor-1685\" data-elementor-post-type=\"page\">\n\t\t\t\t\t\t<section class=\"elementor-section elementor-top-section elementor-element elementor-element-659a118b elementor-section-height-min-height elementor-section-boxed elementor-section-height-default elementor-section-items-middle\" data-id=\"659a118b\" data-element_type=\"section\" data-settings=\"{&quot;background_background&quot;:&quot;classic&quot;}\">\n\t\t\t\t\t\t\t<div class=\"elementor-background-overlay\"><\/div>\n\t\t\t\t\t\t\t<div class=\"elementor-container elementor-column-gap-no\">\n\t\t\t\t\t<div class=\"elementor-column elementor-col-100 elementor-top-column elementor-element elementor-element-2cab896c\" data-id=\"2cab896c\" data-element_type=\"column\">\n\t\t\t<div class=\"elementor-widget-wrap elementor-element-populated\">\n\t\t\t\t\t\t<div class=\"elementor-element elementor-element-2e5ae33c elementor-widget elementor-widget-heading\" data-id=\"2e5ae33c\" data-element_type=\"widget\" data-widget_type=\"heading.default\">\n\t\t\t\t<div class=\"elementor-widget-container\">\n\t\t\t\t\t<h1 class=\"elementor-heading-title elementor-size-default\">Loch Palm <span style=\"letter-spacing: 1.2px\">golf <\/span><span style=\"letter-spacing: 1.2px\">Club<\/span><span style=\"letter-spacing: 1.2px\"><\/span><br><\/h1>\t\t\t\t<\/div>\n\t\t\t\t<\/div>\n\t\t\t\t\t<\/div>\n\t\t<\/div>\n\t\t\t\t\t<\/div>\n\t\t<\/section>\n\t\t\t\t<section class=\"elementor-section elementor-top-section elementor-element elementor-element-d7a9010 elementor-section-boxed elementor-section-height-default elementor-section-height-default\" data-id=\"d7a9010\" data-element_type=\"section\">\n\t\t\t\t\t\t<div class=\"elementor-container elementor-column-gap-default\">\n\t\t\t\t\t<div class=\"elementor-column elementor-col-100 elementor-top-column elementor-element elementor-element-e94259d\" data-id=\"e94259d\" data-element_type=\"column\">\n\t\t\t<div class=\"elementor-widget-wrap elementor-element-populated\">\n\t\t\t\t\t\t<div class=\"elementor-element elementor-element-dec4c9c elementor-widget elementor-widget-text-editor\" data-id=\"dec4c9c\" data-element_type=\"widget\" data-widget_type=\"text-editor.default\">\n\t\t\t\t<div class=\"elementor-widget-container\">\n\t\t\t\t\t\t\t\t\t<p data-start=\"101\" data-end=\"659\">Si le Loch Palm Golf Club n&rsquo;est pas le plus long parcours de golf de Phuket, c&rsquo;est l&rsquo;un des plus agr\u00e9ables et des plus r\u00e9guliers. Nich\u00e9 au milieu d&rsquo;une s\u00e9rie de collines recouvertes de jungle,\u00a0Loch Palm\u00a0est un parcours naturel, mais capable de relever de nombreux d\u00e9fis et de donner \u00e0 tout golfeur de Phuket une bonne dose d&rsquo;entra\u00eenement. Comme le nom du club l&rsquo;indique, des palmiers pars\u00e8ment g\u00e9n\u00e9reusement ce parcours, mais jamais de mani\u00e8re trop dense.<\/p><p>Sur les neuf premiers trous, l&rsquo;objectif principal est de garder la balle de golf sur la terre ferme ; de nombreux trous se jouent le long du loch (un lac de taille importante), qui a l&rsquo;habitude de couper certains des fairways l\u00e9g\u00e8rement ondul\u00e9s. Le court 2e trou est l&rsquo;un des nombreux trous qui mettent \u00e0 l&rsquo;\u00e9preuve les nerfs des golfeurs autour de l&rsquo;eau. Il s&rsquo;agit d&rsquo;un par-5 avec une quantit\u00e9 importante de bunkers \u00e9tendus et ouverts qui entrent \u00e9galement en jeu. Les coups trop \u00e9loign\u00e9s n\u00e9cessitent des longueurs plus importantes pour \u00e9viter de se retrouver dans le p\u00e9rim\u00e8tre ou, pire, hors-limites.<\/p><p>Les neuf derniers trous sont plus serr\u00e9s et plus ondul\u00e9s, \u00e0 commencer par le court mais \u00e9prouvant par-4 du 10. Le 11e par-5, \u00e9troit et difficile, est bord\u00e9 de villas sur le c\u00f4t\u00e9 gauche ; soyez pr\u00eat \u00e0 crier \u00ab\u00a0Fore !\u00a0\u00bb. Parmi plusieurs excellents trous sur lle second 9 , l&rsquo;un des meilleurs est le 14, un par-3 jou\u00e9 en descente vers un green entour\u00e9 d&rsquo;eau sur trois c\u00f4t\u00e9s.<\/p>\t\t\t\t\t\t\t\t<\/div>\n\t\t\t\t<\/div>\n\t\t\t\t<div class=\"elementor-element elementor-element-646dbca elementor-widget elementor-widget-heading\" data-id=\"646dbca\" data-element_type=\"widget\" data-widget_type=\"heading.default\">\n\t\t\t\t<div class=\"elementor-widget-container\">\n\t\t\t\t\t<h2 class=\"elementor-heading-title elementor-size-default\">CLUB HOUSE AND FACILITIES<\/h2>\t\t\t\t<\/div>\n\t\t\t\t<\/div>\n\t\t\t\t<div class=\"elementor-element elementor-element-aebe2c2 elementor-widget elementor-widget-text-editor\" data-id=\"aebe2c2\" data-element_type=\"widget\" data-widget_type=\"text-editor.default\">\n\t\t\t\t<div class=\"elementor-widget-container\">\n\t\t\t\t\t\t\t\t\t<p>Des voiturettes de golf sont disponibles en option, et le parcours est toujours en parfait \u00e9tat de jeu. Le clubhouse sert une excellente cuisine tha\u00eflandaise \u00e0 des prix raisonnables. Le clubhouse a \u00e9t\u00e9 r\u00e9nov\u00e9 en 2008 et est \u00e9quivalent aux autres terrains de golf de Phuket.<\/p>\t\t\t\t\t\t\t\t<\/div>\n\t\t\t\t<\/div>\n\t\t\t\t\t<\/div>\n\t\t<\/div>\n\t\t\t\t\t<\/div>\n\t\t<\/section>\n\t\t\t\t<section class=\"elementor-section elementor-top-section elementor-element elementor-element-7668ccbd elementor-section-boxed elementor-section-height-default elementor-section-height-default\" data-id=\"7668ccbd\" data-element_type=\"section\" data-settings=\"{&quot;background_background&quot;:&quot;classic&quot;}\">\n\t\t\t\t\t\t\t<div class=\"elementor-background-overlay\"><\/div>\n\t\t\t\t\t\t\t<div class=\"elementor-container elementor-column-gap-default\">\n\t\t\t\t\t<div class=\"elementor-column elementor-col-100 elementor-top-column elementor-element elementor-element-6e8a0485\" data-id=\"6e8a0485\" data-element_type=\"column\" data-settings=\"{&quot;background_background&quot;:&quot;classic&quot;}\">\n\t\t\t<div class=\"elementor-widget-wrap elementor-element-populated\">\n\t\t\t\t\t\t<div class=\"elementor-element elementor-element-58fb228b elementor-pagination-position-outside elementor-widget elementor-widget-image-carousel\" data-id=\"58fb228b\" data-element_type=\"widget\" data-settings=\"{&quot;slides_to_show&quot;:&quot;3&quot;,&quot;slides_to_scroll&quot;:&quot;1&quot;,&quot;navigation&quot;:&quot;dots&quot;,&quot;autoplay_speed&quot;:6000,&quot;image_spacing_custom&quot;:{&quot;unit&quot;:&quot;px&quot;,&quot;size&quot;:30,&quot;sizes&quot;:[]},&quot;autoplay&quot;:&quot;yes&quot;,&quot;pause_on_hover&quot;:&quot;yes&quot;,&quot;pause_on_interaction&quot;:&quot;yes&quot;,&quot;infinite&quot;:&quot;yes&quot;,&quot;speed&quot;:500,&quot;image_spacing_custom_tablet&quot;:{&quot;unit&quot;:&quot;px&quot;,&quot;size&quot;:&quot;&quot;,&quot;sizes&quot;:[]},&quot;image_spacing_custom_mobile&quot;:{&quot;unit&quot;:&quot;px&quot;,&quot;size&quot;:&quot;&quot;,&quot;sizes&quot;:[]}}\" data-widget_type=\"image-carousel.default\">\n\t\t\t\t<div class=\"elementor-widget-container\">\n\t\t\t\t\t\t\t<div class=\"elementor-image-carousel-wrapper swiper\" role=\"region\" aria-roledescription=\"carousel\" aria-label=\"Carrousel d\u2019images\" dir=\"ltr\">\n\t\t\t<div class=\"elementor-image-carousel swiper-wrapper swiper-image-stretch\" aria-live=\"off\">\n\t\t\t\t\t\t\t\t<div class=\"swiper-slide\" role=\"group\" aria-roledescription=\"slide\" aria-label=\"1 sur 6\"><figure class=\"swiper-slide-inner\"><img decoding=\"async\" class=\"swiper-slide-image\" src=\"https:\/\/golf-thaitour.com\/wp-content\/uploads\/elementor\/thumbs\/1562041794_1-rb61jedq57yhgi6cf6b8i4qhbypkjbzsucq83gsryg.jpg\" alt=\"OLYMPUS DIGITAL CAMERA\" \/><\/figure><\/div><div class=\"swiper-slide\" role=\"group\" aria-roledescription=\"slide\" aria-label=\"2 sur 6\"><figure class=\"swiper-slide-inner\"><img decoding=\"async\" class=\"swiper-slide-image\" src=\"https:\/\/golf-thaitour.com\/wp-content\/uploads\/elementor\/thumbs\/1562041794_7-r96c91svqysh8evt18zf5rsoscuwkkttzmlgnvmglk.jpg\" alt=\"OLYMPUS DIGITAL CAMERA\" \/><\/figure><\/div><div class=\"swiper-slide\" role=\"group\" aria-roledescription=\"slide\" aria-label=\"3 sur 6\"><figure class=\"swiper-slide-inner\"><img decoding=\"async\" class=\"swiper-slide-image\" src=\"https:\/\/golf-thaitour.com\/wp-content\/uploads\/elementor\/thumbs\/1562041794_2-ras1theeztzrywp8r6unmnu3p0h39qlrbsvfle4ya0.jpg\" alt=\"1562041794_2\" \/><\/figure><\/div><div class=\"swiper-slide\" role=\"group\" aria-roledescription=\"slide\" aria-label=\"4 sur 6\"><figure class=\"swiper-slide-inner\"><img decoding=\"async\" class=\"swiper-slide-image\" src=\"https:\/\/golf-thaitour.com\/wp-content\/uploads\/elementor\/thumbs\/1562041794_4-r96c90v1k4r6wsx66qksla186yzjcvq3nhxz6lnurs.jpg\" alt=\"1562041794_4\" \/><\/figure><\/div><div class=\"swiper-slide\" role=\"group\" aria-roledescription=\"slide\" aria-label=\"5 sur 6\"><figure class=\"swiper-slide-inner\"><img decoding=\"async\" class=\"swiper-slide-image\" src=\"https:\/\/golf-thaitour.com\/wp-content\/uploads\/elementor\/thumbs\/1562041794_3-r96c8zx7dapwl6yjc8660s9rll4656mdbdahpbp8y0.jpg\" alt=\"1562041794_3\" \/><\/figure><\/div><div class=\"swiper-slide\" role=\"group\" aria-roledescription=\"slide\" aria-label=\"6 sur 6\"><figure class=\"swiper-slide-inner\"><img decoding=\"async\" class=\"swiper-slide-image\" src=\"https:\/\/golf-thaitour.com\/wp-content\/uploads\/elementor\/thumbs\/1562041794_8-r96c91svqysh8evt18zf5rsoscuwkkttzmlgnvmglk.jpg\" alt=\"OLYMPUS DIGITAL CAMERA\" \/><\/figure><\/div>\t\t\t<\/div>\n\t\t\t\t\t\t\t\n\t\t\t\t\t\t\t\t\t<div class=\"swiper-pagination\"><\/div>\n\t\t\t\t\t\t\t\t\t<\/div>\n\t\t\t\t\t\t<\/div>\n\t\t\t\t<\/div>\n\t\t\t\t<div class=\"elementor-element elementor-element-ab3f9cf elementor-widget elementor-widget-image\" data-id=\"ab3f9cf\" data-element_type=\"widget\" data-widget_type=\"image.default\">\n\t\t\t\t<div class=\"elementor-widget-container\">\n\t\t\t\t\t\t\t\t\t\t\t\t\t\t\t<img fetchpriority=\"high\" decoding=\"async\" width=\"300\" height=\"300\" src=\"https:\/\/golf-thaitour.com\/wp-content\/uploads\/2025\/09\/loch-logo-300x300.jpg\" class=\"attachment-medium size-medium wp-image-5685\" alt=\"\" srcset=\"https:\/\/golf-thaitour.com\/wp-content\/uploads\/2025\/09\/loch-logo-300x300.jpg 300w, https:\/\/golf-thaitour.com\/wp-content\/uploads\/2025\/09\/loch-logo-150x150.jpg 150w, https:\/\/golf-thaitour.com\/wp-content\/uploads\/2025\/09\/loch-logo-768x768.jpg 768w, https:\/\/golf-thaitour.com\/wp-content\/uploads\/2025\/09\/loch-logo-12x12.jpg 12w, https:\/\/golf-thaitour.com\/wp-content\/uploads\/2025\/09\/loch-logo.jpg 937w\" sizes=\"(max-width: 300px) 100vw, 300px\" \/>\t\t\t\t\t\t\t\t\t\t\t\t\t\t\t<\/div>\n\t\t\t\t<\/div>\n\t\t\t\t<div class=\"elementor-element elementor-element-1d636618 elementor-widget elementor-widget-spacer\" data-id=\"1d636618\" data-element_type=\"widget\" data-widget_type=\"spacer.default\">\n\t\t\t\t<div class=\"elementor-widget-container\">\n\t\t\t\t\t\t\t<div class=\"elementor-spacer\">\n\t\t\t<div class=\"elementor-spacer-inner\"><\/div>\n\t\t<\/div>\n\t\t\t\t\t\t<\/div>\n\t\t\t\t<\/div>\n\t\t\t\t\t<\/div>\n\t\t<\/div>\n\t\t\t\t\t<\/div>\n\t\t<\/section>\n\t\t\t\t<\/div>\n\t\t","protected":false},"excerpt":{"rendered":"<p>Loch Palm golf Club Si le Loch Palm Golf Club n&rsquo;est pas le plus long parcours de golf de Phuket, c&rsquo;est l&rsquo;un des plus agr\u00e9ables et des plus r\u00e9guliers. Nich\u00e9 au milieu d&rsquo;une s\u00e9rie de collines recouvertes de jungle,\u00a0Loch Palm\u00a0est un parcours naturel, mais capable de relever de nombreux d\u00e9fis et de donner \u00e0 tout [&hellip;]<\/p>\n","protected":false},"author":2,"featured_media":0,"parent":0,"menu_order":0,"comment_status":"closed","ping_status":"closed","template":"elementor_header_footer","meta":{"footnotes":""},"folder":[21],"class_list":["post-1685","page","type-page","status-publish","hentry"],"_links":{"self":[{"href":"https:\/\/golf-thaitour.com\/fr_fr\/wp-json\/wp\/v2\/pages\/1685","targetHints":{"allow":["GET"]}}],"collection":[{"href":"https:\/\/golf-thaitour.com\/fr_fr\/wp-json\/wp\/v2\/pages"}],"about":[{"href":"https:\/\/golf-thaitour.com\/fr_fr\/wp-json\/wp\/v2\/types\/page"}],"author":[{"embeddable":true,"href":"https:\/\/golf-thaitour.com\/fr_fr\/wp-json\/wp\/v2\/users\/2"}],"replies":[{"embeddable":true,"href":"https:\/\/golf-thaitour.com\/fr_fr\/wp-json\/wp\/v2\/comments?post=1685"}],"version-history":[{"count":26,"href":"https:\/\/golf-thaitour.com\/fr_fr\/wp-json\/wp\/v2\/pages\/1685\/revisions"}],"predecessor-version":[{"id":5690,"href":"https:\/\/golf-thaitour.com\/fr_fr\/wp-json\/wp\/v2\/pages\/1685\/revisions\/5690"}],"wp:attachment":[{"href":"https:\/\/golf-thaitour.com\/fr_fr\/wp-json\/wp\/v2\/media?parent=1685"}],"wp:term":[{"taxonomy":"folder","embeddable":true,"href":"https:\/\/golf-thaitour.com\/fr_fr\/wp-json\/wp\/v2\/folder?post=1685"}],"curies":[{"name":"wp","href":"https:\/\/api.w.org\/{rel}","templated":true}]}}