{"id":1684,"date":"2025-07-23T08:11:23","date_gmt":"2025-07-23T08:11:23","guid":{"rendered":"https:\/\/golf-thaitour.com\/?page_id=1684"},"modified":"2025-09-04T13:49:07","modified_gmt":"2025-09-04T13:49:07","slug":"laguna-palm-golf-club","status":"publish","type":"page","link":"https:\/\/golf-thaitour.com\/fr_fr\/laguna-palm-golf-club\/","title":{"rendered":"LAGUNA PALM GOLF CLUB"},"content":{"rendered":"\t\t<div data-elementor-type=\"wp-page\" data-elementor-id=\"1684\" class=\"elementor elementor-1684\" data-elementor-post-type=\"page\">\n\t\t\t\t\t\t<section class=\"elementor-section elementor-top-section elementor-element elementor-element-61666c2d elementor-section-height-min-height elementor-section-boxed elementor-section-height-default elementor-section-items-middle\" data-id=\"61666c2d\" data-element_type=\"section\" data-settings=\"{&quot;background_background&quot;:&quot;classic&quot;}\">\n\t\t\t\t\t\t\t<div class=\"elementor-background-overlay\"><\/div>\n\t\t\t\t\t\t\t<div class=\"elementor-container elementor-column-gap-no\">\n\t\t\t\t\t<div class=\"elementor-column elementor-col-100 elementor-top-column elementor-element elementor-element-2f6c1552\" data-id=\"2f6c1552\" data-element_type=\"column\">\n\t\t\t<div class=\"elementor-widget-wrap elementor-element-populated\">\n\t\t\t\t\t\t<div class=\"elementor-element elementor-element-139cfa53 elementor-widget elementor-widget-heading\" data-id=\"139cfa53\" data-element_type=\"widget\" data-widget_type=\"heading.default\">\n\t\t\t\t<div class=\"elementor-widget-container\">\n\t\t\t\t\t<h1 class=\"elementor-heading-title elementor-size-default\">LAGUNA GOLF CLUB<\/h1>\t\t\t\t<\/div>\n\t\t\t\t<\/div>\n\t\t\t\t\t<\/div>\n\t\t<\/div>\n\t\t\t\t\t<\/div>\n\t\t<\/section>\n\t\t\t\t<section class=\"elementor-section elementor-top-section elementor-element elementor-element-2e9de65 elementor-section-boxed elementor-section-height-default elementor-section-height-default\" data-id=\"2e9de65\" data-element_type=\"section\">\n\t\t\t\t\t\t<div class=\"elementor-container elementor-column-gap-default\">\n\t\t\t\t\t<div class=\"elementor-column elementor-col-100 elementor-top-column elementor-element elementor-element-90dfa4b\" data-id=\"90dfa4b\" data-element_type=\"column\">\n\t\t\t<div class=\"elementor-widget-wrap elementor-element-populated\">\n\t\t\t\t\t\t<div class=\"elementor-element elementor-element-b8936e0 elementor-widget elementor-widget-text-editor\" data-id=\"b8936e0\" data-element_type=\"widget\" data-widget_type=\"text-editor.default\">\n\t\t\t\t<div class=\"elementor-widget-container\">\n\t\t\t\t\t\t\t\t\t<p>Le Laguna Golf Phuket est un terrain de golf de vill\u00e9giature qui b\u00e9n\u00e9ficie des brises agr\u00e9ables de la mer d&rsquo;Andaman. Le\u00a0terrain de golf de Phuket\u00a0refl\u00e8te la beaut\u00e9 naturelle et l&rsquo;environnement tropical, puisqu&rsquo;il est situ\u00e9 au fond d&rsquo;une vall\u00e9e surplomb\u00e9e par des collines bois\u00e9es et des marais.<\/p><p>Le parcours de golf de Phuket a \u00e9t\u00e9 redessin\u00e9 en 2014 et le Laguna Golf Phuket est d\u00e9sormais \u00e0 la fois plus difficile et plus m\u00e9morable. Les golfeurs doivent faire preuve d&rsquo;imagination car chaque trou offre une multitude d&rsquo;options de coups, et les deux neuf trous sont tr\u00e8s vari\u00e9s.<\/p><p>Le terrain de golf est vallonn\u00e9 et offre d&rsquo;excellentes surfaces de jeu et d&rsquo;excellentes conditions. Les gradins des fairways, les d\u00e9pressions et les monticules dominent le jeu. Les fairways larges sont apparemment simples, mais les golfeurs doivent toujours placer leurs balles pour avoir de bonnes opportunit\u00e9s de marquer des points.<\/p><p>De nombreux trous du 1<sup>er<\/sup> 9 trous d\u00e9finissent les plans d&rsquo;eau naturels existants, tandis que le Second serpente \u00e0 travers des peuplements d&rsquo;arbres matures. Les deux parcours profitent des grands arbres en surplomb qui influencent le jeu et encadrent la plupart des trous. Les zones de rough sont un m\u00e9lange de copeaux de bois et d&rsquo;herbes indig\u00e8nes. En revanche, les bunkers sont peu fr\u00e9quents, chaque risque \u00e9tant strat\u00e9giquement positionn\u00e9 de mani\u00e8re \u00e0 para\u00eetre pro\u00e9minent et \u00e0 entrer en jeu lorsque cela s&rsquo;av\u00e8re n\u00e9cessaire.<\/p><p>Les deux derniers trous sont les plus difficiles : le monstrueux 17\u00e8me, de 580 metres, qui n\u00e9cessite de jouer au moins deux fois au-dessus de l&rsquo;eau, et le magnifique 18\u00e8me, par-4, o\u00f9 un coup bien frapp\u00e9 donne une chance de faire un birdie final.<\/p>\t\t\t\t\t\t\t\t<\/div>\n\t\t\t\t<\/div>\n\t\t\t\t<div class=\"elementor-element elementor-element-408762d elementor-widget elementor-widget-heading\" data-id=\"408762d\" data-element_type=\"widget\" data-widget_type=\"heading.default\">\n\t\t\t\t<div class=\"elementor-widget-container\">\n\t\t\t\t\t<h2 class=\"elementor-heading-title elementor-size-default\">CLUB HOUSE AND FACILITIES<\/h2>\t\t\t\t<\/div>\n\t\t\t\t<\/div>\n\t\t\t\t<div class=\"elementor-element elementor-element-b0abe29 elementor-widget elementor-widget-text-editor\" data-id=\"b0abe29\" data-element_type=\"widget\" data-widget_type=\"text-editor.default\">\n\t\t\t\t<div class=\"elementor-widget-container\">\n\t\t\t\t\t\t\t\t\t<p>Les nombreuses installations comprennent un practice, un putting green, un chipping green et des bunkers d&rsquo;entra\u00eenement. Le clubhouse dispose d&rsquo;un restaurant de premi\u00e8re classe et d&rsquo;un bar complet bien approvisionn\u00e9. Les non-golfeurs sont encourag\u00e9s \u00e0 utiliser les installations de spa de luxe adjacentes, ce qui fait d&rsquo;un traitement de spa et de massage de 4 heures le compagnon id\u00e9al d&rsquo;une partie de golf.<\/p>\t\t\t\t\t\t\t\t<\/div>\n\t\t\t\t<\/div>\n\t\t\t\t\t<\/div>\n\t\t<\/div>\n\t\t\t\t\t<\/div>\n\t\t<\/section>\n\t\t\t\t<section class=\"elementor-section elementor-top-section elementor-element elementor-element-1e78dadd elementor-section-boxed elementor-section-height-default elementor-section-height-default\" data-id=\"1e78dadd\" data-element_type=\"section\" data-settings=\"{&quot;background_background&quot;:&quot;classic&quot;}\">\n\t\t\t\t\t\t\t<div class=\"elementor-background-overlay\"><\/div>\n\t\t\t\t\t\t\t<div class=\"elementor-container elementor-column-gap-default\">\n\t\t\t\t\t<div class=\"elementor-column elementor-col-100 elementor-top-column elementor-element elementor-element-3e09ad4c\" data-id=\"3e09ad4c\" data-element_type=\"column\" data-settings=\"{&quot;background_background&quot;:&quot;classic&quot;}\">\n\t\t\t<div class=\"elementor-widget-wrap elementor-element-populated\">\n\t\t\t\t\t\t<div class=\"elementor-element elementor-element-63f983da elementor-pagination-position-outside elementor-widget elementor-widget-image-carousel\" data-id=\"63f983da\" data-element_type=\"widget\" data-settings=\"{&quot;slides_to_show&quot;:&quot;3&quot;,&quot;slides_to_scroll&quot;:&quot;1&quot;,&quot;navigation&quot;:&quot;dots&quot;,&quot;autoplay_speed&quot;:6000,&quot;image_spacing_custom&quot;:{&quot;unit&quot;:&quot;px&quot;,&quot;size&quot;:30,&quot;sizes&quot;:[]},&quot;autoplay&quot;:&quot;yes&quot;,&quot;pause_on_hover&quot;:&quot;yes&quot;,&quot;pause_on_interaction&quot;:&quot;yes&quot;,&quot;infinite&quot;:&quot;yes&quot;,&quot;speed&quot;:500,&quot;image_spacing_custom_tablet&quot;:{&quot;unit&quot;:&quot;px&quot;,&quot;size&quot;:&quot;&quot;,&quot;sizes&quot;:[]},&quot;image_spacing_custom_mobile&quot;:{&quot;unit&quot;:&quot;px&quot;,&quot;size&quot;:&quot;&quot;,&quot;sizes&quot;:[]}}\" data-widget_type=\"image-carousel.default\">\n\t\t\t\t<div class=\"elementor-widget-container\">\n\t\t\t\t\t\t\t<div class=\"elementor-image-carousel-wrapper swiper\" role=\"region\" aria-roledescription=\"carousel\" aria-label=\"Carrousel d\u2019images\" dir=\"ltr\">\n\t\t\t<div class=\"elementor-image-carousel swiper-wrapper swiper-image-stretch\" aria-live=\"off\">\n\t\t\t\t\t\t\t\t<div class=\"swiper-slide\" role=\"group\" aria-roledescription=\"slide\" aria-label=\"1 sur 6\"><figure class=\"swiper-slide-inner\"><img decoding=\"async\" class=\"swiper-slide-image\" src=\"https:\/\/golf-thaitour.com\/wp-content\/uploads\/elementor\/thumbs\/66a737e0df425-rb61ivkycj9bgw9xt0v5ndb9u3qfj9wcp96ciw3mgg.jpg\" alt=\"66a737e0df425\" \/><\/figure><\/div><div class=\"swiper-slide\" role=\"group\" aria-roledescription=\"slide\" aria-label=\"2 sur 6\"><figure class=\"swiper-slide-inner\"><img decoding=\"async\" class=\"swiper-slide-image\" src=\"https:\/\/golf-thaitour.com\/wp-content\/uploads\/elementor\/thumbs\/golf-laguna-phuket-rb61k2tj2wwiayj4sjjzu2eh5ttbdco0776olmbii8.jpg\" alt=\"golf-laguna-phuket\" \/><\/figure><\/div><div class=\"swiper-slide\" role=\"group\" aria-roledescription=\"slide\" aria-label=\"3 sur 6\"><figure class=\"swiper-slide-inner\"><img decoding=\"async\" class=\"swiper-slide-image\" src=\"https:\/\/golf-thaitour.com\/wp-content\/uploads\/elementor\/thumbs\/1562040262_2-rb61jbk7kpv6y9mq7prtbra3xnjo64nsfg9lolfxio.jpg\" alt=\"DCIM101MEDIA\" \/><\/figure><\/div><div class=\"swiper-slide\" role=\"group\" aria-roledescription=\"slide\" aria-label=\"4 sur 6\"><figure class=\"swiper-slide-inner\"><img decoding=\"async\" class=\"swiper-slide-image\" src=\"https:\/\/golf-thaitour.com\/wp-content\/uploads\/elementor\/thumbs\/1562040262_1-rb61jamddvtwmno3d7d6r9inc9oayfk23bm47bhbow.jpg\" alt=\"1562040262_1\" \/><\/figure><\/div><div class=\"swiper-slide\" role=\"group\" aria-roledescription=\"slide\" aria-label=\"5 sur 6\"><figure class=\"swiper-slide-inner\"><img decoding=\"async\" class=\"swiper-slide-image\" src=\"https:\/\/golf-thaitour.com\/wp-content\/uploads\/elementor\/thumbs\/1562040262_3-rb61jci1rjwh9vld286fw91kj1f1dtrirkx35vejcg.jpg\" alt=\"1562040262_3\" \/><\/figure><\/div><div class=\"swiper-slide\" role=\"group\" aria-roledescription=\"slide\" aria-label=\"6 sur 6\"><figure class=\"swiper-slide-inner\"><img decoding=\"async\" class=\"swiper-slide-image\" src=\"https:\/\/golf-thaitour.com\/wp-content\/uploads\/elementor\/thumbs\/1562040262_4-rb61jdfvydxrlhjzwql2gqt14faeliv93pkkn5d568.jpg\" alt=\"1562040262_4\" \/><\/figure><\/div>\t\t\t<\/div>\n\t\t\t\t\t\t\t\n\t\t\t\t\t\t\t\t\t<div class=\"swiper-pagination\"><\/div>\n\t\t\t\t\t\t\t\t\t<\/div>\n\t\t\t\t\t\t<\/div>\n\t\t\t\t<\/div>\n\t\t\t\t<div class=\"elementor-element elementor-element-0087577 elementor-widget elementor-widget-image\" data-id=\"0087577\" data-element_type=\"widget\" data-widget_type=\"image.default\">\n\t\t\t\t<div class=\"elementor-widget-container\">\n\t\t\t\t\t\t\t\t\t\t\t\t\t\t\t<img fetchpriority=\"high\" decoding=\"async\" width=\"768\" height=\"404\" src=\"https:\/\/golf-thaitour.com\/wp-content\/uploads\/2025\/07\/LAGUNA-GOLF-PHUKET-768x404-1.png\" class=\"attachment-medium_large size-medium_large wp-image-1749\" alt=\"\" srcset=\"https:\/\/golf-thaitour.com\/wp-content\/uploads\/2025\/07\/LAGUNA-GOLF-PHUKET-768x404-1.png 768w, https:\/\/golf-thaitour.com\/wp-content\/uploads\/2025\/07\/LAGUNA-GOLF-PHUKET-768x404-1-300x158.png 300w\" sizes=\"(max-width: 768px) 100vw, 768px\" \/>\t\t\t\t\t\t\t\t\t\t\t\t\t\t\t<\/div>\n\t\t\t\t<\/div>\n\t\t\t\t<div class=\"elementor-element elementor-element-64481adb elementor-widget elementor-widget-spacer\" data-id=\"64481adb\" data-element_type=\"widget\" data-widget_type=\"spacer.default\">\n\t\t\t\t<div class=\"elementor-widget-container\">\n\t\t\t\t\t\t\t<div class=\"elementor-spacer\">\n\t\t\t<div class=\"elementor-spacer-inner\"><\/div>\n\t\t<\/div>\n\t\t\t\t\t\t<\/div>\n\t\t\t\t<\/div>\n\t\t\t\t\t<\/div>\n\t\t<\/div>\n\t\t\t\t\t<\/div>\n\t\t<\/section>\n\t\t\t\t<\/div>\n\t\t","protected":false},"excerpt":{"rendered":"<p>LAGUNA GOLF CLUB Le Laguna Golf Phuket est un terrain de golf de vill\u00e9giature qui b\u00e9n\u00e9ficie des brises agr\u00e9ables de la mer d&rsquo;Andaman. Le\u00a0terrain de golf de Phuket\u00a0refl\u00e8te la beaut\u00e9 naturelle et l&rsquo;environnement tropical, puisqu&rsquo;il est situ\u00e9 au fond d&rsquo;une vall\u00e9e surplomb\u00e9e par des collines bois\u00e9es et des marais. Le parcours de golf de Phuket [&hellip;]<\/p>\n","protected":false},"author":2,"featured_media":0,"parent":0,"menu_order":0,"comment_status":"closed","ping_status":"closed","template":"elementor_header_footer","meta":{"footnotes":""},"folder":[21],"class_list":["post-1684","page","type-page","status-publish","hentry"],"_links":{"self":[{"href":"https:\/\/golf-thaitour.com\/fr_fr\/wp-json\/wp\/v2\/pages\/1684","targetHints":{"allow":["GET"]}}],"collection":[{"href":"https:\/\/golf-thaitour.com\/fr_fr\/wp-json\/wp\/v2\/pages"}],"about":[{"href":"https:\/\/golf-thaitour.com\/fr_fr\/wp-json\/wp\/v2\/types\/page"}],"author":[{"embeddable":true,"href":"https:\/\/golf-thaitour.com\/fr_fr\/wp-json\/wp\/v2\/users\/2"}],"replies":[{"embeddable":true,"href":"https:\/\/golf-thaitour.com\/fr_fr\/wp-json\/wp\/v2\/comments?post=1684"}],"version-history":[{"count":35,"href":"https:\/\/golf-thaitour.com\/fr_fr\/wp-json\/wp\/v2\/pages\/1684\/revisions"}],"predecessor-version":[{"id":5677,"href":"https:\/\/golf-thaitour.com\/fr_fr\/wp-json\/wp\/v2\/pages\/1684\/revisions\/5677"}],"wp:attachment":[{"href":"https:\/\/golf-thaitour.com\/fr_fr\/wp-json\/wp\/v2\/media?parent=1684"}],"wp:term":[{"taxonomy":"folder","embeddable":true,"href":"https:\/\/golf-thaitour.com\/fr_fr\/wp-json\/wp\/v2\/folder?post=1684"}],"curies":[{"name":"wp","href":"https:\/\/api.w.org\/{rel}","templated":true}]}}