{"id":1683,"date":"2025-07-23T08:11:15","date_gmt":"2025-07-23T08:11:15","guid":{"rendered":"https:\/\/golf-thaitour.com\/?page_id=1683"},"modified":"2025-09-04T13:44:25","modified_gmt":"2025-09-04T13:44:25","slug":"santiburi-samui-country-club","status":"publish","type":"page","link":"https:\/\/golf-thaitour.com\/fr_fr\/santiburi-samui-country-club\/","title":{"rendered":"SANTIBURI SAMUI COUNTRY CLUB"},"content":{"rendered":"\t\t<div data-elementor-type=\"wp-page\" data-elementor-id=\"1683\" class=\"elementor elementor-1683\" data-elementor-post-type=\"page\">\n\t\t\t\t\t\t<section class=\"elementor-section elementor-top-section elementor-element elementor-element-7359dfc0 elementor-section-height-min-height elementor-section-boxed elementor-section-height-default elementor-section-items-middle\" data-id=\"7359dfc0\" data-element_type=\"section\" data-settings=\"{&quot;background_background&quot;:&quot;classic&quot;}\">\n\t\t\t\t\t\t\t<div class=\"elementor-background-overlay\"><\/div>\n\t\t\t\t\t\t\t<div class=\"elementor-container elementor-column-gap-no\">\n\t\t\t\t\t<div class=\"elementor-column elementor-col-100 elementor-top-column elementor-element elementor-element-775362e2\" data-id=\"775362e2\" data-element_type=\"column\">\n\t\t\t<div class=\"elementor-widget-wrap elementor-element-populated\">\n\t\t\t\t\t\t<div class=\"elementor-element elementor-element-678254d0 elementor-widget elementor-widget-heading\" data-id=\"678254d0\" data-element_type=\"widget\" data-widget_type=\"heading.default\">\n\t\t\t\t<div class=\"elementor-widget-container\">\n\t\t\t\t\t<h1 class=\"elementor-heading-title elementor-size-default\">SANTIBURI SAMUI COUNTRY CLUB<\/h1>\t\t\t\t<\/div>\n\t\t\t\t<\/div>\n\t\t\t\t\t<\/div>\n\t\t<\/div>\n\t\t\t\t\t<\/div>\n\t\t<\/section>\n\t\t\t\t<section class=\"elementor-section elementor-top-section elementor-element elementor-element-289b1b8b elementor-section-boxed elementor-section-height-default elementor-section-height-default\" data-id=\"289b1b8b\" data-element_type=\"section\">\n\t\t\t\t\t\t<div class=\"elementor-container elementor-column-gap-default\">\n\t\t\t\t\t<div class=\"elementor-column elementor-col-100 elementor-top-column elementor-element elementor-element-31fae896\" data-id=\"31fae896\" data-element_type=\"column\">\n\t\t\t<div class=\"elementor-widget-wrap elementor-element-populated\">\n\t\t\t\t\t\t<div class=\"elementor-element elementor-element-22c5ae6 elementor-widget elementor-widget-text-editor\" data-id=\"22c5ae6\" data-element_type=\"widget\" data-widget_type=\"text-editor.default\">\n\t\t\t\t<div class=\"elementor-widget-container\">\n\t\t\t\t\t\t\t\t\t<p>Le Santiburi Samui Country Club a \u00e9t\u00e9 le premier terrain de golf de Koh Samui et offre \u00e0 la fois d\u00e9fi et charme dans un cadre tropical luxuriant. Ce parcours de championnat de 18 trous est devenu c\u00e9l\u00e8bre lorsqu&rsquo;il a accueilli le Bangkok Airways Open en 2006. Situ\u00e9 \u00e0 flanc de colline sur la rive nord de Koh Samui, au milieu de vieux jardins de cocotiers, le terrain de golf offre une vue panoramique sur le golfe de Tha\u00eflande et l&rsquo;\u00eele de Koh Phangan. La plupart des trous offrent une vue magnifique sur l&rsquo;oc\u00e9an et la plage. Des cascades et des ruisseaux traversent le terrain, ajoutant une beaut\u00e9 naturelle et luxuriante, avec les collines comme toile de fond pittoresque.<\/p><p>Chacun des 18 trous du Santiburi Samui Country Club pr\u00e9sente un caract\u00e8re et des d\u00e9fis uniques. Des pentes raides en mont\u00e9e et en descente aux fairways sinueux taill\u00e9s dans la for\u00eat et serpentant autour des falaises et des ruisseaux, le Santiburi Samui Country Club est l&rsquo;un des parcours de golf les plus uniques de Tha\u00eflande.<\/p><p>Les greens en gazon Tifeagle sont tr\u00e8s rapides et les nouveaux tees et fairways en Sea Isle Paspalum r\u00e9sistant \u00e0 l&rsquo;ombre garantissent de bonnes conditions de jeu tout au long de l&rsquo;ann\u00e9e.<\/p><p>Le parcours de golf commence par les premiers trous \u00e0 travers une for\u00eat de cocotiers matures, puis progresse vers le haut de la montagne. Les fairways suivent la ligne naturelle des collines, cr\u00e9ant un jeu de golf int\u00e9ressant et stimulant. Les affleurements rocheux que l&rsquo;on trouve sur plusieurs trous ajoutent \u00e9galement au d\u00e9fi.<\/p><p>Comme il s&rsquo;agit d&rsquo;un parcours court et montagneux, il r\u00e9compense la pr\u00e9cision et non la distance. Les petits fairways sont \u00e0 l&rsquo;ordre du jour sur la plupart des trous, mais les grands greens rendent les coups d&rsquo;approche un peu plus faciles. Le parcours de golf de Koh Samui n\u00e9cessite une voiturette pour monter et descendre les pentes abruptes des montagnes.<\/p>\t\t\t\t\t\t\t\t<\/div>\n\t\t\t\t<\/div>\n\t\t\t\t<div class=\"elementor-element elementor-element-53db76e4 elementor-widget elementor-widget-heading\" data-id=\"53db76e4\" data-element_type=\"widget\" data-widget_type=\"heading.default\">\n\t\t\t\t<div class=\"elementor-widget-container\">\n\t\t\t\t\t<h2 class=\"elementor-heading-title elementor-size-default\">CLUB HOUSE AND FACILITIES<\/h2>\t\t\t\t<\/div>\n\t\t\t\t<\/div>\n\t\t\t\t<div class=\"elementor-element elementor-element-2f58ae7f elementor-widget elementor-widget-text-editor\" data-id=\"2f58ae7f\" data-element_type=\"widget\" data-widget_type=\"text-editor.default\">\n\t\t\t\t<div class=\"elementor-widget-container\">\n\t\t\t\t\t\t\t\t\t<p>Le luxueux clubhouse dispose de vestiaires confortables, d&rsquo;un pro-shop bien approvisionn\u00e9 et d&rsquo;un restaurant avec une belle terrasse pour profiter un peu plus longtemps du paysage environnant.<\/p>\t\t\t\t\t\t\t\t<\/div>\n\t\t\t\t<\/div>\n\t\t\t\t\t<\/div>\n\t\t<\/div>\n\t\t\t\t\t<\/div>\n\t\t<\/section>\n\t\t\t\t<section class=\"elementor-section elementor-top-section elementor-element elementor-element-5656c56f elementor-section-boxed elementor-section-height-default elementor-section-height-default\" data-id=\"5656c56f\" data-element_type=\"section\" data-settings=\"{&quot;background_background&quot;:&quot;classic&quot;}\">\n\t\t\t\t\t\t\t<div class=\"elementor-background-overlay\"><\/div>\n\t\t\t\t\t\t\t<div class=\"elementor-container elementor-column-gap-default\">\n\t\t\t\t\t<div class=\"elementor-column elementor-col-100 elementor-top-column elementor-element elementor-element-65d2c825\" data-id=\"65d2c825\" data-element_type=\"column\" data-settings=\"{&quot;background_background&quot;:&quot;classic&quot;}\">\n\t\t\t<div class=\"elementor-widget-wrap elementor-element-populated\">\n\t\t\t\t\t\t<div class=\"elementor-element elementor-element-19ac3f1b elementor-pagination-position-outside elementor-widget elementor-widget-image-carousel\" data-id=\"19ac3f1b\" data-element_type=\"widget\" data-settings=\"{&quot;slides_to_show&quot;:&quot;3&quot;,&quot;slides_to_scroll&quot;:&quot;3&quot;,&quot;navigation&quot;:&quot;dots&quot;,&quot;autoplay_speed&quot;:6000,&quot;image_spacing_custom&quot;:{&quot;unit&quot;:&quot;px&quot;,&quot;size&quot;:30,&quot;sizes&quot;:[]},&quot;autoplay&quot;:&quot;yes&quot;,&quot;pause_on_hover&quot;:&quot;yes&quot;,&quot;pause_on_interaction&quot;:&quot;yes&quot;,&quot;infinite&quot;:&quot;yes&quot;,&quot;speed&quot;:500,&quot;image_spacing_custom_tablet&quot;:{&quot;unit&quot;:&quot;px&quot;,&quot;size&quot;:&quot;&quot;,&quot;sizes&quot;:[]},&quot;image_spacing_custom_mobile&quot;:{&quot;unit&quot;:&quot;px&quot;,&quot;size&quot;:&quot;&quot;,&quot;sizes&quot;:[]}}\" data-widget_type=\"image-carousel.default\">\n\t\t\t\t<div class=\"elementor-widget-container\">\n\t\t\t\t\t\t\t<div class=\"elementor-image-carousel-wrapper swiper\" role=\"region\" aria-roledescription=\"carousel\" aria-label=\"Carrousel d\u2019images\" dir=\"ltr\">\n\t\t\t<div class=\"elementor-image-carousel swiper-wrapper swiper-image-stretch\" aria-live=\"off\">\n\t\t\t\t\t\t\t\t<div class=\"swiper-slide\" role=\"group\" aria-roledescription=\"slide\" aria-label=\"1 sur 9\"><figure class=\"swiper-slide-inner\"><img decoding=\"async\" class=\"swiper-slide-image\" src=\"https:\/\/golf-thaitour.com\/wp-content\/uploads\/elementor\/thumbs\/hole18-1-rb7csd3lm8g75bfhzfctlwd8fmvfp6pe1cg27irg5k.jpg\" alt=\"hole18\" \/><\/figure><\/div><div class=\"swiper-slide\" role=\"group\" aria-roledescription=\"slide\" aria-label=\"2 sur 9\"><figure class=\"swiper-slide-inner\"><img decoding=\"async\" class=\"swiper-slide-image\" src=\"https:\/\/golf-thaitour.com\/wp-content\/uploads\/elementor\/thumbs\/hole13-1-rb7csb7x8kdmi3i8aejkgwub8v4p9shxd3538yu8i0.jpg\" alt=\"hole13\" \/><\/figure><\/div><div class=\"swiper-slide\" role=\"group\" aria-roledescription=\"slide\" aria-label=\"3 sur 9\"><figure class=\"swiper-slide-inner\"><img decoding=\"async\" class=\"swiper-slide-image\" src=\"https:\/\/golf-thaitour.com\/wp-content\/uploads\/elementor\/thumbs\/hole11-1-rb7cs8eeo29rj9mbqvborfjxgpilmp6qcp6mt4yf0o.jpg\" alt=\"hole11\" \/><\/figure><\/div><div class=\"swiper-slide\" role=\"group\" aria-roledescription=\"slide\" aria-label=\"4 sur 9\"><figure class=\"swiper-slide-inner\"><img decoding=\"async\" class=\"swiper-slide-image\" src=\"https:\/\/golf-thaitour.com\/wp-content\/uploads\/elementor\/thumbs\/hole10-1-rb7cs6iqae76w1p21uifmg109xrv7az9ofvnul17d4.jpg\" alt=\"hole10\" \/><\/figure><\/div><div class=\"swiper-slide\" role=\"group\" aria-roledescription=\"slide\" aria-label=\"5 sur 9\"><figure class=\"swiper-slide-inner\"><img decoding=\"async\" class=\"swiper-slide-image\" src=\"https:\/\/golf-thaitour.com\/wp-content\/uploads\/elementor\/thumbs\/hole2-1-rb7cs5kw3k5wkfqf7c3t1y9jojwhzlvjcb86db2ljc.jpg\" alt=\"hole2\" \/><\/figure><\/div><div class=\"swiper-slide\" role=\"group\" aria-roledescription=\"slide\" aria-label=\"6 sur 9\"><figure class=\"swiper-slide-inner\"><img decoding=\"async\" class=\"swiper-slide-image\" src=\"https:\/\/golf-thaitour.com\/wp-content\/uploads\/elementor\/thumbs\/hole1-1-rb7cs3p7pw3bx7t5ibajwyqmhs5rk7o2o1x7er5dvs.jpg\" alt=\"hole1\" \/><\/figure><\/div><div class=\"swiper-slide\" role=\"group\" aria-roledescription=\"slide\" aria-label=\"7 sur 9\"><figure class=\"swiper-slide-inner\"><img decoding=\"async\" class=\"swiper-slide-image\" src=\"https:\/\/golf-thaitour.com\/wp-content\/uploads\/elementor\/thumbs\/clubhouse3-1-rb7cs1tjc80r9zvvtaharz7pb0f14tglzsm8g78688.jpg\" alt=\"clubhouse3\" \/><\/figure><\/div><div class=\"swiper-slide\" role=\"group\" aria-roledescription=\"slide\" aria-label=\"8 sur 9\"><figure class=\"swiper-slide-inner\"><img decoding=\"async\" class=\"swiper-slide-image\" src=\"https:\/\/golf-thaitour.com\/wp-content\/uploads\/elementor\/thumbs\/bg-11-1-rb7crzxuyjy6mrym49o1mzos48oapf95bjb9hnayko.jpg\" alt=\"bg-11\" \/><\/figure><\/div><div class=\"swiper-slide\" role=\"group\" aria-roledescription=\"slide\" aria-label=\"9 sur 9\"><figure class=\"swiper-slide-inner\"><img decoding=\"async\" class=\"swiper-slide-image\" src=\"https:\/\/golf-thaitour.com\/wp-content\/uploads\/elementor\/thumbs\/360805431-1-rb7crx4ce1ubny2pkqg5xieec3272bxyb5ct1tf53c.jpg\" alt=\"360805431\" \/><\/figure><\/div>\t\t\t<\/div>\n\t\t\t\t\t\t\t\n\t\t\t\t\t\t\t\t\t<div class=\"swiper-pagination\"><\/div>\n\t\t\t\t\t\t\t\t\t<\/div>\n\t\t\t\t\t\t<\/div>\n\t\t\t\t<\/div>\n\t\t\t\t<div class=\"elementor-element elementor-element-b457220 elementor-widget elementor-widget-image\" data-id=\"b457220\" data-element_type=\"widget\" data-widget_type=\"image.default\">\n\t\t\t\t<div class=\"elementor-widget-container\">\n\t\t\t\t\t\t\t\t\t\t\t\t\t\t\t<img decoding=\"async\" src=\"https:\/\/golf-thaitour.com\/wp-content\/uploads\/elementor\/thumbs\/upscalemedia-transformed-3-rb9hykqt9fzdfweef29jn2arem1yehnpnloctywxfk.png\" title=\"upscalemedia-transformed (3)\" alt=\"upscalemedia-transformed (3)\" loading=\"lazy\" \/>\t\t\t\t\t\t\t\t\t\t\t\t\t\t\t<\/div>\n\t\t\t\t<\/div>\n\t\t\t\t<div class=\"elementor-element elementor-element-45aec00d elementor-widget elementor-widget-spacer\" data-id=\"45aec00d\" data-element_type=\"widget\" data-widget_type=\"spacer.default\">\n\t\t\t\t<div class=\"elementor-widget-container\">\n\t\t\t\t\t\t\t<div class=\"elementor-spacer\">\n\t\t\t<div class=\"elementor-spacer-inner\"><\/div>\n\t\t<\/div>\n\t\t\t\t\t\t<\/div>\n\t\t\t\t<\/div>\n\t\t\t\t\t<\/div>\n\t\t<\/div>\n\t\t\t\t\t<\/div>\n\t\t<\/section>\n\t\t\t\t<\/div>\n\t\t","protected":false},"excerpt":{"rendered":"<p>Le Santiburi Samui Country Club a \u00e9t\u00e9 le premier terrain de golf de Koh Samui et offre \u00e0 la fois d\u00e9fi et charme dans un cadre tropical luxuriant. Ce parcours de championnat de 18 trous est devenu c\u00e9l\u00e8bre lorsqu&rsquo;il a accueilli le Bangkok Airways Open en 2006. Situ\u00e9 \u00e0 flanc de colline sur la rive [&hellip;]<\/p>\n","protected":false},"author":2,"featured_media":0,"parent":0,"menu_order":0,"comment_status":"closed","ping_status":"closed","template":"elementor_header_footer","meta":{"footnotes":""},"folder":[21],"class_list":["post-1683","page","type-page","status-publish","hentry"],"_links":{"self":[{"href":"https:\/\/golf-thaitour.com\/fr_fr\/wp-json\/wp\/v2\/pages\/1683","targetHints":{"allow":["GET"]}}],"collection":[{"href":"https:\/\/golf-thaitour.com\/fr_fr\/wp-json\/wp\/v2\/pages"}],"about":[{"href":"https:\/\/golf-thaitour.com\/fr_fr\/wp-json\/wp\/v2\/types\/page"}],"author":[{"embeddable":true,"href":"https:\/\/golf-thaitour.com\/fr_fr\/wp-json\/wp\/v2\/users\/2"}],"replies":[{"embeddable":true,"href":"https:\/\/golf-thaitour.com\/fr_fr\/wp-json\/wp\/v2\/comments?post=1683"}],"version-history":[{"count":23,"href":"https:\/\/golf-thaitour.com\/fr_fr\/wp-json\/wp\/v2\/pages\/1683\/revisions"}],"predecessor-version":[{"id":5671,"href":"https:\/\/golf-thaitour.com\/fr_fr\/wp-json\/wp\/v2\/pages\/1683\/revisions\/5671"}],"wp:attachment":[{"href":"https:\/\/golf-thaitour.com\/fr_fr\/wp-json\/wp\/v2\/media?parent=1683"}],"wp:term":[{"taxonomy":"folder","embeddable":true,"href":"https:\/\/golf-thaitour.com\/fr_fr\/wp-json\/wp\/v2\/folder?post=1683"}],"curies":[{"name":"wp","href":"https:\/\/api.w.org\/{rel}","templated":true}]}}