{"id":1636,"date":"2025-07-22T14:21:23","date_gmt":"2025-07-22T14:21:23","guid":{"rendered":"https:\/\/golf-thaitour.com\/?page_id=1636"},"modified":"2025-09-04T13:23:59","modified_gmt":"2025-09-04T13:23:59","slug":"majestic-creek-country-club","status":"publish","type":"page","link":"https:\/\/golf-thaitour.com\/fr_fr\/majestic-creek-country-club\/","title":{"rendered":"MAJESTIC CREEK COUNTRY CLUB"},"content":{"rendered":"\t\t<div data-elementor-type=\"wp-page\" data-elementor-id=\"1636\" class=\"elementor elementor-1636\" data-elementor-post-type=\"page\">\n\t\t\t\t\t\t<section class=\"elementor-section elementor-top-section elementor-element elementor-element-1b588be9 elementor-section-height-min-height elementor-section-boxed elementor-section-height-default elementor-section-items-middle\" data-id=\"1b588be9\" data-element_type=\"section\" data-settings=\"{&quot;background_background&quot;:&quot;classic&quot;}\">\n\t\t\t\t\t\t\t<div class=\"elementor-background-overlay\"><\/div>\n\t\t\t\t\t\t\t<div class=\"elementor-container elementor-column-gap-no\">\n\t\t\t\t\t<div class=\"elementor-column elementor-col-100 elementor-top-column elementor-element elementor-element-6b3171d6\" data-id=\"6b3171d6\" data-element_type=\"column\">\n\t\t\t<div class=\"elementor-widget-wrap elementor-element-populated\">\n\t\t\t\t\t\t<div class=\"elementor-element elementor-element-23ddb198 elementor-widget elementor-widget-heading\" data-id=\"23ddb198\" data-element_type=\"widget\" data-widget_type=\"heading.default\">\n\t\t\t\t<div class=\"elementor-widget-container\">\n\t\t\t\t\t<h1 class=\"elementor-heading-title elementor-size-default\">MAJESTIC CREEK COUNTRY CLUB<\/h1>\t\t\t\t<\/div>\n\t\t\t\t<\/div>\n\t\t\t\t\t<\/div>\n\t\t<\/div>\n\t\t\t\t\t<\/div>\n\t\t<\/section>\n\t\t\t\t<section class=\"elementor-section elementor-top-section elementor-element elementor-element-32c84b7e elementor-section-boxed elementor-section-height-default elementor-section-height-default\" data-id=\"32c84b7e\" data-element_type=\"section\">\n\t\t\t\t\t\t<div class=\"elementor-container elementor-column-gap-default\">\n\t\t\t\t\t<div class=\"elementor-column elementor-col-100 elementor-top-column elementor-element elementor-element-4258e1a5\" data-id=\"4258e1a5\" data-element_type=\"column\">\n\t\t\t<div class=\"elementor-widget-wrap elementor-element-populated\">\n\t\t\t\t\t\t<div class=\"elementor-element elementor-element-656298af elementor-widget elementor-widget-text-editor\" data-id=\"656298af\" data-element_type=\"widget\" data-widget_type=\"text-editor.default\">\n\t\t\t\t<div class=\"elementor-widget-container\">\n\t\t\t\t\t\t\t\t\t<p data-start=\"95\" data-end=\"588\">Le <strong data-start=\"98\" data-end=\"129\">Majestic Creek Country Club<\/strong> est un parcours exigeant, class\u00e9 par un magazine de golf allemand comme le meilleur de Hua Hin \u2014 une opinion partag\u00e9e par de nombreux habitants et expatri\u00e9s. Con\u00e7u par le Dr Sukkitti Klangvisai, architecte tha\u00eflandais exp\u00e9riment\u00e9 \u00e9galement responsable du Loch Palm de Phuket, il a fait l\u2019objet d\u2019importantes r\u00e9novations en 2012 couvrant l\u2019ensemble de ses 27 trous. Le club est d\u00e9sormais dot\u00e9 de certains des meilleurs greens en gazon TifEagle de la r\u00e9gion.<\/p><p data-start=\"590\" data-end=\"993\">Situ\u00e9 dans les contreforts \u00e0 une vingtaine de kilom\u00e8tres \u00e0 l\u2019ouest de Hua Hin, le parcours offre des panoramas ruraux authentiques, entre plantations de canne \u00e0 sucre, de tapioca et d\u2019ananas. Aliment\u00e9 par les vall\u00e9es des montagnes voisines, un r\u00e9seau de ruisseaux serpente \u00e0 travers le trac\u00e9, pr\u00e9serv\u00e9 comme obstacle naturel et rendant de nombreux coups au-dessus de l\u2019eau particuli\u00e8rement difficiles.<\/p><p data-start=\"995\" data-end=\"1490\">Avec ses 6 800 m\u00e8tres, le parcours propose une grande vari\u00e9t\u00e9 de d\u00e9fis savamment con\u00e7us. Les joueurs \u00e0 faible handicap appr\u00e9cieront notamment les d\u00e9parts exigeants, o\u00f9 de longs drives au-dessus des lacs sont souvent n\u00e9cessaires. Presque chaque trou int\u00e8gre des obstacles d\u2019eau (\u00e9tangs, ruisseaux) ainsi que des bunkers redoutables. La pr\u00e9cision et le sang-froid sont indispensables pour scorer, m\u00eame si les fairways fermes bord\u00e9s de palmiers offrent une belle longueur aux drives bien frapp\u00e9s.<\/p><p data-start=\"1492\" data-end=\"1819\">Parmi les trous embl\u00e9matiques, on note le dernier du parcours B, un <strong data-start=\"1560\" data-end=\"1582\">par 5 de 588 yards<\/strong>, qui requiert un drive long et pr\u00e9cis pour se placer id\u00e9alement sur le fairway. Un ruisseau puis un lac doivent \u00eatre franchis avant d\u2019attaquer un green \u00e9troit en forte pente arri\u00e8re-avant, o\u00f9 la justesse de l\u2019approche est essentielle.<\/p><p data-start=\"1821\" data-end=\"2340\">Le parcours C m\u00e9rite \u00e9galement l\u2019attention avec son trac\u00e9 remarquable au pied du barrage de Pranburi. Le trou 5, un <strong data-start=\"1937\" data-end=\"1959\">par 3 avec cascade<\/strong>, est l\u2019un des plus m\u00e9morables de Hua Hin. Enfin, le trou 6 du parcours B, un <strong data-start=\"2037\" data-end=\"2058\">par 4 strat\u00e9gique<\/strong>, illustre parfaitement l\u2019\u00e9quilibre entre risque et r\u00e9compense : un fade contr\u00f4l\u00e9 vers un fairway en l\u00e9g\u00e8re pente assure une bonne position, tandis que l\u2019approche vers un green \u00e0 trois niveaux peut offrir une belle opportunit\u00e9 de birdie\u2026 \u00e0 condition d\u2019\u00e9viter les bunkers lat\u00e9raux.<\/p>\t\t\t\t\t\t\t\t<\/div>\n\t\t\t\t<\/div>\n\t\t\t\t<div class=\"elementor-element elementor-element-dc9f202 elementor-widget elementor-widget-heading\" data-id=\"dc9f202\" data-element_type=\"widget\" data-widget_type=\"heading.default\">\n\t\t\t\t<div class=\"elementor-widget-container\">\n\t\t\t\t\t<h2 class=\"elementor-heading-title elementor-size-default\">CLUB HOUSE AND FACILITIES<\/h2>\t\t\t\t<\/div>\n\t\t\t\t<\/div>\n\t\t\t\t<div class=\"elementor-element elementor-element-38a177d elementor-widget elementor-widget-text-editor\" data-id=\"38a177d\" data-element_type=\"widget\" data-widget_type=\"text-editor.default\">\n\t\t\t\t<div class=\"elementor-widget-container\">\n\t\t\t\t\t\t\t\t\t<p data-start=\"47\" data-end=\"276\">Le <strong data-start=\"50\" data-end=\"88\">clubhouse r\u00e9nov\u00e9 du Majestic Creek<\/strong> met \u00e0 disposition une gamme compl\u00e8te d\u2019\u00e9quipements de location, des vestiaires modernes, une boutique professionnelle bien approvisionn\u00e9e ainsi qu\u2019un caf\u00e9 accueillant pour les golfeurs.<\/p><p data-start=\"278\" data-end=\"521\">Les installations comprennent \u00e9galement deux putting greens, une zone de chipping et un practice sur gazon naturel. Enfin, la possibilit\u00e9 de partager les voiturettes de golf contribue \u00e0 rendre l\u2019exp\u00e9rience de jeu plus conviviale et agr\u00e9able.<\/p><hr data-start=\"523\" data-end=\"528\" \/><p data-start=\"530\" data-end=\"716\" data-is-last-node=\"\" data-is-only-node=\"\">\u00a0<\/p>\t\t\t\t\t\t\t\t<\/div>\n\t\t\t\t<\/div>\n\t\t\t\t\t<\/div>\n\t\t<\/div>\n\t\t\t\t\t<\/div>\n\t\t<\/section>\n\t\t\t\t<section class=\"elementor-section elementor-top-section elementor-element elementor-element-3acc24f elementor-section-boxed elementor-section-height-default elementor-section-height-default\" data-id=\"3acc24f\" data-element_type=\"section\" data-settings=\"{&quot;background_background&quot;:&quot;classic&quot;}\">\n\t\t\t\t\t\t\t<div class=\"elementor-background-overlay\"><\/div>\n\t\t\t\t\t\t\t<div class=\"elementor-container elementor-column-gap-default\">\n\t\t\t\t\t<div class=\"elementor-column elementor-col-100 elementor-top-column elementor-element elementor-element-5006384d\" data-id=\"5006384d\" data-element_type=\"column\" data-settings=\"{&quot;background_background&quot;:&quot;classic&quot;}\">\n\t\t\t<div class=\"elementor-widget-wrap elementor-element-populated\">\n\t\t\t\t\t\t<div class=\"elementor-element elementor-element-13fe5298 elementor-pagination-position-outside elementor-widget elementor-widget-image-carousel\" data-id=\"13fe5298\" data-element_type=\"widget\" data-settings=\"{&quot;slides_to_show&quot;:&quot;3&quot;,&quot;slides_to_scroll&quot;:&quot;1&quot;,&quot;navigation&quot;:&quot;dots&quot;,&quot;autoplay_speed&quot;:6000,&quot;image_spacing_custom&quot;:{&quot;unit&quot;:&quot;px&quot;,&quot;size&quot;:30,&quot;sizes&quot;:[]},&quot;autoplay&quot;:&quot;yes&quot;,&quot;pause_on_hover&quot;:&quot;yes&quot;,&quot;pause_on_interaction&quot;:&quot;yes&quot;,&quot;infinite&quot;:&quot;yes&quot;,&quot;speed&quot;:500,&quot;image_spacing_custom_tablet&quot;:{&quot;unit&quot;:&quot;px&quot;,&quot;size&quot;:&quot;&quot;,&quot;sizes&quot;:[]},&quot;image_spacing_custom_mobile&quot;:{&quot;unit&quot;:&quot;px&quot;,&quot;size&quot;:&quot;&quot;,&quot;sizes&quot;:[]}}\" data-widget_type=\"image-carousel.default\">\n\t\t\t\t<div class=\"elementor-widget-container\">\n\t\t\t\t\t\t\t<div class=\"elementor-image-carousel-wrapper swiper\" role=\"region\" aria-roledescription=\"carousel\" aria-label=\"Carrousel d\u2019images\" dir=\"ltr\">\n\t\t\t<div class=\"elementor-image-carousel swiper-wrapper swiper-image-stretch\" aria-live=\"off\">\n\t\t\t\t\t\t\t\t<div class=\"swiper-slide\" role=\"group\" aria-roledescription=\"slide\" aria-label=\"1 sur 7\"><figure class=\"swiper-slide-inner\"><img decoding=\"async\" class=\"swiper-slide-image\" src=\"https:\/\/golf-thaitour.com\/wp-content\/uploads\/elementor\/thumbs\/7\u0e01\u0e23\u0e35\u0e19\u0e0b\u0e49\u0e2d\u0e21-605x465-1-r968luhvsh774gsyi3zl5hjg4zzofextjpwe5eoq5s.jpg\" alt=\"7\u0e01\u0e23\u0e35\u0e19\u0e0b\u0e49\u0e2d\u0e21-605x465\" \/><\/figure><\/div><div class=\"swiper-slide\" role=\"group\" aria-roledescription=\"slide\" aria-label=\"2 sur 7\"><figure class=\"swiper-slide-inner\"><img decoding=\"async\" class=\"swiper-slide-image\" src=\"https:\/\/golf-thaitour.com\/wp-content\/uploads\/elementor\/thumbs\/Lake_View_2-rb9h5cxb69ms6tpb49oytt0vy9vjft03l3ece3brsg.jpg\" alt=\"Lake_View_2\" \/><\/figure><\/div><div class=\"swiper-slide\" role=\"group\" aria-roledescription=\"slide\" aria-label=\"3 sur 7\"><figure class=\"swiper-slide-inner\"><img decoding=\"async\" class=\"swiper-slide-image\" src=\"https:\/\/golf-thaitour.com\/wp-content\/uploads\/elementor\/thumbs\/8B2-players-teeing-off-DSC_5977-605x465-1-r968luhvsh774gsyi3zl5hjg4zzofextjpwe5eoq5s.jpg\" alt=\"8B2-players-teeing-off-DSC_5977-605x465\" \/><\/figure><\/div><div class=\"swiper-slide\" role=\"group\" aria-roledescription=\"slide\" aria-label=\"4 sur 7\"><figure class=\"swiper-slide-inner\"><img decoding=\"async\" class=\"swiper-slide-image\" src=\"https:\/\/golf-thaitour.com\/wp-content\/uploads\/elementor\/thumbs\/13New-cart-paths-DSC_3298-605x465-1-r968lvfpzb8hg2rlcme7pzawqdv1n41jvujvmonbzk.jpg\" alt=\"13New-cart-paths-DSC_3298-605x465\" \/><\/figure><\/div><div class=\"swiper-slide\" role=\"group\" aria-roledescription=\"slide\" aria-label=\"5 sur 7\"><figure class=\"swiper-slide-inner\"><img decoding=\"async\" class=\"swiper-slide-image\" src=\"https:\/\/golf-thaitour.com\/wp-content\/uploads\/elementor\/thumbs\/10B6-no-players-DSC_3251-605x465-1-r968luhvsh774gsyi3zl5hjg4zzofextjpwe5eoq5s.jpg\" alt=\"10B6-no-players-DSC_3251-605x465\" \/><\/figure><\/div><div class=\"swiper-slide\" role=\"group\" aria-roledescription=\"slide\" aria-label=\"6 sur 7\"><figure class=\"swiper-slide-inner\"><img decoding=\"async\" class=\"swiper-slide-image\" src=\"https:\/\/golf-thaitour.com\/wp-content\/uploads\/elementor\/thumbs\/19lake-rb9h5a3slrix7ztekqh34bqi649fspowkpfvy9fyb4.jpg\" alt=\"19lake\" \/><\/figure><\/div><div class=\"swiper-slide\" role=\"group\" aria-roledescription=\"slide\" aria-label=\"7 sur 7\"><figure class=\"swiper-slide-inner\"><img decoding=\"async\" class=\"swiper-slide-image\" src=\"https:\/\/golf-thaitour.com\/wp-content\/uploads\/elementor\/thumbs\/DSC_6368_Mid_res-605x465-1-rb9h5bzgzflhv7qo9rac9b9fcw0683wd8yquwtd5yo.jpg\" alt=\"DSC_6368_Mid_res-605x465\" \/><\/figure><\/div>\t\t\t<\/div>\n\t\t\t\t\t\t\t\n\t\t\t\t\t\t\t\t\t<div class=\"swiper-pagination\"><\/div>\n\t\t\t\t\t\t\t\t\t<\/div>\n\t\t\t\t\t\t<\/div>\n\t\t\t\t<\/div>\n\t\t\t\t<div class=\"elementor-element elementor-element-f7b0334 elementor-widget elementor-widget-image\" data-id=\"f7b0334\" data-element_type=\"widget\" data-widget_type=\"image.default\">\n\t\t\t\t<div class=\"elementor-widget-container\">\n\t\t\t\t\t\t\t\t\t\t\t\t\t\t\t<img fetchpriority=\"high\" decoding=\"async\" width=\"684\" height=\"300\" src=\"https:\/\/golf-thaitour.com\/wp-content\/uploads\/2025\/07\/Majestic_Logo-1-684x300-1.png\" class=\"attachment-large size-large wp-image-1674\" alt=\"\" srcset=\"https:\/\/golf-thaitour.com\/wp-content\/uploads\/2025\/07\/Majestic_Logo-1-684x300-1.png 684w, https:\/\/golf-thaitour.com\/wp-content\/uploads\/2025\/07\/Majestic_Logo-1-684x300-1-300x132.png 300w\" sizes=\"(max-width: 684px) 100vw, 684px\" \/>\t\t\t\t\t\t\t\t\t\t\t\t\t\t\t<\/div>\n\t\t\t\t<\/div>\n\t\t\t\t<div class=\"elementor-element elementor-element-45a68883 elementor-widget elementor-widget-spacer\" data-id=\"45a68883\" data-element_type=\"widget\" data-widget_type=\"spacer.default\">\n\t\t\t\t<div class=\"elementor-widget-container\">\n\t\t\t\t\t\t\t<div class=\"elementor-spacer\">\n\t\t\t<div class=\"elementor-spacer-inner\"><\/div>\n\t\t<\/div>\n\t\t\t\t\t\t<\/div>\n\t\t\t\t<\/div>\n\t\t\t\t\t<\/div>\n\t\t<\/div>\n\t\t\t\t\t<\/div>\n\t\t<\/section>\n\t\t\t\t<\/div>\n\t\t","protected":false},"excerpt":{"rendered":"<p>MAJESTIC CREEK COUNTRY CLUB Le Majestic Creek Country Club est un parcours exigeant, class\u00e9 par un magazine de golf allemand comme le meilleur de Hua Hin \u2014 une opinion partag\u00e9e par de nombreux habitants et expatri\u00e9s. Con\u00e7u par le Dr Sukkitti Klangvisai, architecte tha\u00eflandais exp\u00e9riment\u00e9 \u00e9galement responsable du Loch Palm de Phuket, il a fait [&hellip;]<\/p>\n","protected":false},"author":1,"featured_media":0,"parent":0,"menu_order":0,"comment_status":"closed","ping_status":"closed","template":"elementor_header_footer","meta":{"footnotes":""},"folder":[21],"class_list":["post-1636","page","type-page","status-publish","hentry"],"_links":{"self":[{"href":"https:\/\/golf-thaitour.com\/fr_fr\/wp-json\/wp\/v2\/pages\/1636","targetHints":{"allow":["GET"]}}],"collection":[{"href":"https:\/\/golf-thaitour.com\/fr_fr\/wp-json\/wp\/v2\/pages"}],"about":[{"href":"https:\/\/golf-thaitour.com\/fr_fr\/wp-json\/wp\/v2\/types\/page"}],"author":[{"embeddable":true,"href":"https:\/\/golf-thaitour.com\/fr_fr\/wp-json\/wp\/v2\/users\/1"}],"replies":[{"embeddable":true,"href":"https:\/\/golf-thaitour.com\/fr_fr\/wp-json\/wp\/v2\/comments?post=1636"}],"version-history":[{"count":35,"href":"https:\/\/golf-thaitour.com\/fr_fr\/wp-json\/wp\/v2\/pages\/1636\/revisions"}],"predecessor-version":[{"id":5645,"href":"https:\/\/golf-thaitour.com\/fr_fr\/wp-json\/wp\/v2\/pages\/1636\/revisions\/5645"}],"wp:attachment":[{"href":"https:\/\/golf-thaitour.com\/fr_fr\/wp-json\/wp\/v2\/media?parent=1636"}],"wp:term":[{"taxonomy":"folder","embeddable":true,"href":"https:\/\/golf-thaitour.com\/fr_fr\/wp-json\/wp\/v2\/folder?post=1636"}],"curies":[{"name":"wp","href":"https:\/\/api.w.org\/{rel}","templated":true}]}}