{"id":1635,"date":"2025-07-22T14:21:13","date_gmt":"2025-07-22T14:21:13","guid":{"rendered":"https:\/\/golf-thaitour.com\/?page_id=1635"},"modified":"2025-09-03T09:02:04","modified_gmt":"2025-09-03T09:02:04","slug":"pineapple-golf-course","status":"publish","type":"page","link":"https:\/\/golf-thaitour.com\/fr_fr\/pineapple-golf-course\/","title":{"rendered":"PINEAPPLE\u00a0GOLF\u00a0COURSE"},"content":{"rendered":"\t\t<div data-elementor-type=\"wp-page\" data-elementor-id=\"1635\" class=\"elementor elementor-1635\" data-elementor-post-type=\"page\">\n\t\t\t\t\t\t<section class=\"elementor-section elementor-top-section elementor-element elementor-element-5812d857 elementor-section-height-min-height elementor-section-boxed elementor-section-height-default elementor-section-items-middle\" data-id=\"5812d857\" data-element_type=\"section\" data-settings=\"{&quot;background_background&quot;:&quot;classic&quot;}\">\n\t\t\t\t\t\t\t<div class=\"elementor-background-overlay\"><\/div>\n\t\t\t\t\t\t\t<div class=\"elementor-container elementor-column-gap-no\">\n\t\t\t\t\t<div class=\"elementor-column elementor-col-100 elementor-top-column elementor-element elementor-element-60047a04\" data-id=\"60047a04\" data-element_type=\"column\">\n\t\t\t<div class=\"elementor-widget-wrap elementor-element-populated\">\n\t\t\t\t\t\t<div class=\"elementor-element elementor-element-20bd01a4 elementor-widget elementor-widget-heading\" data-id=\"20bd01a4\" data-element_type=\"widget\" data-widget_type=\"heading.default\">\n\t\t\t\t<div class=\"elementor-widget-container\">\n\t\t\t\t\t<h1 class=\"elementor-heading-title elementor-size-default\">PINEAPPLE\u00a0GOLF\u00a0COURSE<\/h1>\t\t\t\t<\/div>\n\t\t\t\t<\/div>\n\t\t\t\t\t<\/div>\n\t\t<\/div>\n\t\t\t\t\t<\/div>\n\t\t<\/section>\n\t\t\t\t<section class=\"elementor-section elementor-top-section elementor-element elementor-element-598be00c elementor-section-boxed elementor-section-height-default elementor-section-height-default\" data-id=\"598be00c\" data-element_type=\"section\">\n\t\t\t\t\t\t<div class=\"elementor-container elementor-column-gap-default\">\n\t\t\t\t\t<div class=\"elementor-column elementor-col-100 elementor-top-column elementor-element elementor-element-4e918b04\" data-id=\"4e918b04\" data-element_type=\"column\">\n\t\t\t<div class=\"elementor-widget-wrap elementor-element-populated\">\n\t\t\t\t\t\t<div class=\"elementor-element elementor-element-3d54c94e elementor-widget elementor-widget-text-editor\" data-id=\"3d54c94e\" data-element_type=\"widget\" data-widget_type=\"text-editor.default\">\n\t\t\t\t<div class=\"elementor-widget-container\">\n\t\t\t\t\t\t\t\t\t<p data-start=\"88\" data-end=\"403\">Le <strong data-start=\"91\" data-end=\"129\">Pineapple Valley Golf Club Hua Hin<\/strong> offre l\u2019une des exp\u00e9riences de golf les plus exceptionnelles d\u2019Asie. Con\u00e7u par Pirapon Namatra, le plus grand architecte de golf de Tha\u00eflande, le parcours a \u00e9t\u00e9 soigneusement dessin\u00e9 pour \u00e9pouser les contours naturels du terrain, autrefois d\u00e9di\u00e9 \u00e0 la culture de l\u2019ananas.<\/p><p data-start=\"405\" data-end=\"774\">Depuis son ouverture en 2009, Pineapple Valley a acquis une reconnaissance internationale remarquable : il a \u00e9t\u00e9 plusieurs fois r\u00e9compens\u00e9 comme la \u00ab meilleure exp\u00e9rience de club de golf en Asie-Pacifique \u00bb, class\u00e9 parmi les \u00ab 1 000 meilleurs parcours du monde \u00bb par Rolex, et \u00e9lu meilleur club de golf de Tha\u00eflande en 2023 par plus de 15 000 golfeurs internationaux.<\/p><p data-start=\"776\" data-end=\"1125\">Id\u00e9alement situ\u00e9 \u00e0 quelques minutes en voiture des plages et du centre de Hua Hin, le parcours s\u00e9duit autant par ses conditions de jeu impeccables que par son trac\u00e9 strat\u00e9gique, con\u00e7u pour mettre \u00e0 l\u2019\u00e9preuve les golfeurs de tous niveaux. Ses panoramas spectaculaires sur la mer et les montagnes environnantes compl\u00e8tent une exp\u00e9rience inoubliable.<\/p>\t\t\t\t\t\t\t\t<\/div>\n\t\t\t\t<\/div>\n\t\t\t\t<div class=\"elementor-element elementor-element-9e0afcd elementor-widget elementor-widget-heading\" data-id=\"9e0afcd\" data-element_type=\"widget\" data-widget_type=\"heading.default\">\n\t\t\t\t<div class=\"elementor-widget-container\">\n\t\t\t\t\t<h2 class=\"elementor-heading-title elementor-size-default\">CLUB HOUSE AND FACILITIES<\/h2>\t\t\t\t<\/div>\n\t\t\t\t<\/div>\n\t\t\t\t<div class=\"elementor-element elementor-element-7bcea1f elementor-widget elementor-widget-text-editor\" data-id=\"7bcea1f\" data-element_type=\"widget\" data-widget_type=\"text-editor.default\">\n\t\t\t\t<div class=\"elementor-widget-container\">\n\t\t\t\t\t\t\t\t\t<p data-start=\"82\" data-end=\"464\">Le <strong data-start=\"85\" data-end=\"119\">clubhouse de style tha\u00eflandais<\/strong> dispose de vestiaires luxueux et d\u2019un pro shop enti\u00e8rement \u00e9quip\u00e9. Apr\u00e8s leur partie, les joueurs peuvent se d\u00e9tendre au restaurant <em data-start=\"252\" data-end=\"265\">The Terrace<\/em>, qui propose en continu une cuisine asiatique et internationale, ou admirer le coucher du soleil depuis le <em data-start=\"373\" data-end=\"389\">Mulligan\u2019s Pub<\/em>, largement consid\u00e9r\u00e9 comme le 19e trou le plus pittoresque de Tha\u00eflande.<\/p><p data-start=\"466\" data-end=\"743\">Les golfeurs profitent \u00e9galement d\u2019excellentes installations d\u2019entra\u00eenement, avec un practice sur gazon naturel et des zones sp\u00e9cialement d\u00e9di\u00e9es au jeu court. Les buggys, \u00e9quip\u00e9s des derni\u00e8res technologies GPS, viennent parfaire l\u2019exp\u00e9rience en alliant confort et modernit\u00e9.<\/p>\t\t\t\t\t\t\t\t<\/div>\n\t\t\t\t<\/div>\n\t\t\t\t\t<\/div>\n\t\t<\/div>\n\t\t\t\t\t<\/div>\n\t\t<\/section>\n\t\t\t\t<section class=\"elementor-section elementor-top-section elementor-element elementor-element-20d3f981 elementor-section-boxed elementor-section-height-default elementor-section-height-default\" data-id=\"20d3f981\" data-element_type=\"section\" data-settings=\"{&quot;background_background&quot;:&quot;classic&quot;}\">\n\t\t\t\t\t\t\t<div class=\"elementor-background-overlay\"><\/div>\n\t\t\t\t\t\t\t<div class=\"elementor-container elementor-column-gap-default\">\n\t\t\t\t\t<div class=\"elementor-column elementor-col-100 elementor-top-column elementor-element elementor-element-e093f3e\" data-id=\"e093f3e\" data-element_type=\"column\" data-settings=\"{&quot;background_background&quot;:&quot;classic&quot;}\">\n\t\t\t<div class=\"elementor-widget-wrap elementor-element-populated\">\n\t\t\t\t\t\t<div class=\"elementor-element elementor-element-2fd0311b elementor-pagination-position-outside elementor-widget elementor-widget-image-carousel\" data-id=\"2fd0311b\" data-element_type=\"widget\" data-settings=\"{&quot;slides_to_show&quot;:&quot;3&quot;,&quot;slides_to_scroll&quot;:&quot;1&quot;,&quot;navigation&quot;:&quot;dots&quot;,&quot;autoplay_speed&quot;:6000,&quot;image_spacing_custom&quot;:{&quot;unit&quot;:&quot;px&quot;,&quot;size&quot;:30,&quot;sizes&quot;:[]},&quot;autoplay&quot;:&quot;yes&quot;,&quot;pause_on_hover&quot;:&quot;yes&quot;,&quot;pause_on_interaction&quot;:&quot;yes&quot;,&quot;infinite&quot;:&quot;yes&quot;,&quot;speed&quot;:500,&quot;image_spacing_custom_tablet&quot;:{&quot;unit&quot;:&quot;px&quot;,&quot;size&quot;:&quot;&quot;,&quot;sizes&quot;:[]},&quot;image_spacing_custom_mobile&quot;:{&quot;unit&quot;:&quot;px&quot;,&quot;size&quot;:&quot;&quot;,&quot;sizes&quot;:[]}}\" data-widget_type=\"image-carousel.default\">\n\t\t\t\t<div class=\"elementor-widget-container\">\n\t\t\t\t\t\t\t<div class=\"elementor-image-carousel-wrapper swiper\" role=\"region\" aria-roledescription=\"carousel\" aria-label=\"Carrousel d\u2019images\" dir=\"ltr\">\n\t\t\t<div class=\"elementor-image-carousel swiper-wrapper swiper-image-stretch\" aria-live=\"off\">\n\t\t\t\t\t\t\t\t<div class=\"swiper-slide\" role=\"group\" aria-roledescription=\"slide\" aria-label=\"1 \u0e02\u0e2d\u0e07 11\"><figure class=\"swiper-slide-inner\"><img decoding=\"async\" class=\"swiper-slide-image\" src=\"https:\/\/golf-thaitour.com\/wp-content\/uploads\/elementor\/thumbs\/20250509_144041-scaled-r96e4hq0414ops9ejz583cybkgw74njoux6hak5j74.jpg\" alt=\"20250509_144041\" \/><\/figure><\/div><div class=\"swiper-slide\" role=\"group\" aria-roledescription=\"slide\" aria-label=\"2 \u0e02\u0e2d\u0e07 11\"><figure class=\"swiper-slide-inner\"><img decoding=\"async\" class=\"swiper-slide-image\" src=\"https:\/\/golf-thaitour.com\/wp-content\/uploads\/elementor\/thumbs\/20250509_144031-scaled-r96e4ewhjj0tqydi0fxcdvnxsba3hk8huj80uq9pps.jpg\" alt=\"20250509_144031\" \/><\/figure><\/div><div class=\"swiper-slide\" role=\"group\" aria-roledescription=\"slide\" aria-label=\"3 \u0e02\u0e2d\u0e07 11\"><figure class=\"swiper-slide-inner\"><img decoding=\"async\" class=\"swiper-slide-image\" src=\"https:\/\/golf-thaitour.com\/wp-content\/uploads\/elementor\/thumbs\/20250501_100402-scaled-r96e4c2yz0wys4hlgwpgoedk05nzugxau59kewdw8g.jpg\" alt=\"20250501_100402\" \/><\/figure><\/div><div class=\"swiper-slide\" role=\"group\" aria-roledescription=\"slide\" aria-label=\"4 \u0e02\u0e2d\u0e07 11\"><figure class=\"swiper-slide-inner\"><img decoding=\"async\" class=\"swiper-slide-image\" src=\"https:\/\/golf-thaitour.com\/wp-content\/uploads\/elementor\/thumbs\/20250501_082427-scaled-r96e47ds0uqj62of8cobtxk918b5rzen5i050ikv3k.jpg\" alt=\"20250501_082427\" \/><\/figure><\/div><div class=\"swiper-slide\" role=\"group\" aria-roledescription=\"slide\" aria-label=\"5 \u0e02\u0e2d\u0e07 11\"><figure class=\"swiper-slide-inner\"><img decoding=\"async\" class=\"swiper-slide-image\" src=\"https:\/\/golf-thaitour.com\/wp-content\/uploads\/elementor\/thumbs\/20250501_074233-scaled-r96e41qqvuit8ewm5a8keyzhgx2yhss94q384ut84w.jpg\" alt=\"20250501_074233\" \/><\/figure><\/div><div class=\"swiper-slide\" role=\"group\" aria-roledescription=\"slide\" aria-label=\"6 \u0e02\u0e2d\u0e07 11\"><figure class=\"swiper-slide-inner\"><img decoding=\"async\" class=\"swiper-slide-image\" src=\"https:\/\/golf-thaitour.com\/wp-content\/uploads\/elementor\/thumbs\/20250501_073102-scaled-r96e3xze4idnxz22r8m24zxn3dlhn0dbs7ha7qysts.jpg\" alt=\"20250501_073102\" \/><\/figure><\/div><div class=\"swiper-slide\" role=\"group\" aria-roledescription=\"slide\" aria-label=\"7 \u0e02\u0e2d\u0e07 11\"><figure class=\"swiper-slide-inner\"><img decoding=\"async\" class=\"swiper-slide-image\" src=\"https:\/\/golf-thaitour.com\/wp-content\/uploads\/elementor\/thumbs\/20250509_163812-scaled-r96e3u81d68inj7jd6zjv0vspu40s7yefovcan4dio.jpg\" alt=\"20250509_163812\" \/><\/figure><\/div><div class=\"swiper-slide\" role=\"group\" aria-roledescription=\"slide\" aria-label=\"8 \u0e02\u0e2d\u0e07 11\"><figure class=\"swiper-slide-inner\"><img decoding=\"async\" class=\"swiper-slide-image\" src=\"https:\/\/golf-thaitour.com\/wp-content\/uploads\/elementor\/thumbs\/20250509_163426-scaled-r96e3piuf0231hed4myf0k2hqwr6pqfqr1lww9bcds.jpg\" alt=\"20250509_163426\" \/><\/figure><\/div><div class=\"swiper-slide\" role=\"group\" aria-roledescription=\"slide\" aria-label=\"9 \u0e02\u0e2d\u0e07 11\"><figure class=\"swiper-slide-inner\"><img decoding=\"async\" class=\"swiper-slide-image\" src=\"https:\/\/golf-thaitour.com\/wp-content\/uploads\/elementor\/thumbs\/20250509_163127-scaled-r96e3mpbuhy82nigl3qjb2s3yr532n4jqnnggffiwg.jpg\" alt=\"20250509_163127\" \/><\/figure><\/div><div class=\"swiper-slide\" role=\"group\" aria-roledescription=\"slide\" aria-label=\"10 \u0e02\u0e2d\u0e07 11\"><figure class=\"swiper-slide-inner\"><img decoding=\"async\" class=\"swiper-slide-image\" src=\"https:\/\/golf-thaitour.com\/wp-content\/uploads\/elementor\/thumbs\/20250509_162630-scaled-r96e3ixz35t2s7nx724113q9l7nm7upme51ijbl3lc.jpg\" alt=\"20250509_162630\" \/><\/figure><\/div><div class=\"swiper-slide\" role=\"group\" aria-roledescription=\"slide\" aria-label=\"11 \u0e02\u0e2d\u0e07 11\"><figure class=\"swiper-slide-inner\"><img decoding=\"async\" class=\"swiper-slide-image\" src=\"https:\/\/golf-thaitour.com\/wp-content\/uploads\/elementor\/thumbs\/20250509_162621-scaled-r96e3daxy5lcujw43zo9m55i0wfexo38dd4lnntgmo.jpg\" alt=\"20250509_162621\" \/><\/figure><\/div>\t\t\t<\/div>\n\t\t\t\t\t\t\t\n\t\t\t\t\t\t\t\t\t<div class=\"swiper-pagination\"><\/div>\n\t\t\t\t\t\t\t\t\t<\/div>\n\t\t\t\t\t\t<\/div>\n\t\t\t\t<\/div>\n\t\t\t\t<div class=\"elementor-element elementor-element-ca23096 elementor-widget elementor-widget-image\" data-id=\"ca23096\" data-element_type=\"widget\" data-widget_type=\"image.default\">\n\t\t\t\t<div class=\"elementor-widget-container\">\n\t\t\t\t\t\t\t\t\t\t\t\t\t\t\t<img fetchpriority=\"high\" decoding=\"async\" width=\"269\" height=\"300\" src=\"https:\/\/golf-thaitour.com\/wp-content\/uploads\/2025\/07\/Pneapple-Valley-logo-with-colour-code-01-1378x1536-1-269x300.png\" class=\"attachment-medium size-medium wp-image-1917\" alt=\"\" srcset=\"https:\/\/golf-thaitour.com\/wp-content\/uploads\/2025\/07\/Pneapple-Valley-logo-with-colour-code-01-1378x1536-1-269x300.png 269w, https:\/\/golf-thaitour.com\/wp-content\/uploads\/2025\/07\/Pneapple-Valley-logo-with-colour-code-01-1378x1536-1-919x1024.png 919w, https:\/\/golf-thaitour.com\/wp-content\/uploads\/2025\/07\/Pneapple-Valley-logo-with-colour-code-01-1378x1536-1-768x856.png 768w, https:\/\/golf-thaitour.com\/wp-content\/uploads\/2025\/07\/Pneapple-Valley-logo-with-colour-code-01-1378x1536-1.png 1378w\" sizes=\"(max-width: 269px) 100vw, 269px\" \/>\t\t\t\t\t\t\t\t\t\t\t\t\t\t\t<\/div>\n\t\t\t\t<\/div>\n\t\t\t\t<div class=\"elementor-element elementor-element-59376e3d elementor-widget elementor-widget-spacer\" data-id=\"59376e3d\" data-element_type=\"widget\" data-widget_type=\"spacer.default\">\n\t\t\t\t<div class=\"elementor-widget-container\">\n\t\t\t\t\t\t\t<div class=\"elementor-spacer\">\n\t\t\t<div class=\"elementor-spacer-inner\"><\/div>\n\t\t<\/div>\n\t\t\t\t\t\t<\/div>\n\t\t\t\t<\/div>\n\t\t\t\t\t<\/div>\n\t\t<\/div>\n\t\t\t\t\t<\/div>\n\t\t<\/section>\n\t\t\t\t<\/div>\n\t\t","protected":false},"excerpt":{"rendered":"<p>PINEAPPLE\u00a0GOLF\u00a0COURSE Le Pineapple Valley Golf Club Hua Hin offre l\u2019une des exp\u00e9riences de golf les plus exceptionnelles d\u2019Asie. Con\u00e7u par Pirapon Namatra, le plus grand architecte de golf de Tha\u00eflande, le parcours a \u00e9t\u00e9 soigneusement dessin\u00e9 pour \u00e9pouser les contours naturels du terrain, autrefois d\u00e9di\u00e9 \u00e0 la culture de l\u2019ananas. Depuis son ouverture en 2009, [&hellip;]<\/p>\n","protected":false},"author":1,"featured_media":0,"parent":0,"menu_order":0,"comment_status":"closed","ping_status":"closed","template":"","meta":{"footnotes":""},"folder":[21],"class_list":["post-1635","page","type-page","status-publish","hentry"],"_links":{"self":[{"href":"https:\/\/golf-thaitour.com\/fr_fr\/wp-json\/wp\/v2\/pages\/1635","targetHints":{"allow":["GET"]}}],"collection":[{"href":"https:\/\/golf-thaitour.com\/fr_fr\/wp-json\/wp\/v2\/pages"}],"about":[{"href":"https:\/\/golf-thaitour.com\/fr_fr\/wp-json\/wp\/v2\/types\/page"}],"author":[{"embeddable":true,"href":"https:\/\/golf-thaitour.com\/fr_fr\/wp-json\/wp\/v2\/users\/1"}],"replies":[{"embeddable":true,"href":"https:\/\/golf-thaitour.com\/fr_fr\/wp-json\/wp\/v2\/comments?post=1635"}],"version-history":[{"count":23,"href":"https:\/\/golf-thaitour.com\/fr_fr\/wp-json\/wp\/v2\/pages\/1635\/revisions"}],"predecessor-version":[{"id":5532,"href":"https:\/\/golf-thaitour.com\/fr_fr\/wp-json\/wp\/v2\/pages\/1635\/revisions\/5532"}],"wp:attachment":[{"href":"https:\/\/golf-thaitour.com\/fr_fr\/wp-json\/wp\/v2\/media?parent=1635"}],"wp:term":[{"taxonomy":"folder","embeddable":true,"href":"https:\/\/golf-thaitour.com\/fr_fr\/wp-json\/wp\/v2\/folder?post=1635"}],"curies":[{"name":"wp","href":"https:\/\/api.w.org\/{rel}","templated":true}]}}