{"id":1634,"date":"2025-07-22T14:21:04","date_gmt":"2025-07-22T14:21:04","guid":{"rendered":"https:\/\/golf-thaitour.com\/?page_id=1634"},"modified":"2025-09-04T13:16:44","modified_gmt":"2025-09-04T13:16:44","slug":"seapines-golf-course-vue-mer","status":"publish","type":"page","link":"https:\/\/golf-thaitour.com\/fr_fr\/seapines-golf-course-vue-mer\/","title":{"rendered":"SEAPINES GOLF COURSE"},"content":{"rendered":"\t\t<div data-elementor-type=\"wp-page\" data-elementor-id=\"1634\" class=\"elementor elementor-1634\" data-elementor-post-type=\"page\">\n\t\t\t\t\t\t<section class=\"elementor-section elementor-top-section elementor-element elementor-element-3c5c1fe9 elementor-section-height-min-height elementor-section-boxed elementor-section-height-default elementor-section-items-middle\" data-id=\"3c5c1fe9\" data-element_type=\"section\" data-settings=\"{&quot;background_background&quot;:&quot;classic&quot;}\">\n\t\t\t\t\t\t\t<div class=\"elementor-background-overlay\"><\/div>\n\t\t\t\t\t\t\t<div class=\"elementor-container elementor-column-gap-no\">\n\t\t\t\t\t<div class=\"elementor-column elementor-col-100 elementor-top-column elementor-element elementor-element-181321df\" data-id=\"181321df\" data-element_type=\"column\">\n\t\t\t<div class=\"elementor-widget-wrap elementor-element-populated\">\n\t\t\t\t\t\t<div class=\"elementor-element elementor-element-74f3fe19 elementor-widget elementor-widget-heading\" data-id=\"74f3fe19\" data-element_type=\"widget\" data-widget_type=\"heading.default\">\n\t\t\t\t<div class=\"elementor-widget-container\">\n\t\t\t\t\t<h1 class=\"elementor-heading-title elementor-size-default\">SEAPINES GOLF COURSE<\/h1>\t\t\t\t<\/div>\n\t\t\t\t<\/div>\n\t\t\t\t\t<\/div>\n\t\t<\/div>\n\t\t\t\t\t<\/div>\n\t\t<\/section>\n\t\t\t\t<section class=\"elementor-section elementor-top-section elementor-element elementor-element-43cd865b elementor-section-boxed elementor-section-height-default elementor-section-height-default\" data-id=\"43cd865b\" data-element_type=\"section\">\n\t\t\t\t\t\t<div class=\"elementor-container elementor-column-gap-default\">\n\t\t\t\t\t<div class=\"elementor-column elementor-col-100 elementor-top-column elementor-element elementor-element-5c802d16\" data-id=\"5c802d16\" data-element_type=\"column\">\n\t\t\t<div class=\"elementor-widget-wrap elementor-element-populated\">\n\t\t\t\t\t\t<div class=\"elementor-element elementor-element-69ba7814 elementor-widget elementor-widget-text-editor\" data-id=\"69ba7814\" data-element_type=\"widget\" data-widget_type=\"text-editor.default\">\n\t\t\t\t<div class=\"elementor-widget-container\">\n\t\t\t\t\t\t\t\t\t<p data-start=\"93\" data-end=\"470\">Le parcours de golf <strong data-start=\"113\" data-end=\"126\">Sea Pines<\/strong> (\u00e9galement connu sous le nom de <em data-start=\"159\" data-end=\"178\">Army Golf Club II<\/em>) longe le golfe de Tha\u00eflande, au c\u0153ur du <strong data-start=\"220\" data-end=\"242\">Suan Son Pradiphat<\/strong> (le jardin des pins maritimes). \u00c0 l\u2019origine propri\u00e9t\u00e9 du D\u00e9partement royal des for\u00eats, le site fut repris par l\u2019arm\u00e9e royale tha\u00eflandaise sous le r\u00e8gne du mar\u00e9chal Sarit Thanarat, Premier ministre de Tha\u00eflande de 1957 \u00e0 1963.<\/p><p data-start=\"472\" data-end=\"733\">La majeure partie du domaine est recouverte de pins \u00e0 crochets, magnifi\u00e9s par la proximit\u00e9 de l\u2019oc\u00e9an et des montagnes. \u00c0 l\u2019origine, l\u2019arm\u00e9e avait am\u00e9nag\u00e9 l\u2019endroit comme lieu de retraite pour les soldats en service, les anciens combattants et leurs familles.<\/p><p data-start=\"735\" data-end=\"1053\">Le parcours de Sea Pines a \u00e9t\u00e9 con\u00e7u pour offrir aux golfeurs une grande vari\u00e9t\u00e9 de d\u00e9fis. Selon les conditions de vent, il peut sembler relativement accessible ou devenir particuli\u00e8rement exigeant. Six trous se jouent en bord de mer, tandis que les autres s\u2019\u00e9tendent vers les montagnes, s\u00e9par\u00e9es par la voie ferr\u00e9e.<\/p><p data-start=\"1055\" data-end=\"1344\">Le <strong data-start=\"1058\" data-end=\"1070\">12e trou<\/strong>, un par 5, compte parmi les plus difficiles : prot\u00e9g\u00e9 par des bunkers de fairway et un obstacle d\u2019eau sur la droite, il pr\u00e9sente \u00e9galement un petit bunker au milieu du fairway. Ce dernier force le joueur \u00e0 choisir entre un drive risqu\u00e9 ou une approche prudente en lay-up.<\/p><p data-start=\"1346\" data-end=\"1476\">En fin de parcours, la <strong data-start=\"1369\" data-end=\"1385\">brise marine<\/strong> entre en jeu, rendant les trois derniers trous parmi les plus spectaculaires de Hua Hin.<\/p><ul data-start=\"1477\" data-end=\"2420\"><li data-start=\"1477\" data-end=\"1768\"><p data-start=\"1479\" data-end=\"1768\">Le <strong data-start=\"1482\" data-end=\"1494\">16e trou<\/strong>, un par 5 en dog-leg, impose un drive pr\u00e9cis sur un fairway \u00e9troit en contrebas, avec des obstacles d\u2019eau de part et d\u2019autre. L\u2019approche est d\u00e9cisive : attaquer le green en passant au-dessus de l\u2019eau et du bunker, ou opter pour un coup plus s\u00fbr vers la gauche du fairway.<\/p><\/li><li data-start=\"1769\" data-end=\"2111\"><p data-start=\"1771\" data-end=\"2111\">Le <strong data-start=\"1774\" data-end=\"1786\">17e trou<\/strong>, un par 3, est sans doute l\u2019un des plus beaux du parcours. Depuis le d\u00e9part, il faut survoler l\u2019eau pour atteindre un green large et ondul\u00e9, prot\u00e9g\u00e9 par des bunkers de plage \u00e0 l\u2019avant et \u00e0 l\u2019arri\u00e8re. Le vent et la position du drapeau rendent ce trou encore plus exigeant, la moindre erreur envoyant la balle dans le sable.<\/p><\/li><li data-start=\"2112\" data-end=\"2420\"><p data-start=\"2114\" data-end=\"2420\">Enfin, le <strong data-start=\"2124\" data-end=\"2136\">18e trou<\/strong>, un par 4, est consid\u00e9r\u00e9 comme l\u2019un des plus difficiles. Un canal constitue l\u2019obstacle principal et oblige \u00e0 r\u00e9ussir un drive de plus de 200 m\u00e8tres pour atteindre le fairway. Une approche prudente avec un bois de parcours reste toutefois une option s\u00fbre pour esp\u00e9rer sauver le par.<\/p><\/li><\/ul>\t\t\t\t\t\t\t\t<\/div>\n\t\t\t\t<\/div>\n\t\t\t\t<div class=\"elementor-element elementor-element-e420087 elementor-widget elementor-widget-heading\" data-id=\"e420087\" data-element_type=\"widget\" data-widget_type=\"heading.default\">\n\t\t\t\t<div class=\"elementor-widget-container\">\n\t\t\t\t\t<h2 class=\"elementor-heading-title elementor-size-default\">CLUB HOUSE AND FACILITIES<\/h2>\t\t\t\t<\/div>\n\t\t\t\t<\/div>\n\t\t\t\t<div class=\"elementor-element elementor-element-2bbd3a4 elementor-widget elementor-widget-text-editor\" data-id=\"2bbd3a4\" data-element_type=\"widget\" data-widget_type=\"text-editor.default\">\n\t\t\t\t<div class=\"elementor-widget-container\">\n\t\t\t\t\t\t\t\t\t<p>Un <strong data-start=\"71\" data-end=\"92\">clubhouse moderne<\/strong>, surplombant le golfe de Tha\u00eflande, accueille les visiteurs dans un cadre \u00e9l\u00e9gant et propose une excellente cuisine tha\u00eflandaise. Les caddies, comme partout en Tha\u00eflande, se distinguent par leurs pr\u00e9cieux conseils de jeu, rendant l\u2019exp\u00e9rience encore plus agr\u00e9able et m\u00e9morable.<\/p>\t\t\t\t\t\t\t\t<\/div>\n\t\t\t\t<\/div>\n\t\t\t\t\t<\/div>\n\t\t<\/div>\n\t\t\t\t\t<\/div>\n\t\t<\/section>\n\t\t\t\t<section class=\"elementor-section elementor-top-section elementor-element elementor-element-43bdc75e elementor-section-boxed elementor-section-height-default elementor-section-height-default\" data-id=\"43bdc75e\" data-element_type=\"section\" data-settings=\"{&quot;background_background&quot;:&quot;classic&quot;}\">\n\t\t\t\t\t\t\t<div class=\"elementor-background-overlay\"><\/div>\n\t\t\t\t\t\t\t<div class=\"elementor-container elementor-column-gap-default\">\n\t\t\t\t\t<div class=\"elementor-column elementor-col-100 elementor-top-column elementor-element elementor-element-169875\" data-id=\"169875\" data-element_type=\"column\" data-settings=\"{&quot;background_background&quot;:&quot;classic&quot;}\">\n\t\t\t<div class=\"elementor-widget-wrap elementor-element-populated\">\n\t\t\t\t\t\t<div class=\"elementor-element elementor-element-50e8b1de elementor-pagination-position-outside elementor-widget elementor-widget-image-carousel\" data-id=\"50e8b1de\" data-element_type=\"widget\" data-settings=\"{&quot;slides_to_show&quot;:&quot;3&quot;,&quot;slides_to_scroll&quot;:&quot;1&quot;,&quot;navigation&quot;:&quot;dots&quot;,&quot;autoplay_speed&quot;:6000,&quot;image_spacing_custom&quot;:{&quot;unit&quot;:&quot;px&quot;,&quot;size&quot;:30,&quot;sizes&quot;:[]},&quot;autoplay&quot;:&quot;yes&quot;,&quot;pause_on_hover&quot;:&quot;yes&quot;,&quot;pause_on_interaction&quot;:&quot;yes&quot;,&quot;infinite&quot;:&quot;yes&quot;,&quot;speed&quot;:500,&quot;image_spacing_custom_tablet&quot;:{&quot;unit&quot;:&quot;px&quot;,&quot;size&quot;:&quot;&quot;,&quot;sizes&quot;:[]},&quot;image_spacing_custom_mobile&quot;:{&quot;unit&quot;:&quot;px&quot;,&quot;size&quot;:&quot;&quot;,&quot;sizes&quot;:[]}}\" data-widget_type=\"image-carousel.default\">\n\t\t\t\t<div class=\"elementor-widget-container\">\n\t\t\t\t\t\t\t<div class=\"elementor-image-carousel-wrapper swiper\" role=\"region\" aria-roledescription=\"carousel\" aria-label=\"Carrousel d\u2019images\" dir=\"ltr\">\n\t\t\t<div class=\"elementor-image-carousel swiper-wrapper swiper-image-stretch\" aria-live=\"off\">\n\t\t\t\t\t\t\t\t<div class=\"swiper-slide\" role=\"group\" aria-roledescription=\"slide\" aria-label=\"1 sur 11\"><figure class=\"swiper-slide-inner\"><img decoding=\"async\" class=\"swiper-slide-image\" src=\"https:\/\/golf-thaitour.com\/wp-content\/uploads\/elementor\/thumbs\/20250508_122931-v-scaled-rb9gsctomrtzl0l91ncrc35c4dyqyjdrsqijealtv4.jpg\" alt=\"20250508_122931 v\" \/><\/figure><\/div><div class=\"swiper-slide\" role=\"group\" aria-roledescription=\"slide\" aria-label=\"2 sur 11\"><figure class=\"swiper-slide-inner\"><img decoding=\"async\" class=\"swiper-slide-image\" src=\"https:\/\/golf-thaitour.com\/wp-content\/uploads\/elementor\/thumbs\/20250508_123953-scaled-rb9gsigprs1piod24psir1q3op6y8q05tifg9ydgts.jpg\" alt=\"20250508_123953\" \/><\/figure><\/div><div class=\"swiper-slide\" role=\"group\" aria-roledescription=\"slide\" aria-label=\"3 sur 11\"><figure class=\"swiper-slide-inner\"><img decoding=\"async\" class=\"swiper-slide-image\" src=\"https:\/\/golf-thaitour.com\/wp-content\/uploads\/elementor\/thumbs\/20250508_122634-b-scaled-rb9gti6kzhelrux6c58cdspm9cawd7xymf7wigwi9c.jpg\" alt=\"20250508_122634 b\" \/><\/figure><\/div><div class=\"swiper-slide\" role=\"group\" aria-roledescription=\"slide\" aria-label=\"4 sur 11\"><figure class=\"swiper-slide-inner\"><img decoding=\"async\" class=\"swiper-slide-image\" src=\"https:\/\/golf-thaitour.com\/wp-content\/uploads\/elementor\/thumbs\/20250508_122032-scaled-rb9gtef8859ghf2my3lu3tnrvstfifj19wlyld22y8.jpg\" alt=\"20250508_122032\" \/><\/figure><\/div><div class=\"swiper-slide\" role=\"group\" aria-roledescription=\"slide\" aria-label=\"5 sur 11\"><figure class=\"swiper-slide-inner\"><img decoding=\"async\" class=\"swiper-slide-image\" src=\"https:\/\/golf-thaitour.com\/wp-content\/uploads\/elementor\/thumbs\/20250508_122024-scaled-rb9gtanvgt4b6z83k1zbtulxi9bynn43xe00o97nn4.jpg\" alt=\"20250508_122024\" \/><\/figure><\/div><div class=\"swiper-slide\" role=\"group\" aria-roledescription=\"slide\" aria-label=\"6 sur 11\"><figure class=\"swiper-slide-inner\"><img decoding=\"async\" class=\"swiper-slide-image\" src=\"https:\/\/golf-thaitour.com\/wp-content\/uploads\/elementor\/thumbs\/20250508_122016-b-scaled-rb9gt6wipgz5wjdk60ctjvk34puhsup6kve2r5d8c0.jpg\" alt=\"20250508_122016 b\" \/><\/figure><\/div><div class=\"swiper-slide\" role=\"group\" aria-roledescription=\"slide\" aria-label=\"7 sur 11\"><figure class=\"swiper-slide-inner\"><img decoding=\"async\" class=\"swiper-slide-image\" src=\"https:\/\/golf-thaitour.com\/wp-content\/uploads\/elementor\/thumbs\/20250508_121856-scaled-rb9gt355y4u0m3j0ryqb9wi8r6d0y2a98cs4u1it0w.jpg\" alt=\"20250508_121856\" \/><\/figure><\/div><div class=\"swiper-slide\" role=\"group\" aria-roledescription=\"slide\" aria-label=\"8 sur 11\"><figure class=\"swiper-slide-inner\"><img decoding=\"async\" class=\"swiper-slide-image\" src=\"https:\/\/golf-thaitour.com\/wp-content\/uploads\/elementor\/thumbs\/20250508_124005-scaled-rb9gsn5wpy854q68d9tnlijenmjsb7iti5ovoc6hyo.jpg\" alt=\"20250508_124005\" \/><\/figure><\/div><div class=\"swiper-slide\" role=\"group\" aria-roledescription=\"slide\" aria-label=\"9 sur 11\"><figure class=\"swiper-slide-inner\"><img decoding=\"async\" class=\"swiper-slide-image\" src=\"https:\/\/golf-thaitour.com\/wp-content\/uploads\/elementor\/thumbs\/Seapine_2-rb9gspzfagc03k24wt1jaztsfs5vyau0ijnc462bg0.jpg\" alt=\"Seapine_2\" \/><\/figure><\/div><div class=\"swiper-slide\" role=\"group\" aria-roledescription=\"slide\" aria-label=\"10 sur 11\"><figure class=\"swiper-slide-inner\"><img decoding=\"async\" class=\"swiper-slide-image\" src=\"https:\/\/golf-thaitour.com\/wp-content\/uploads\/elementor\/thumbs\/Seapine1-1536x999-1-rb9gsssxuyfv2dy1gc9f0h467xrzle57ixlsjzy4xc.jpg\" alt=\"Seapine1-1536x999\" \/><\/figure><\/div><div class=\"swiper-slide\" role=\"group\" aria-roledescription=\"slide\" aria-label=\"11 sur 11\"><figure class=\"swiper-slide-inner\"><img decoding=\"async\" class=\"swiper-slide-image\" src=\"https:\/\/golf-thaitour.com\/wp-content\/uploads\/elementor\/thumbs\/20250508_121049-scaled-rb9gszdt6sovbnohdx3szxgedmvk39vbvu66wxodps.jpg\" alt=\"20250508_121049\" \/><\/figure><\/div>\t\t\t<\/div>\n\t\t\t\t\t\t\t\n\t\t\t\t\t\t\t\t\t<div class=\"swiper-pagination\"><\/div>\n\t\t\t\t\t\t\t\t\t<\/div>\n\t\t\t\t\t\t<\/div>\n\t\t\t\t<\/div>\n\t\t\t\t<div class=\"elementor-element elementor-element-53d7f3e elementor-widget elementor-widget-image\" data-id=\"53d7f3e\" data-element_type=\"widget\" data-widget_type=\"image.default\">\n\t\t\t\t<div class=\"elementor-widget-container\">\n\t\t\t\t\t\t\t\t\t\t\t\t\t\t\t<img decoding=\"async\" width=\"300\" height=\"141\" src=\"https:\/\/golf-thaitour.com\/wp-content\/uploads\/2025\/09\/Capture-decran-2025-09-02-a-16.51.27-300x141.png\" class=\"attachment-medium size-medium wp-image-5216\" alt=\"\" srcset=\"https:\/\/golf-thaitour.com\/wp-content\/uploads\/2025\/09\/Capture-decran-2025-09-02-a-16.51.27-300x141.png 300w, https:\/\/golf-thaitour.com\/wp-content\/uploads\/2025\/09\/Capture-decran-2025-09-02-a-16.51.27-18x8.png 18w, https:\/\/golf-thaitour.com\/wp-content\/uploads\/2025\/09\/Capture-decran-2025-09-02-a-16.51.27.png 688w\" sizes=\"(max-width: 300px) 100vw, 300px\" \/>\t\t\t\t\t\t\t\t\t\t\t\t\t\t\t<\/div>\n\t\t\t\t<\/div>\n\t\t\t\t<div class=\"elementor-element elementor-element-51fa9019 elementor-widget elementor-widget-spacer\" data-id=\"51fa9019\" data-element_type=\"widget\" data-widget_type=\"spacer.default\">\n\t\t\t\t<div class=\"elementor-widget-container\">\n\t\t\t\t\t\t\t<div class=\"elementor-spacer\">\n\t\t\t<div class=\"elementor-spacer-inner\"><\/div>\n\t\t<\/div>\n\t\t\t\t\t\t<\/div>\n\t\t\t\t<\/div>\n\t\t\t\t\t<\/div>\n\t\t<\/div>\n\t\t\t\t\t<\/div>\n\t\t<\/section>\n\t\t\t\t<\/div>\n\t\t","protected":false},"excerpt":{"rendered":"<p>SEAPINES GOLF COURSE Le parcours de golf Sea Pines (\u00e9galement connu sous le nom de Army Golf Club II) longe le golfe de Tha\u00eflande, au c\u0153ur du Suan Son Pradiphat (le jardin des pins maritimes). \u00c0 l\u2019origine propri\u00e9t\u00e9 du D\u00e9partement royal des for\u00eats, le site fut repris par l\u2019arm\u00e9e royale tha\u00eflandaise sous le r\u00e8gne du [&hellip;]<\/p>\n","protected":false},"author":1,"featured_media":0,"parent":0,"menu_order":0,"comment_status":"closed","ping_status":"closed","template":"elementor_header_footer","meta":{"footnotes":""},"folder":[21],"class_list":["post-1634","page","type-page","status-publish","hentry"],"_links":{"self":[{"href":"https:\/\/golf-thaitour.com\/fr_fr\/wp-json\/wp\/v2\/pages\/1634","targetHints":{"allow":["GET"]}}],"collection":[{"href":"https:\/\/golf-thaitour.com\/fr_fr\/wp-json\/wp\/v2\/pages"}],"about":[{"href":"https:\/\/golf-thaitour.com\/fr_fr\/wp-json\/wp\/v2\/types\/page"}],"author":[{"embeddable":true,"href":"https:\/\/golf-thaitour.com\/fr_fr\/wp-json\/wp\/v2\/users\/1"}],"replies":[{"embeddable":true,"href":"https:\/\/golf-thaitour.com\/fr_fr\/wp-json\/wp\/v2\/comments?post=1634"}],"version-history":[{"count":23,"href":"https:\/\/golf-thaitour.com\/fr_fr\/wp-json\/wp\/v2\/pages\/1634\/revisions"}],"predecessor-version":[{"id":5626,"href":"https:\/\/golf-thaitour.com\/fr_fr\/wp-json\/wp\/v2\/pages\/1634\/revisions\/5626"}],"wp:attachment":[{"href":"https:\/\/golf-thaitour.com\/fr_fr\/wp-json\/wp\/v2\/media?parent=1634"}],"wp:term":[{"taxonomy":"folder","embeddable":true,"href":"https:\/\/golf-thaitour.com\/fr_fr\/wp-json\/wp\/v2\/folder?post=1634"}],"curies":[{"name":"wp","href":"https:\/\/api.w.org\/{rel}","templated":true}]}}