{"id":1633,"date":"2025-07-22T14:20:55","date_gmt":"2025-07-22T14:20:55","guid":{"rendered":"https:\/\/golf-thaitour.com\/?page_id=1633"},"modified":"2025-09-03T08:52:31","modified_gmt":"2025-09-03T08:52:31","slug":"springfield-golf-course","status":"publish","type":"page","link":"https:\/\/golf-thaitour.com\/fr_fr\/springfield-golf-course\/","title":{"rendered":"SPRINGFIELD GOLF COURSE"},"content":{"rendered":"\t\t<div data-elementor-type=\"wp-page\" data-elementor-id=\"1633\" class=\"elementor elementor-1633\" data-elementor-post-type=\"page\">\n\t\t\t\t\t\t<section class=\"elementor-section elementor-top-section elementor-element elementor-element-1d419d61 elementor-section-height-min-height elementor-section-boxed elementor-section-height-default elementor-section-items-middle\" data-id=\"1d419d61\" data-element_type=\"section\" data-settings=\"{&quot;background_background&quot;:&quot;classic&quot;}\">\n\t\t\t\t\t\t\t<div class=\"elementor-background-overlay\"><\/div>\n\t\t\t\t\t\t\t<div class=\"elementor-container elementor-column-gap-no\">\n\t\t\t\t\t<div class=\"elementor-column elementor-col-100 elementor-top-column elementor-element elementor-element-3b43bab9\" data-id=\"3b43bab9\" data-element_type=\"column\">\n\t\t\t<div class=\"elementor-widget-wrap elementor-element-populated\">\n\t\t\t\t\t\t<div class=\"elementor-element elementor-element-50aa6f4 elementor-widget elementor-widget-heading\" data-id=\"50aa6f4\" data-element_type=\"widget\" data-widget_type=\"heading.default\">\n\t\t\t\t<div class=\"elementor-widget-container\">\n\t\t\t\t\t<h1 class=\"elementor-heading-title elementor-size-default\">SPRINGFIELD GOLF COURSE<\/h1>\t\t\t\t<\/div>\n\t\t\t\t<\/div>\n\t\t\t\t\t<\/div>\n\t\t<\/div>\n\t\t\t\t\t<\/div>\n\t\t<\/section>\n\t\t\t\t<section class=\"elementor-section elementor-top-section elementor-element elementor-element-c8c0f31 elementor-section-boxed elementor-section-height-default elementor-section-height-default\" data-id=\"c8c0f31\" data-element_type=\"section\">\n\t\t\t\t\t\t<div class=\"elementor-container elementor-column-gap-default\">\n\t\t\t\t\t<div class=\"elementor-column elementor-col-100 elementor-top-column elementor-element elementor-element-1066a3c7\" data-id=\"1066a3c7\" data-element_type=\"column\">\n\t\t\t<div class=\"elementor-widget-wrap elementor-element-populated\">\n\t\t\t\t\t\t<div class=\"elementor-element elementor-element-682ce33a elementor-widget elementor-widget-text-editor\" data-id=\"682ce33a\" data-element_type=\"widget\" data-widget_type=\"text-editor.default\">\n\t\t\t\t<div class=\"elementor-widget-container\">\n\t\t\t\t\t\t\t\t\t<p data-start=\"99\" data-end=\"333\">Le Springfield Royal Country Club, con\u00e7u par Jack Nicklaus et situ\u00e9 sur la route de contournement de Hua Hin, est l\u2019un des meilleurs parcours de la r\u00e9gion et constitue une excellente alternative \u00e0 Pineapple Valley et Black Mountain.<\/p><p data-start=\"335\" data-end=\"825\">Pens\u00e9 pour r\u00e9pondre aux exigences d\u2019un v\u00e9ritable parcours de championnat, Springfield offre n\u00e9anmoins un d\u00e9fi agr\u00e9able aux golfeurs de tous niveaux. Chaque trou propose cinq zones de d\u00e9part, mais seuls les professionnels devraient s\u2019aventurer sur les <em data-start=\"586\" data-end=\"602\">back Jack tees<\/em>. Les obstacles d\u2019eau sont fr\u00e9quents, et chaque trou poss\u00e8de son caract\u00e8re propre, demandant finesse et pr\u00e9cision. Le rough, compos\u00e9 de collines ondul\u00e9es et bord\u00e9 d\u2019une for\u00eat d\u2019arbres matures, ne pardonne pas les erreurs.<\/p><p data-start=\"827\" data-end=\"1254\">Fid\u00e8le \u00e0 la signature de Nicklaus, le parcours surprend souvent les joueurs imprudents, notamment ceux qui manquent un fade. Le retour, plus exigeant encore lorsque la fatigue se fait sentir, peut vite se transformer en pi\u00e8ge avec ses bunkers massifs et ses plans d\u2019eau positionn\u00e9s sur la droite des fairways. En revanche, les coups droits et pr\u00e9cis sont largement r\u00e9compens\u00e9s, car le trac\u00e9 n\u2019est pas exceptionnellement long.<\/p><p data-start=\"1256\" data-end=\"1742\">Le trou d\u2019ouverture est un par 4 de 350 m\u00e8tres, apparemment simple, mais dont le green bien prot\u00e9g\u00e9 exige une grande pr\u00e9cision. Le trou signature, le 18e, est un par 5 spectaculaire avec un green en forme d\u2019\u00eele. Atteignable en deux coups par les longs frappeurs t\u00e9m\u00e9raires, il incarne parfaitement le dilemme risque\/r\u00e9compense. Apr\u00e8s un drive r\u00e9ussi au-dessus des arbres du dog-leg gauche, le green devient accessible pour un deuxi\u00e8me coup\u2026 mais il est plus \u00e9loign\u00e9 qu\u2019il n\u2019y para\u00eet !<\/p><p data-start=\"1744\" data-end=\"2073\">En 2005, Springfield a enrichi son offre avec neuf trous suppl\u00e9mentaires (Course C), dessin\u00e9s par l\u2019architecte prim\u00e9 Lee Schmidt. Ce trac\u00e9, encore plus technique et exigeant que les 18 trous originaux de Nicklaus (Course A &amp; B), renforce la r\u00e9putation du club comme l\u2019un des parcours les plus complets et stimulants de Hua Hin.<\/p>\t\t\t\t\t\t\t\t<\/div>\n\t\t\t\t<\/div>\n\t\t\t\t<div class=\"elementor-element elementor-element-4748287 elementor-widget elementor-widget-heading\" data-id=\"4748287\" data-element_type=\"widget\" data-widget_type=\"heading.default\">\n\t\t\t\t<div class=\"elementor-widget-container\">\n\t\t\t\t\t<h2 class=\"elementor-heading-title elementor-size-default\">CLUB HOUSE AND FACILITIES<\/h2>\t\t\t\t<\/div>\n\t\t\t\t<\/div>\n\t\t\t\t<div class=\"elementor-element elementor-element-dd144cd elementor-widget elementor-widget-text-editor\" data-id=\"dd144cd\" data-element_type=\"widget\" data-widget_type=\"text-editor.default\">\n\t\t\t\t<div class=\"elementor-widget-container\">\n\t\t\t\t\t\t\t\t\t<p data-start=\"58\" data-end=\"433\">Le Springfield Royal offre bien plus qu\u2019un parcours de golf. Son clubhouse, \u00e0 l\u2019\u00e9poque consid\u00e9r\u00e9 comme de premi\u00e8re classe, reste l\u2019un de ses points forts. Situ\u00e9 en hauteur, il offre depuis son dernier \u00e9tage une vue imprenable qui laisse une impression m\u00e9morable. L\u2019int\u00e9rieur, principalement compos\u00e9 de marbre et de granit polis, \u00e9voque une opulence digne des grands palais.<\/p><p data-start=\"435\" data-end=\"624\">Les vestiaires sont corrects et fonctionnels. Enfin, la pr\u00e9sence de caddies exp\u00e9riment\u00e9s et parfaitement form\u00e9s contribue \u00e0 rendre l\u2019exp\u00e9rience de jeu au Springfield encore plus agr\u00e9able.<\/p>\t\t\t\t\t\t\t\t<\/div>\n\t\t\t\t<\/div>\n\t\t\t\t\t<\/div>\n\t\t<\/div>\n\t\t\t\t\t<\/div>\n\t\t<\/section>\n\t\t\t\t<section class=\"elementor-section elementor-top-section elementor-element elementor-element-4d8ff863 elementor-section-boxed elementor-section-height-default elementor-section-height-default\" data-id=\"4d8ff863\" data-element_type=\"section\" data-settings=\"{&quot;background_background&quot;:&quot;classic&quot;}\">\n\t\t\t\t\t\t\t<div class=\"elementor-background-overlay\"><\/div>\n\t\t\t\t\t\t\t<div class=\"elementor-container elementor-column-gap-default\">\n\t\t\t\t\t<div class=\"elementor-column elementor-col-100 elementor-top-column elementor-element elementor-element-23f9ff55\" data-id=\"23f9ff55\" data-element_type=\"column\" data-settings=\"{&quot;background_background&quot;:&quot;classic&quot;}\">\n\t\t\t<div class=\"elementor-widget-wrap elementor-element-populated\">\n\t\t\t\t\t\t<div class=\"elementor-element elementor-element-5daea622 elementor-pagination-position-outside elementor-widget elementor-widget-image-carousel\" data-id=\"5daea622\" data-element_type=\"widget\" data-settings=\"{&quot;slides_to_show&quot;:&quot;3&quot;,&quot;slides_to_scroll&quot;:&quot;1&quot;,&quot;navigation&quot;:&quot;dots&quot;,&quot;autoplay_speed&quot;:6000,&quot;image_spacing_custom&quot;:{&quot;unit&quot;:&quot;px&quot;,&quot;size&quot;:30,&quot;sizes&quot;:[]},&quot;autoplay&quot;:&quot;yes&quot;,&quot;pause_on_hover&quot;:&quot;yes&quot;,&quot;pause_on_interaction&quot;:&quot;yes&quot;,&quot;infinite&quot;:&quot;yes&quot;,&quot;speed&quot;:500,&quot;image_spacing_custom_tablet&quot;:{&quot;unit&quot;:&quot;px&quot;,&quot;size&quot;:&quot;&quot;,&quot;sizes&quot;:[]},&quot;image_spacing_custom_mobile&quot;:{&quot;unit&quot;:&quot;px&quot;,&quot;size&quot;:&quot;&quot;,&quot;sizes&quot;:[]}}\" data-widget_type=\"image-carousel.default\">\n\t\t\t\t<div class=\"elementor-widget-container\">\n\t\t\t\t\t\t\t<div class=\"elementor-image-carousel-wrapper swiper\" role=\"region\" aria-roledescription=\"carousel\" aria-label=\"Carrousel d\u2019images\" dir=\"ltr\">\n\t\t\t<div class=\"elementor-image-carousel swiper-wrapper swiper-image-stretch\" aria-live=\"off\">\n\t\t\t\t\t\t\t\t<div class=\"swiper-slide\" role=\"group\" aria-roledescription=\"slide\" aria-label=\"1 sur 10\"><figure class=\"swiper-slide-inner\"><img decoding=\"async\" class=\"swiper-slide-image\" src=\"https:\/\/golf-thaitour.com\/wp-content\/uploads\/elementor\/thumbs\/2711x600x550-rb62u07n0hrvl1thlw8r5z6a2lfygxzuuiprrc80hc.jpg\" alt=\"2711x600x550\" \/><\/figure><\/div><div class=\"swiper-slide\" role=\"group\" aria-roledescription=\"slide\" aria-label=\"2 sur 10\"><figure class=\"swiper-slide-inner\"><img decoding=\"async\" class=\"swiper-slide-image\" src=\"https:\/\/golf-thaitour.com\/wp-content\/uploads\/elementor\/thumbs\/2712x600x550-rb62u15h7bt5wns4gendqgxqnzbbon3l6nd98m6mb4.jpg\" alt=\"2712x600x550\" \/><\/figure><\/div><div class=\"swiper-slide\" role=\"group\" aria-roledescription=\"slide\" aria-label=\"3 sur 10\"><figure class=\"swiper-slide-inner\"><img decoding=\"async\" class=\"swiper-slide-image\" src=\"https:\/\/golf-thaitour.com\/wp-content\/uploads\/elementor\/thumbs\/2714x600x550-rb62u23be5ug89qrax20ayp79d6owc7bis0qpw584w.jpg\" alt=\"2714x600x550\" \/><\/figure><\/div><div class=\"swiper-slide\" role=\"group\" aria-roledescription=\"slide\" aria-label=\"4 sur 10\"><figure class=\"swiper-slide-inner\"><img decoding=\"async\" class=\"swiper-slide-image\" src=\"https:\/\/golf-thaitour.com\/wp-content\/uploads\/elementor\/thumbs\/2715x600x550-rb62u315kzvqjvpe5fgmvggnur2241b1uwo8763tyo.jpg\" alt=\"2715x600x550\" \/><\/figure><\/div><div class=\"swiper-slide\" role=\"group\" aria-roledescription=\"slide\" aria-label=\"5 sur 10\"><figure class=\"swiper-slide-inner\"><img decoding=\"async\" class=\"swiper-slide-image\" src=\"https:\/\/golf-thaitour.com\/wp-content\/uploads\/elementor\/thumbs\/20250502_094436-scaled-rb62u6sicc0vubjxjh355fii8ajiytpz7fa649y99s.jpg\" alt=\"20250502_094436\" \/><\/figure><\/div><div class=\"swiper-slide\" role=\"group\" aria-roledescription=\"slide\" aria-label=\"6 sur 10\"><figure class=\"swiper-slide-inner\"><img decoding=\"async\" class=\"swiper-slide-image\" src=\"https:\/\/golf-thaitour.com\/wp-content\/uploads\/elementor\/thumbs\/20250507_083709-scaled-rb62ucfjhc8lrzbqmjiwke39slrq90cd8772zxpw8g.jpg\" alt=\"20250507_083709\" \/><\/figure><\/div><div class=\"swiper-slide\" role=\"group\" aria-roledescription=\"slide\" aria-label=\"7 sur 10\"><figure class=\"swiper-slide-inner\"><img decoding=\"async\" class=\"swiper-slide-image\" src=\"https:\/\/golf-thaitour.com\/wp-content\/uploads\/elementor\/thumbs\/20250507_085152-scaled-rb62ui2kmcgbpn3jplynzco1cwzxj6yr8z3zvlhj74.jpg\" alt=\"20250507_085152\" \/><\/figure><\/div><div class=\"swiper-slide\" role=\"group\" aria-roledescription=\"slide\" aria-label=\"8 sur 10\"><figure class=\"swiper-slide-inner\"><img decoding=\"async\" class=\"swiper-slide-image\" src=\"https:\/\/golf-thaitour.com\/wp-content\/uploads\/elementor\/thumbs\/20250507_112638-scaled-rb62umrrkimrbowpy5zstthcbucrlohexmdf9zakc0.jpg\" alt=\"20250507_112638\" \/><\/figure><\/div><div class=\"swiper-slide\" role=\"group\" aria-roledescription=\"slide\" aria-label=\"9 sur 10\"><figure class=\"swiper-slide-inner\"><img decoding=\"async\" class=\"swiper-slide-image\" src=\"https:\/\/golf-thaitour.com\/wp-content\/uploads\/elementor\/thumbs\/Springfield4-rb62uqj4burwm4r9c7mb3sj6pdu8ggwca4zd734zn4.jpg\" alt=\"Springfield4\" \/><\/figure><\/div><div class=\"swiper-slide\" role=\"group\" aria-roledescription=\"slide\" aria-label=\"10 sur 10\"><figure class=\"swiper-slide-inner\"><img decoding=\"async\" class=\"swiper-slide-image\" src=\"https:\/\/golf-thaitour.com\/wp-content\/uploads\/elementor\/thumbs\/springfiled_2-rb62usespiuh9coj18fk8s23w5kyvv3syeac5n27ao.jpg\" alt=\"springfiled_2\" \/><\/figure><\/div>\t\t\t<\/div>\n\t\t\t\t\t\t\t\n\t\t\t\t\t\t\t\t\t<div class=\"swiper-pagination\"><\/div>\n\t\t\t\t\t\t\t\t\t<\/div>\n\t\t\t\t\t\t<\/div>\n\t\t\t\t<\/div>\n\t\t\t\t<div class=\"elementor-element elementor-element-9486317 elementor-widget elementor-widget-image\" data-id=\"9486317\" data-element_type=\"widget\" data-widget_type=\"image.default\">\n\t\t\t\t<div class=\"elementor-widget-container\">\n\t\t\t\t\t\t\t\t\t\t\t\t\t\t\t<img fetchpriority=\"high\" decoding=\"async\" width=\"322\" height=\"250\" src=\"https:\/\/golf-thaitour.com\/wp-content\/uploads\/2025\/07\/springfield-golf-course-logo-web.jpg\" class=\"attachment-large size-large wp-image-2028\" alt=\"\" srcset=\"https:\/\/golf-thaitour.com\/wp-content\/uploads\/2025\/07\/springfield-golf-course-logo-web.jpg 322w, https:\/\/golf-thaitour.com\/wp-content\/uploads\/2025\/07\/springfield-golf-course-logo-web-300x233.jpg 300w\" sizes=\"(max-width: 322px) 100vw, 322px\" \/>\t\t\t\t\t\t\t\t\t\t\t\t\t\t\t<\/div>\n\t\t\t\t<\/div>\n\t\t\t\t<div class=\"elementor-element elementor-element-3a734d87 elementor-widget elementor-widget-spacer\" data-id=\"3a734d87\" data-element_type=\"widget\" data-widget_type=\"spacer.default\">\n\t\t\t\t<div class=\"elementor-widget-container\">\n\t\t\t\t\t\t\t<div class=\"elementor-spacer\">\n\t\t\t<div class=\"elementor-spacer-inner\"><\/div>\n\t\t<\/div>\n\t\t\t\t\t\t<\/div>\n\t\t\t\t<\/div>\n\t\t\t\t\t<\/div>\n\t\t<\/div>\n\t\t\t\t\t<\/div>\n\t\t<\/section>\n\t\t\t\t<\/div>\n\t\t","protected":false},"excerpt":{"rendered":"<p>SPRINGFIELD GOLF COURSE Le Springfield Royal Country Club, con\u00e7u par Jack Nicklaus et situ\u00e9 sur la route de contournement de Hua Hin, est l\u2019un des meilleurs parcours de la r\u00e9gion et constitue une excellente alternative \u00e0 Pineapple Valley et Black Mountain. Pens\u00e9 pour r\u00e9pondre aux exigences d\u2019un v\u00e9ritable parcours de championnat, Springfield offre n\u00e9anmoins un [&hellip;]<\/p>\n","protected":false},"author":1,"featured_media":0,"parent":0,"menu_order":0,"comment_status":"closed","ping_status":"closed","template":"elementor_header_footer","meta":{"footnotes":""},"folder":[21],"class_list":["post-1633","page","type-page","status-publish","hentry"],"_links":{"self":[{"href":"https:\/\/golf-thaitour.com\/fr_fr\/wp-json\/wp\/v2\/pages\/1633","targetHints":{"allow":["GET"]}}],"collection":[{"href":"https:\/\/golf-thaitour.com\/fr_fr\/wp-json\/wp\/v2\/pages"}],"about":[{"href":"https:\/\/golf-thaitour.com\/fr_fr\/wp-json\/wp\/v2\/types\/page"}],"author":[{"embeddable":true,"href":"https:\/\/golf-thaitour.com\/fr_fr\/wp-json\/wp\/v2\/users\/1"}],"replies":[{"embeddable":true,"href":"https:\/\/golf-thaitour.com\/fr_fr\/wp-json\/wp\/v2\/comments?post=1633"}],"version-history":[{"count":23,"href":"https:\/\/golf-thaitour.com\/fr_fr\/wp-json\/wp\/v2\/pages\/1633\/revisions"}],"predecessor-version":[{"id":5511,"href":"https:\/\/golf-thaitour.com\/fr_fr\/wp-json\/wp\/v2\/pages\/1633\/revisions\/5511"}],"wp:attachment":[{"href":"https:\/\/golf-thaitour.com\/fr_fr\/wp-json\/wp\/v2\/media?parent=1633"}],"wp:term":[{"taxonomy":"folder","embeddable":true,"href":"https:\/\/golf-thaitour.com\/fr_fr\/wp-json\/wp\/v2\/folder?post=1633"}],"curies":[{"name":"wp","href":"https:\/\/api.w.org\/{rel}","templated":true}]}}