{"id":1561,"date":"2025-07-22T11:51:15","date_gmt":"2025-07-22T11:51:15","guid":{"rendered":"https:\/\/golf-thaitour.com\/?page_id=1561"},"modified":"2025-09-04T13:28:51","modified_gmt":"2025-09-04T13:28:51","slug":"palm-hills-golf-course-thailande","status":"publish","type":"page","link":"https:\/\/golf-thaitour.com\/fr_fr\/palm-hills-golf-course-thailande\/","title":{"rendered":"Palm Hills Golf Course"},"content":{"rendered":"\t\t<div data-elementor-type=\"wp-page\" data-elementor-id=\"1561\" class=\"elementor elementor-1561\" data-elementor-post-type=\"page\">\n\t\t\t\t\t\t<section class=\"elementor-section elementor-top-section elementor-element elementor-element-179d6894 elementor-section-height-min-height elementor-section-boxed elementor-section-height-default elementor-section-items-middle\" data-id=\"179d6894\" data-element_type=\"section\" data-settings=\"{&quot;background_background&quot;:&quot;classic&quot;}\">\n\t\t\t\t\t\t\t<div class=\"elementor-background-overlay\"><\/div>\n\t\t\t\t\t\t\t<div class=\"elementor-container elementor-column-gap-no\">\n\t\t\t\t\t<div class=\"elementor-column elementor-col-100 elementor-top-column elementor-element elementor-element-447002f1\" data-id=\"447002f1\" data-element_type=\"column\">\n\t\t\t<div class=\"elementor-widget-wrap elementor-element-populated\">\n\t\t\t\t\t\t<div class=\"elementor-element elementor-element-40903091 elementor-widget elementor-widget-heading\" data-id=\"40903091\" data-element_type=\"widget\" data-widget_type=\"heading.default\">\n\t\t\t\t<div class=\"elementor-widget-container\">\n\t\t\t\t\t<h1 class=\"elementor-heading-title elementor-size-default\">PALM HILLS GOLF COURSE<\/h1>\t\t\t\t<\/div>\n\t\t\t\t<\/div>\n\t\t\t\t\t<\/div>\n\t\t<\/div>\n\t\t\t\t\t<\/div>\n\t\t<\/section>\n\t\t\t\t<section class=\"elementor-section elementor-top-section elementor-element elementor-element-1aac0dd elementor-section-boxed elementor-section-height-default elementor-section-height-default\" data-id=\"1aac0dd\" data-element_type=\"section\">\n\t\t\t\t\t\t<div class=\"elementor-container elementor-column-gap-default\">\n\t\t\t\t\t<div class=\"elementor-column elementor-col-100 elementor-top-column elementor-element elementor-element-4cb703fb\" data-id=\"4cb703fb\" data-element_type=\"column\">\n\t\t\t<div class=\"elementor-widget-wrap elementor-element-populated\">\n\t\t\t\t\t\t<div class=\"elementor-element elementor-element-1173883 elementor-widget elementor-widget-text-editor\" data-id=\"1173883\" data-element_type=\"widget\" data-widget_type=\"text-editor.default\">\n\t\t\t\t<div class=\"elementor-widget-container\">\n\t\t\t\t\t\t\t\t\t<p data-start=\"127\" data-end=\"426\">Le Palm Hills Golf Club est situ\u00e9 \u00e0 proximit\u00e9 du centre et de l\u2019a\u00e9roport de Hua Hin, dans les contreforts montagneux. Il s\u2019agit du premier parcours de golf de Hua Hin aux normes internationales, inaugur\u00e9 en 1992. L\u2019ann\u00e9e suivante, Palm Hills a accueilli le tournoi inaugural Thailand World Pro-Am.<\/p><p data-start=\"428\" data-end=\"806\">Le parcours s\u2019\u00e9tend sur une longue bande de terrain vallonn\u00e9, lui donnant un aspect de type <em data-start=\"520\" data-end=\"527\">links<\/em> \u00e9cossais, ce qui le distingue des autres parcours de la r\u00e9gion. Con\u00e7u par l\u2019architecte Max Wexler, il s\u2019oriente d\u2019est en ouest, avec des lacs aux deux extr\u00e9mit\u00e9s, s\u00e9par\u00e9s par le clubhouse et un spectaculaire affleurement rocheux prolongement naturel de la cha\u00eene de montagnes.<\/p><p data-start=\"808\" data-end=\"1176\">Le Palm Hills Golf Club doit son nom aux centaines de palmiers qui bordent le parcours, ainsi qu\u2019\u00e0 ses nombreux emplacements \u00e0 flanc de colline. Des milliers de frangipaniers et de bougainvilliers aux couleurs \u00e9clatantes renforcent encore son charme tropical. Le <em data-start=\"1071\" data-end=\"1082\">back nine<\/em>, situ\u00e9 sur les hauteurs, offre une vue imprenable sur le golfe de Tha\u00eflande et sur Hua Hin.<\/p><p data-start=\"1178\" data-end=\"1633\">Parmi les plus populaires de la r\u00e9gion, Palm Hills s\u00e9duit par ses fairways bermudiens g\u00e9n\u00e9reux et larges, accessibles aux golfeurs de tous niveaux. Toutefois, les bunkers et obstacles d\u2019eau savamment positionn\u00e9s, associ\u00e9s aux greens Tiff Eagle r\u00e9put\u00e9s pour leur extr\u00eame rapidit\u00e9, rendent la t\u00e2che complexe et les bons scores difficiles \u00e0 atteindre. Ces greens comptent d\u2019ailleurs parmi les plus rapides de Hua Hin, surtout lorsque le grain est prononc\u00e9.<\/p><p data-start=\"1635\" data-end=\"1933\">Les trous 10 \u00e0 14 figurent parmi les plus remarquables du parcours, exigeant une pr\u00e9cision millim\u00e9tr\u00e9e dans le placement des coups. Le trou embl\u00e9matique est le 11, un long par 3 en mont\u00e9e face \u00e0 la brise marine, qui demande au minimum un club suppl\u00e9mentaire pour atteindre le green en r\u00e9gulation.<\/p><p data-start=\"1935\" data-end=\"2252\">Le trou 14, un par 4 de 293 m\u00e8tres, bien que court, constitue l\u2019un des d\u00e9fis les plus excitants de Palm Hills. Il s\u2019agit d\u2019un dog-leg gauche, avec de l\u2019eau en bordure int\u00e9rieure et partiellement sur le fairway. Le choix du club au d\u00e9part est crucial : un drive r\u00e9ussi ouvre la voie \u00e0 un par assur\u00e9, voire un birdie.<\/p><p data-start=\"2254\" data-end=\"2496\">L\u2019\u00e9tat g\u00e9n\u00e9ral du parcours est irr\u00e9prochable. Le soin apport\u00e9 aux am\u00e9nagements paysagers se retrouve tout au long du trac\u00e9 et, \u00e0 certaines p\u00e9riodes de l\u2019ann\u00e9e, le parcours est envelopp\u00e9 par le parfum exotique des fleurs en pleine floraison.<\/p>\t\t\t\t\t\t\t\t<\/div>\n\t\t\t\t<\/div>\n\t\t\t\t<div class=\"elementor-element elementor-element-dfb38df elementor-widget elementor-widget-heading\" data-id=\"dfb38df\" data-element_type=\"widget\" data-widget_type=\"heading.default\">\n\t\t\t\t<div class=\"elementor-widget-container\">\n\t\t\t\t\t<h2 class=\"elementor-heading-title elementor-size-default\">CLUB HOUSE AND FACILITIES<\/h2>\t\t\t\t<\/div>\n\t\t\t\t<\/div>\n\t\t\t\t<div class=\"elementor-element elementor-element-42a7744 elementor-widget elementor-widget-text-editor\" data-id=\"42a7744\" data-element_type=\"widget\" data-widget_type=\"text-editor.default\">\n\t\t\t\t<div class=\"elementor-widget-container\">\n\t\t\t\t\t\t\t\t\t<p data-start=\"92\" data-end=\"351\">Les installations, comprenant les vestiaires, les aires d\u2019entra\u00eenement et le clubhouse, sont correctes mais gagneraient \u00e0 \u00eatre modernis\u00e9es. Comme dans de nombreux clubs de golf tha\u00eflandais, le restaurant propose une cuisine savoureuse \u00e0 des prix abordables.<\/p>\t\t\t\t\t\t\t\t<\/div>\n\t\t\t\t<\/div>\n\t\t\t\t\t<\/div>\n\t\t<\/div>\n\t\t\t\t\t<\/div>\n\t\t<\/section>\n\t\t\t\t<section class=\"elementor-section elementor-top-section elementor-element elementor-element-5915191d elementor-section-boxed elementor-section-height-default elementor-section-height-default\" data-id=\"5915191d\" data-element_type=\"section\" data-settings=\"{&quot;background_background&quot;:&quot;classic&quot;}\">\n\t\t\t\t\t\t\t<div class=\"elementor-background-overlay\"><\/div>\n\t\t\t\t\t\t\t<div class=\"elementor-container elementor-column-gap-default\">\n\t\t\t\t\t<div class=\"elementor-column elementor-col-100 elementor-top-column elementor-element elementor-element-2bae0762\" data-id=\"2bae0762\" data-element_type=\"column\" data-settings=\"{&quot;background_background&quot;:&quot;classic&quot;}\">\n\t\t\t<div class=\"elementor-widget-wrap elementor-element-populated\">\n\t\t\t\t\t\t<div class=\"elementor-element elementor-element-2a3a0f19 elementor-pagination-position-outside elementor-widget elementor-widget-image-carousel\" data-id=\"2a3a0f19\" data-element_type=\"widget\" data-settings=\"{&quot;slides_to_show&quot;:&quot;3&quot;,&quot;slides_to_scroll&quot;:&quot;1&quot;,&quot;navigation&quot;:&quot;dots&quot;,&quot;autoplay_speed&quot;:6000,&quot;image_spacing_custom&quot;:{&quot;unit&quot;:&quot;px&quot;,&quot;size&quot;:30,&quot;sizes&quot;:[]},&quot;autoplay&quot;:&quot;yes&quot;,&quot;pause_on_hover&quot;:&quot;yes&quot;,&quot;pause_on_interaction&quot;:&quot;yes&quot;,&quot;infinite&quot;:&quot;yes&quot;,&quot;speed&quot;:500,&quot;image_spacing_custom_tablet&quot;:{&quot;unit&quot;:&quot;px&quot;,&quot;size&quot;:&quot;&quot;,&quot;sizes&quot;:[]},&quot;image_spacing_custom_mobile&quot;:{&quot;unit&quot;:&quot;px&quot;,&quot;size&quot;:&quot;&quot;,&quot;sizes&quot;:[]}}\" data-widget_type=\"image-carousel.default\">\n\t\t\t\t<div class=\"elementor-widget-container\">\n\t\t\t\t\t\t\t<div class=\"elementor-image-carousel-wrapper swiper\" role=\"region\" aria-roledescription=\"carousel\" aria-label=\"Carrousel d\u2019images\" dir=\"ltr\">\n\t\t\t<div class=\"elementor-image-carousel swiper-wrapper swiper-image-stretch\" aria-live=\"off\">\n\t\t\t\t\t\t\t\t<div class=\"swiper-slide\" role=\"group\" aria-roledescription=\"slide\" aria-label=\"1 sur 7\"><figure class=\"swiper-slide-inner\"><img decoding=\"async\" class=\"swiper-slide-image\" src=\"https:\/\/golf-thaitour.com\/wp-content\/uploads\/elementor\/thumbs\/20250505_135539-scaled-rb61wpreyq7ae86b007fcvlkobiyuuu39qxovjkyuo.jpg\" alt=\"20250505_135539\" \/><\/figure><\/div><div class=\"swiper-slide\" role=\"group\" aria-roledescription=\"slide\" aria-label=\"2 sur 7\"><figure class=\"swiper-slide-inner\"><img decoding=\"async\" class=\"swiper-slide-image\" src=\"https:\/\/golf-thaitour.com\/wp-content\/uploads\/elementor\/thumbs\/20250505_133938-scaled-rb61wwcaakganhwqxl1tcbxsu0mjcqk7mni38hb7n4.jpg\" alt=\"20250505_133938\" \/><\/figure><\/div><div class=\"swiper-slide\" role=\"group\" aria-roledescription=\"slide\" aria-label=\"3 sur 7\"><figure class=\"swiper-slide-inner\"><img decoding=\"async\" class=\"swiper-slide-image\" src=\"https:\/\/golf-thaitour.com\/wp-content\/uploads\/elementor\/thumbs\/20250505_131722-scaled-rb61x11h8qmq9jpx652y6sr3sxzdf82vbarimv48s0.jpg\" alt=\"20250505_131722\" \/><\/figure><\/div><div class=\"swiper-slide\" role=\"group\" aria-roledescription=\"slide\" aria-label=\"4 sur 7\"><figure class=\"swiper-slide-inner\"><img decoding=\"async\" class=\"swiper-slide-image\" src=\"https:\/\/golf-thaitour.com\/wp-content\/uploads\/elementor\/thumbs\/20250505_120845-scaled-rb61x5qo6wt5vlj3ep4319kervc7hplizy0y18x9ww.jpg\" alt=\"20250505_120845\" \/><\/figure><\/div><div class=\"swiper-slide\" role=\"group\" aria-roledescription=\"slide\" aria-label=\"5 sur 7\"><figure class=\"swiper-slide-inner\"><img decoding=\"async\" class=\"swiper-slide-image\" src=\"https:\/\/golf-thaitour.com\/wp-content\/uploads\/elementor\/thumbs\/20250505_120833-scaled-rb61xafv52zlhnc9n957vqdpqsp1k746oladfmqb1s.jpg\" alt=\"20250505_120833\" \/><\/figure><\/div><div class=\"swiper-slide\" role=\"group\" aria-roledescription=\"slide\" aria-label=\"6 sur 7\"><figure class=\"swiper-slide-inner\"><img decoding=\"async\" class=\"swiper-slide-image\" src=\"https:\/\/golf-thaitour.com\/wp-content\/uploads\/elementor\/thumbs\/20250505_120252-scaled-rb61xh0qgx8lqx2pktzlv6pxwhsm22ub1hurskgju8.jpg\" alt=\"20250505_120252\" \/><\/figure><\/div><div class=\"swiper-slide\" role=\"group\" aria-roledescription=\"slide\" aria-label=\"7 sur 7\"><figure class=\"swiper-slide-inner\"><img decoding=\"async\" class=\"swiper-slide-image\" src=\"https:\/\/golf-thaitour.com\/wp-content\/uploads\/elementor\/thumbs\/20250426_105659-scaled-rb61xpha6fk6neqf7fn8zml38ymwzcrw2nq54240a8.jpg\" alt=\"20250426_105659\" \/><\/figure><\/div>\t\t\t<\/div>\n\t\t\t\t\t\t\t\n\t\t\t\t\t\t\t\t\t<div class=\"swiper-pagination\"><\/div>\n\t\t\t\t\t\t\t\t\t<\/div>\n\t\t\t\t\t\t<\/div>\n\t\t\t\t<\/div>\n\t\t\t\t<div class=\"elementor-element elementor-element-9a20e66 elementor-widget elementor-widget-image\" data-id=\"9a20e66\" data-element_type=\"widget\" data-widget_type=\"image.default\">\n\t\t\t\t<div class=\"elementor-widget-container\">\n\t\t\t\t\t\t\t\t\t\t\t\t\t\t\t<img fetchpriority=\"high\" decoding=\"async\" width=\"225\" height=\"224\" src=\"https:\/\/golf-thaitour.com\/wp-content\/uploads\/2025\/07\/images-1.png\" class=\"attachment-large size-large wp-image-1880\" alt=\"\" srcset=\"https:\/\/golf-thaitour.com\/wp-content\/uploads\/2025\/07\/images-1.png 225w, https:\/\/golf-thaitour.com\/wp-content\/uploads\/2025\/07\/images-1-150x150.png 150w\" sizes=\"(max-width: 225px) 100vw, 225px\" \/>\t\t\t\t\t\t\t\t\t\t\t\t\t\t\t<\/div>\n\t\t\t\t<\/div>\n\t\t\t\t<div class=\"elementor-element elementor-element-2256967c elementor-widget elementor-widget-spacer\" data-id=\"2256967c\" data-element_type=\"widget\" data-widget_type=\"spacer.default\">\n\t\t\t\t<div class=\"elementor-widget-container\">\n\t\t\t\t\t\t\t<div class=\"elementor-spacer\">\n\t\t\t<div class=\"elementor-spacer-inner\"><\/div>\n\t\t<\/div>\n\t\t\t\t\t\t<\/div>\n\t\t\t\t<\/div>\n\t\t\t\t\t<\/div>\n\t\t<\/div>\n\t\t\t\t\t<\/div>\n\t\t<\/section>\n\t\t\t\t<\/div>\n\t\t","protected":false},"excerpt":{"rendered":"<p>PALM HILLS GOLF COURSE Le Palm Hills Golf Club est situ\u00e9 \u00e0 proximit\u00e9 du centre et de l\u2019a\u00e9roport de Hua Hin, dans les contreforts montagneux. Il s\u2019agit du premier parcours de golf de Hua Hin aux normes internationales, inaugur\u00e9 en 1992. L\u2019ann\u00e9e suivante, Palm Hills a accueilli le tournoi inaugural Thailand World Pro-Am. Le parcours [&hellip;]<\/p>\n","protected":false},"author":1,"featured_media":0,"parent":0,"menu_order":0,"comment_status":"closed","ping_status":"closed","template":"elementor_header_footer","meta":{"footnotes":""},"folder":[21],"class_list":["post-1561","page","type-page","status-publish","hentry"],"_links":{"self":[{"href":"https:\/\/golf-thaitour.com\/fr_fr\/wp-json\/wp\/v2\/pages\/1561","targetHints":{"allow":["GET"]}}],"collection":[{"href":"https:\/\/golf-thaitour.com\/fr_fr\/wp-json\/wp\/v2\/pages"}],"about":[{"href":"https:\/\/golf-thaitour.com\/fr_fr\/wp-json\/wp\/v2\/types\/page"}],"author":[{"embeddable":true,"href":"https:\/\/golf-thaitour.com\/fr_fr\/wp-json\/wp\/v2\/users\/1"}],"replies":[{"embeddable":true,"href":"https:\/\/golf-thaitour.com\/fr_fr\/wp-json\/wp\/v2\/comments?post=1561"}],"version-history":[{"count":27,"href":"https:\/\/golf-thaitour.com\/fr_fr\/wp-json\/wp\/v2\/pages\/1561\/revisions"}],"predecessor-version":[{"id":5649,"href":"https:\/\/golf-thaitour.com\/fr_fr\/wp-json\/wp\/v2\/pages\/1561\/revisions\/5649"}],"wp:attachment":[{"href":"https:\/\/golf-thaitour.com\/fr_fr\/wp-json\/wp\/v2\/media?parent=1561"}],"wp:term":[{"taxonomy":"folder","embeddable":true,"href":"https:\/\/golf-thaitour.com\/fr_fr\/wp-json\/wp\/v2\/folder?post=1561"}],"curies":[{"name":"wp","href":"https:\/\/api.w.org\/{rel}","templated":true}]}}